{"id":10141,"date":"2025-11-12T10:31:33","date_gmt":"2025-11-12T09:31:33","guid":{"rendered":"https:\/\/szkola.miedzyborow.pl\/podstawowa\/?page_id=10141"},"modified":"2026-02-16T16:43:38","modified_gmt":"2026-02-16T15:43:38","slug":"cyberspot","status":"publish","type":"page","link":"https:\/\/szkola.miedzyborow.pl\/podstawowa\/cyberspot\/","title":{"rendered":"Cyberspot"},"content":{"rendered":"\n<figure class=\"wp-block-video\"><video controls src=\"https:\/\/szkola.miedzyborow.pl\/podstawowa\/wp-content\/uploads\/2026\/02\/puzzle-CYBERspot.mp4\"><\/video><\/figure>\n\n\n\n<figure class=\"is-layout-flex wp-block-gallery-1 wp-block-gallery has-nested-images columns-default is-cropped\">\n<figure class=\"wp-block-image size-large\"><img fetchpriority=\"high\" decoding=\"async\" width=\"1024\" height=\"768\" data-id=\"10466\"  src=\"https:\/\/szkola.miedzyborow.pl\/podstawowa\/wp-content\/uploads\/2026\/01\/20251217_130336-1024x768.jpg\" alt=\"\" class=\"wp-image-10466\" srcset=\"https:\/\/szkola.miedzyborow.pl\/podstawowa\/wp-content\/uploads\/2026\/01\/20251217_130336-1024x768.jpg 1024w, https:\/\/szkola.miedzyborow.pl\/podstawowa\/wp-content\/uploads\/2026\/01\/20251217_130336-300x225.jpg 300w, https:\/\/szkola.miedzyborow.pl\/podstawowa\/wp-content\/uploads\/2026\/01\/20251217_130336-768x576.jpg 768w, https:\/\/szkola.miedzyborow.pl\/podstawowa\/wp-content\/uploads\/2026\/01\/20251217_130336-1536x1152.jpg 1536w, https:\/\/szkola.miedzyborow.pl\/podstawowa\/wp-content\/uploads\/2026\/01\/20251217_130336-2048x1536.jpg 2048w, https:\/\/szkola.miedzyborow.pl\/podstawowa\/wp-content\/uploads\/2026\/01\/20251217_130336-1707x1280.jpg 1707w, https:\/\/szkola.miedzyborow.pl\/podstawowa\/wp-content\/uploads\/2026\/01\/20251217_130336-100x75.jpg 100w\" sizes=\"(max-width: 1024px) 100vw, 1024px\" \/><\/figure>\n<\/figure>\n\n\n<p><strong>Nasz szkolny CYBERspot otrzyma\u0142 wyr\u00f3\u017cnienie.<\/strong><\/p>\n<p>Naukowa i Akademicka Sie\u0107 Komputerowa \u2013 Pa\u0144stwowy Instytut Badawczy (NASK-PIB), organizator projektu CYBERspot, wyr\u00f3\u017cni\u0142 nasz zesp\u00f3\u0142 ds. cyfrowych w inicjatywie \u201eCYBERspot miesi\u0105ca\u201d. Znale\u017ali\u015bmy si\u0119 w gronie sze\u015bciu szk\u00f3\u0142 w Polsce, kt\u00f3rych dzia\u0142ania zosta\u0142y docenione. To dla nas du\u017ca motywacja do dalszych dzia\u0142a\u0144 na rzecz bezpiecze\u0144stwa w sieci.<\/p>\n<p>Szczeg\u00f3\u0142y wyr\u00f3\u017cnienia dost\u0119pne s\u0105 na profilu <strong>Polskie Centrum Safer Internet<\/strong>: <a href=\"https:\/\/www.facebook.com\/bezpiecznyinternet\">https:\/\/www.facebook.com\/bezpiecznyinternet<\/a> (post z dnia 27.01.2026).<\/p>\n\n<a href=\"https:\/\/szkola.miedzyborow.pl\/podstawowa\/wp-content\/uploads\/2025\/11\/CyberSpot.pdf\" class=\"pdfemb-viewer\" style=\"\" data-width=\"max\" data-height=\"max\" data-toolbar=\"bottom\" data-toolbar-fixed=\"off\">CyberSpot<\/a>\n\n\n<figure class=\"is-layout-flex wp-block-gallery-3 wp-block-gallery has-nested-images columns-default is-cropped\">\n<figure class=\"wp-block-image size-large\"><img decoding=\"async\" width=\"1024\" height=\"574\" data-id=\"10145\"  src=\"https:\/\/szkola.miedzyborow.pl\/podstawowa\/wp-content\/uploads\/2025\/11\/IMG_9044.jpg\" alt=\"\" class=\"wp-image-10145\" srcset=\"https:\/\/szkola.miedzyborow.pl\/podstawowa\/wp-content\/uploads\/2025\/11\/IMG_9044.jpg 1024w, https:\/\/szkola.miedzyborow.pl\/podstawowa\/wp-content\/uploads\/2025\/11\/IMG_9044-300x168.jpg 300w, https:\/\/szkola.miedzyborow.pl\/podstawowa\/wp-content\/uploads\/2025\/11\/IMG_9044-768x431.jpg 768w\" sizes=\"(max-width: 1024px) 100vw, 1024px\" \/><\/figure>\n<\/figure>\n\n\n\n<figure class=\"is-layout-flex wp-block-gallery-5 wp-block-gallery has-nested-images columns-default is-cropped\">\n<figure class=\"wp-block-image size-large\"><img decoding=\"async\" width=\"1024\" height=\"574\" data-id=\"10144\"  src=\"https:\/\/szkola.miedzyborow.pl\/podstawowa\/wp-content\/uploads\/2025\/11\/IMG_9111.jpg\" alt=\"\" class=\"wp-image-10144\" srcset=\"https:\/\/szkola.miedzyborow.pl\/podstawowa\/wp-content\/uploads\/2025\/11\/IMG_9111.jpg 1024w, https:\/\/szkola.miedzyborow.pl\/podstawowa\/wp-content\/uploads\/2025\/11\/IMG_9111-300x168.jpg 300w, https:\/\/szkola.miedzyborow.pl\/podstawowa\/wp-content\/uploads\/2025\/11\/IMG_9111-768x431.jpg 768w\" sizes=\"(max-width: 1024px) 100vw, 1024px\" \/><\/figure>\n\n\n\n<figure class=\"wp-block-image size-large\"><img loading=\"lazy\" decoding=\"async\" width=\"768\" height=\"1024\" data-id=\"10154\"  src=\"https:\/\/szkola.miedzyborow.pl\/podstawowa\/wp-content\/uploads\/2025\/11\/20251029_074856.png\" alt=\"\" class=\"wp-image-10154\" srcset=\"https:\/\/szkola.miedzyborow.pl\/podstawowa\/wp-content\/uploads\/2025\/11\/20251029_074856.png 768w, https:\/\/szkola.miedzyborow.pl\/podstawowa\/wp-content\/uploads\/2025\/11\/20251029_074856-225x300.png 225w\" sizes=\"(max-width: 768px) 100vw, 768px\" \/><\/figure>\n\n\n\n<figure class=\"wp-block-image size-large\"><img loading=\"lazy\" decoding=\"async\" width=\"1024\" height=\"574\" data-id=\"10147\"  src=\"https:\/\/szkola.miedzyborow.pl\/podstawowa\/wp-content\/uploads\/2025\/11\/IMG_9077.jpg\" alt=\"\" class=\"wp-image-10147\" srcset=\"https:\/\/szkola.miedzyborow.pl\/podstawowa\/wp-content\/uploads\/2025\/11\/IMG_9077.jpg 1024w, https:\/\/szkola.miedzyborow.pl\/podstawowa\/wp-content\/uploads\/2025\/11\/IMG_9077-300x168.jpg 300w, https:\/\/szkola.miedzyborow.pl\/podstawowa\/wp-content\/uploads\/2025\/11\/IMG_9077-768x431.jpg 768w\" sizes=\"(max-width: 1024px) 100vw, 1024px\" \/><\/figure>\n\n\n\n<figure class=\"wp-block-image size-large\"><img loading=\"lazy\" decoding=\"async\" width=\"1024\" height=\"574\" data-id=\"10148\"  src=\"https:\/\/szkola.miedzyborow.pl\/podstawowa\/wp-content\/uploads\/2025\/11\/IMG_9102.jpg\" alt=\"\" class=\"wp-image-10148\" srcset=\"https:\/\/szkola.miedzyborow.pl\/podstawowa\/wp-content\/uploads\/2025\/11\/IMG_9102.jpg 1024w, https:\/\/szkola.miedzyborow.pl\/podstawowa\/wp-content\/uploads\/2025\/11\/IMG_9102-300x168.jpg 300w, https:\/\/szkola.miedzyborow.pl\/podstawowa\/wp-content\/uploads\/2025\/11\/IMG_9102-768x431.jpg 768w\" sizes=\"(max-width: 1024px) 100vw, 1024px\" \/><\/figure>\n\n\n\n<figure class=\"wp-block-image size-large\"><img loading=\"lazy\" decoding=\"async\" width=\"1024\" height=\"574\" data-id=\"10146\"  src=\"https:\/\/szkola.miedzyborow.pl\/podstawowa\/wp-content\/uploads\/2025\/11\/IMG_91111.jpg\" alt=\"\" class=\"wp-image-10146\" srcset=\"https:\/\/szkola.miedzyborow.pl\/podstawowa\/wp-content\/uploads\/2025\/11\/IMG_91111.jpg 1024w, https:\/\/szkola.miedzyborow.pl\/podstawowa\/wp-content\/uploads\/2025\/11\/IMG_91111-300x168.jpg 300w, https:\/\/szkola.miedzyborow.pl\/podstawowa\/wp-content\/uploads\/2025\/11\/IMG_91111-768x431.jpg 768w\" sizes=\"(max-width: 1024px) 100vw, 1024px\" \/><\/figure>\n\n\n\n<figure class=\"wp-block-image size-large\"><img loading=\"lazy\" decoding=\"async\" width=\"1024\" height=\"574\" data-id=\"10149\"  src=\"https:\/\/szkola.miedzyborow.pl\/podstawowa\/wp-content\/uploads\/2025\/11\/IMG_9144.jpg\" alt=\"\" class=\"wp-image-10149\" srcset=\"https:\/\/szkola.miedzyborow.pl\/podstawowa\/wp-content\/uploads\/2025\/11\/IMG_9144.jpg 1024w, https:\/\/szkola.miedzyborow.pl\/podstawowa\/wp-content\/uploads\/2025\/11\/IMG_9144-300x168.jpg 300w, https:\/\/szkola.miedzyborow.pl\/podstawowa\/wp-content\/uploads\/2025\/11\/IMG_9144-768x431.jpg 768w\" sizes=\"(max-width: 1024px) 100vw, 1024px\" \/><\/figure>\n\n\n\n<figure class=\"wp-block-image size-large\"><img loading=\"lazy\" decoding=\"async\" width=\"1024\" height=\"574\" data-id=\"10150\"  src=\"https:\/\/szkola.miedzyborow.pl\/podstawowa\/wp-content\/uploads\/2025\/11\/IMG_9145.jpg\" alt=\"\" class=\"wp-image-10150\" srcset=\"https:\/\/szkola.miedzyborow.pl\/podstawowa\/wp-content\/uploads\/2025\/11\/IMG_9145.jpg 1024w, https:\/\/szkola.miedzyborow.pl\/podstawowa\/wp-content\/uploads\/2025\/11\/IMG_9145-300x168.jpg 300w, https:\/\/szkola.miedzyborow.pl\/podstawowa\/wp-content\/uploads\/2025\/11\/IMG_9145-768x431.jpg 768w\" sizes=\"(max-width: 1024px) 100vw, 1024px\" \/><\/figure>\n\n\n\n<figure class=\"wp-block-image size-large\"><img loading=\"lazy\" decoding=\"async\" width=\"1024\" height=\"574\" data-id=\"10153\"  src=\"https:\/\/szkola.miedzyborow.pl\/podstawowa\/wp-content\/uploads\/2025\/11\/IMG_9296.jpg\" alt=\"\" class=\"wp-image-10153\" srcset=\"https:\/\/szkola.miedzyborow.pl\/podstawowa\/wp-content\/uploads\/2025\/11\/IMG_9296.jpg 1024w, https:\/\/szkola.miedzyborow.pl\/podstawowa\/wp-content\/uploads\/2025\/11\/IMG_9296-300x168.jpg 300w, https:\/\/szkola.miedzyborow.pl\/podstawowa\/wp-content\/uploads\/2025\/11\/IMG_9296-768x431.jpg 768w\" sizes=\"(max-width: 1024px) 100vw, 1024px\" \/><\/figure>\n\n\n\n<figure class=\"wp-block-image size-large\"><img loading=\"lazy\" decoding=\"async\" width=\"1024\" height=\"574\" data-id=\"10151\"  src=\"https:\/\/szkola.miedzyborow.pl\/podstawowa\/wp-content\/uploads\/2025\/11\/IMG_9301.jpg\" alt=\"\" class=\"wp-image-10151\" srcset=\"https:\/\/szkola.miedzyborow.pl\/podstawowa\/wp-content\/uploads\/2025\/11\/IMG_9301.jpg 1024w, https:\/\/szkola.miedzyborow.pl\/podstawowa\/wp-content\/uploads\/2025\/11\/IMG_9301-300x168.jpg 300w, https:\/\/szkola.miedzyborow.pl\/podstawowa\/wp-content\/uploads\/2025\/11\/IMG_9301-768x431.jpg 768w\" sizes=\"(max-width: 1024px) 100vw, 1024px\" \/><\/figure>\n\n\n\n<figure class=\"wp-block-image size-large\"><img loading=\"lazy\" decoding=\"async\" width=\"1024\" height=\"574\" data-id=\"10152\"  src=\"https:\/\/szkola.miedzyborow.pl\/podstawowa\/wp-content\/uploads\/2025\/11\/IMG_9327.jpg\" alt=\"\" class=\"wp-image-10152\" srcset=\"https:\/\/szkola.miedzyborow.pl\/podstawowa\/wp-content\/uploads\/2025\/11\/IMG_9327.jpg 1024w, https:\/\/szkola.miedzyborow.pl\/podstawowa\/wp-content\/uploads\/2025\/11\/IMG_9327-300x168.jpg 300w, https:\/\/szkola.miedzyborow.pl\/podstawowa\/wp-content\/uploads\/2025\/11\/IMG_9327-768x431.jpg 768w\" sizes=\"(max-width: 1024px) 100vw, 1024px\" \/><\/figure>\n<\/figure>\n\n\n<p><strong>Nasz szkolny CYBERspot otrzyma\u0142 wyr\u00f3\u017cnienie.<\/strong><\/p>\n<p>Naukowa i Akademicka Sie\u0107 Komputerowa \u2013 Pa\u0144stwowy Instytut Badawczy (NASK-PIB), organizator projektu CYBERspot, wyr\u00f3\u017cni\u0142 nasz zesp\u00f3\u0142 ds. cyfrowych w inicjatywie \u201eCYBERspot miesi\u0105ca\u201d. Znale\u017ali\u015bmy si\u0119 w gronie sze\u015bciu szk\u00f3\u0142 w Polsce, kt\u00f3rych dzia\u0142ania zosta\u0142y docenione. To dla nas du\u017ca motywacja do dalszych dzia\u0142a\u0144 na rzecz bezpiecze\u0144stwa w sieci.<\/p>\n<p>Szczeg\u00f3\u0142y wyr\u00f3\u017cnienia dost\u0119pne s\u0105 na profilu <strong>Polskie Centrum Safer Internet<\/strong>: <a href=\"https:\/\/www.facebook.com\/bezpiecznyinternet\">https:\/\/www.facebook.com\/bezpiecznyinternet<\/a> (post z dnia 27.01.2026).<\/p>","protected":false},"excerpt":{"rendered":"<p class=\"tx-excerpt\">Nasz szkolny CYBERspot otrzyma\u0142 wyr\u00f3\u017cnienie. Naukowa i Akademicka Sie\u0107 Komputerowa \u2013 Pa\u0144stwowy Instytut Badawczy (NASK-PIB), organizator projektu CYBERspot, wyr\u00f3\u017cni\u0142 nasz zesp\u00f3\u0142 ds. cyfrowych w inicjatywie \u201eCYBERspot miesi\u0105ca\u201d. Znale\u017ali\u015bmy si\u0119 w gronie sze\u015bciu szk\u00f3\u0142<div class=\"tx-read-more\"><a href=\"https:\/\/szkola.miedzyborow.pl\/podstawowa\/cyberspot\/\">Czytaj wi\u0119cej<\/a><\/div>","protected":false},"author":2,"featured_media":10466,"parent":0,"menu_order":0,"comment_status":"closed","ping_status":"closed","template":"","meta":[],"_links":{"self":[{"href":"https:\/\/szkola.miedzyborow.pl\/podstawowa\/wp-json\/wp\/v2\/pages\/10141"}],"collection":[{"href":"https:\/\/szkola.miedzyborow.pl\/podstawowa\/wp-json\/wp\/v2\/pages"}],"about":[{"href":"https:\/\/szkola.miedzyborow.pl\/podstawowa\/wp-json\/wp\/v2\/types\/page"}],"author":[{"embeddable":true,"href":"https:\/\/szkola.miedzyborow.pl\/podstawowa\/wp-json\/wp\/v2\/users\/2"}],"replies":[{"embeddable":true,"href":"https:\/\/szkola.miedzyborow.pl\/podstawowa\/wp-json\/wp\/v2\/comments?post=10141"}],"version-history":[{"count":7,"href":"https:\/\/szkola.miedzyborow.pl\/podstawowa\/wp-json\/wp\/v2\/pages\/10141\/revisions"}],"predecessor-version":[{"id":10511,"href":"https:\/\/szkola.miedzyborow.pl\/podstawowa\/wp-json\/wp\/v2\/pages\/10141\/revisions\/10511"}],"wp:featuredmedia":[{"embeddable":true,"href":"https:\/\/szkola.miedzyborow.pl\/podstawowa\/wp-json\/wp\/v2\/media\/10466"}],"wp:attachment":[{"href":"https:\/\/szkola.miedzyborow.pl\/podstawowa\/wp-json\/wp\/v2\/media?parent=10141"}],"curies":[{"name":"wp","href":"https:\/\/api.w.org\/{rel}","templated":true}]}}