{"id":10440,"date":"2026-01-19T14:06:36","date_gmt":"2026-01-19T13:06:36","guid":{"rendered":"https:\/\/szkola.miedzyborow.pl\/podstawowa\/?page_id=10440"},"modified":"2026-01-26T11:13:41","modified_gmt":"2026-01-26T10:13:41","slug":"oswiadczenie-firmy-cateringowej","status":"publish","type":"page","link":"https:\/\/szkola.miedzyborow.pl\/podstawowa\/oswiadczenie-firmy-cateringowej\/","title":{"rendered":"O\u015bwiadczenie firmy w sprawie posi\u0142k\u00f3w"},"content":{"rendered":"\n<div class=\"is-layout-flex wp-container-3 wp-block-columns\">\n<div class=\"is-layout-flow wp-block-column\" style=\"flex-basis:66.66%\">\n<p><img fetchpriority=\"high\" decoding=\"async\" class=\"alignleft size-full wp-image-10439\" src=\"https:\/\/szkola.miedzyborow.pl\/podstawowa\/wp-content\/uploads\/2026\/01\/owk.png\" alt=\"\" width=\"718\" height=\"907\" srcset=\"https:\/\/szkola.miedzyborow.pl\/podstawowa\/wp-content\/uploads\/2026\/01\/owk.png 718w, https:\/\/szkola.miedzyborow.pl\/podstawowa\/wp-content\/uploads\/2026\/01\/owk-237x300.png 237w\" sizes=\"(max-width: 718px) 100vw, 718px\" \/><\/p>\n<\/div>\n\n\n\n<div class=\"is-layout-flow wp-block-column\" style=\"flex-basis:33.33%\">\n<div id=\"inpl-weather-main\" class=\"inpl-weather-main\" data-langid=\"1\" data-unitid=\"E\" data-ict=\"2\" data-cid=\"21076\" data-clbg=\"ffffff\" data-cltxt=\"111010\" data-cllink=\"860707\" data-txtdesc=\"1\" data-ftemp=\"1\" data-crps=\"1\" data-crwind=\"1\" data-fr=\"1\" data-wdh=\"300\" data-hif=\"400\" data-d=\"\/\/widgets.interia.pl\" style=\"position:relative; width: 300px; color: #860707; background-color:#ffffff\"><div id=\"inpl-weather-links\" style=\"display:flex;flex-flow:row wrap;justify-content:space-around;padding:0 8px 8px;text-align:center\"><a id=\"wlHbh\" style=\"color:inherit;font-size:13px;text-decoration:none;margin:4px;\" href=\"https:\/\/pogoda.interia.pl\/prognoza-szczegolowa-the-city-name,cId,21076\">Godzina po godzinie<\/a><a id=\"wlfr\" style=\"color:inherit;font-size:13px;text-decoration:none;margin:4px;\" href=\"https:\/\/pogoda.interia.pl\/prognoza-dlugoterminowa-the-city-name,cId,21076\">Na 45 dni<\/a><\/div><\/div><script>!(function(t,n,e){var r,o;t.getElementById(e)||(r=t.getElementsByTagName(n)[0],(o=t.createElement(n)).id=e,o.src=\"\/\/w.iplsc.com\/widget\/weather-2.0.2.jssc\",r.parentNode.appendChild(o))})(document,\"script\",\"widget-js\")<\/script>\n<\/div>\n<\/div>\n\n\n\n<figure class=\"is-layout-flex wp-block-gallery-4 wp-block-gallery has-nested-images columns-default is-cropped\"><\/figure>\n","protected":false},"excerpt":{"rendered":"<p class=\"tx-excerpt\">Godzina po godzinieNa 45 dni<\/p><div class=\"tx-read-more\"><a href=\"https:\/\/szkola.miedzyborow.pl\/podstawowa\/oswiadczenie-firmy-cateringowej\/\">Czytaj wi\u0119cej<\/a><\/div>","protected":false},"author":2,"featured_media":0,"parent":0,"menu_order":0,"comment_status":"closed","ping_status":"closed","template":"","meta":[],"_links":{"self":[{"href":"https:\/\/szkola.miedzyborow.pl\/podstawowa\/wp-json\/wp\/v2\/pages\/10440"}],"collection":[{"href":"https:\/\/szkola.miedzyborow.pl\/podstawowa\/wp-json\/wp\/v2\/pages"}],"about":[{"href":"https:\/\/szkola.miedzyborow.pl\/podstawowa\/wp-json\/wp\/v2\/types\/page"}],"author":[{"embeddable":true,"href":"https:\/\/szkola.miedzyborow.pl\/podstawowa\/wp-json\/wp\/v2\/users\/2"}],"replies":[{"embeddable":true,"href":"https:\/\/szkola.miedzyborow.pl\/podstawowa\/wp-json\/wp\/v2\/comments?post=10440"}],"version-history":[{"count":4,"href":"https:\/\/szkola.miedzyborow.pl\/podstawowa\/wp-json\/wp\/v2\/pages\/10440\/revisions"}],"predecessor-version":[{"id":10451,"href":"https:\/\/szkola.miedzyborow.pl\/podstawowa\/wp-json\/wp\/v2\/pages\/10440\/revisions\/10451"}],"wp:attachment":[{"href":"https:\/\/szkola.miedzyborow.pl\/podstawowa\/wp-json\/wp\/v2\/media?parent=10440"}],"curies":[{"name":"wp","href":"https:\/\/api.w.org\/{rel}","templated":true}]}}