{"id":1242,"date":"2026-01-01T00:01:00","date_gmt":"2025-12-31T23:01:00","guid":{"rendered":"https:\/\/szkola.miedzyborow.pl\/podstawowa\/?page_id=1242"},"modified":"2026-04-13T09:54:33","modified_gmt":"2026-04-13T07:54:33","slug":"obiady-szkolne","status":"publish","type":"page","link":"https:\/\/szkola.miedzyborow.pl\/podstawowa\/obiady-szkolne\/","title":{"rendered":"Obiady szkolne"},"content":{"rendered":"\n<div class=\"is-layout-flex wp-container-3 wp-block-columns\">\n<div class=\"is-layout-flow wp-block-column\" style=\"flex-basis:66.66%\">\n<hr \/>\n<h1 style=\"text-align: center;\"><span style=\"font-size: 18pt; background-color: #ffffff;\"><span style=\"color: #800080;\"><span style=\"color: #0000ff;\">OBIADY SZKOLNE<\/span> <br \/><\/span><\/span><\/h1>\n<hr \/>\n<p style=\"text-align: justify;\"><span style=\"font-size: 18pt;\">\u00a0 Kwota do zap\u0142aty za obiady za kwiecie\u0144 wynosi 153,00 z\u0142\u00a0<\/span><\/p>\n<p style=\"text-align: justify;\">\u00a0<\/p>\n<hr \/>\n<p><span style=\"font-size: 18pt; color: #008000;\">MENU 13.04-17.04.2026<\/span><\/p>\n<hr \/>\n<p style=\"text-align: center;\"><strong>PONIEDZIA\u0141EK<\/strong><\/p>\n<ul>\n<li>GYROS 100g Z SOSEM TZATZYKI RY\u017b 200g SUR\u00d3WKA GRECKA 100g<\/li>\n<\/ul>\n<p style=\"text-align: justify;\">652kcal\u00a0 26,5g bia\u0142ko\u00a0 17,8g t\u0142uszcz\u00a0 32,4g w\u0119glowodany<\/p>\n<ul>\n<li>KOMPOT WIELOOWOCOWY<\/li>\n<\/ul>\n<p style=\"text-align: justify;\">250ml 64 kcal\u00a0 0,8g bia\u0142ko\u00a0 0,1g\u00a0 t\u0142uszcz\u00a0 18,4g\u00a0 w\u0119glowodany<\/p>\n<ul>\n<li>JAB\u0141KO<\/li>\n<\/ul>\n<p style=\"text-align: justify;\">90kcal 0,7g bia\u0142ko 0,7g t\u0142uszcz\u00a0 18,2g w\u0119glowodany<\/p>\n<hr \/>\n<p style=\"text-align: center;\"><strong>WTOREK<\/strong><\/p>\n<ul>\n<li>NALE\u015aNIKI Z SEREM I JAGODAMI 250g (1,3,7) Z POLEW\u0104 JOGURTOW\u0104 (7)<\/li>\n<\/ul>\n<p style=\"text-align: justify;\">582kcal\u00a0 33g\u00a0 bia\u0142ko 10,8g t\u0142uszcz\u00a0 42,5g\u00a0 w\u0119glowodany<\/p>\n<ul>\n<li>KOMPOT WIELOOWOCWY 250ml<\/li>\n<\/ul>\n<p style=\"text-align: justify;\">64 kcal\u00a0 0,8g bia\u0142ko\u00a0 0,1g\u00a0 t\u0142uszcz\u00a0 18,4g\u00a0 w\u0119glowodany<\/p>\n<ul>\n<li>BANAN<\/li>\n<\/ul>\n<p style=\"text-align: justify;\">116kcal\u00a0 1,2g bia\u0142ka 0,4g t\u0142uszcz\u00a0 26,2g w\u0119glowodany<\/p>\n<hr \/>\n<p style=\"text-align: center;\"><strong>\u015aRODA<\/strong><\/p>\n<ul>\n<li>INDYK DUSZONY 120g (1) MAKARON 200g (1,3) SUR\u00d3WKA Z MARCHEWKI 100g (7)<\/li>\n<\/ul>\n<p>596kcal\u00a0 25,6g bia\u0142ko\u00a0 22,6g t\u0142uszcz 32,1g w\u0119glowodany<\/p>\n<ul>\n<li>KOMPOT WIELOOWOCWY 250ml<\/li>\n<\/ul>\n<p>64 kcal\u00a0 0,8g bia\u0142ko\u00a0 0,1g\u00a0 t\u0142uszcz\u00a0 18,4g\u00a0 w\u0119glowodany<\/p>\n<ul>\n<li>MANDARYNKA<\/li>\n<\/ul>\n<p>29kcal\u00a0 0,4g bia\u0142ko\u00a0 0,1g t\u0142uszcz 6,0g w\u0119glowodany<\/p>\n<hr \/>\n<p style=\"text-align: center;\"><strong>CZWARTEK<\/strong><\/p>\n<ul>\n<li>KURCZAK PIECZONY 135g ZIEMNIAKI 200g SUR\u00d3WKA Z BIA\u0141EJ KAPUSTY Z MARCHEWK\u0104 I KOPERKIEM 100g<\/li>\n<\/ul>\n<p>598kcal\u00a0 26,1g bia\u0142ko\u00a0 20,7g t\u0142uszcz\u00a0 42,6g w\u0119glowodany<\/p>\n<ul>\n<li>KOMPOT WIELOOWOCOWY 250ml<\/li>\n<\/ul>\n<p>64 kcal\u00a0 0,8g bia\u0142ko\u00a0 0,1g\u00a0 t\u0142uszcz\u00a0 18,4g\u00a0 w\u0119glowodany<\/p>\n<ul>\n<li>JAB\u0141KO<\/li>\n<\/ul>\n<p>90kcal\u00a0 0,7g bia\u0142ko 0,7g t\u0142uszcz\u00a0 18,2g w\u0119glowodany<\/p>\n<hr \/>\n<p style=\"text-align: center;\"><strong>PI\u0104TEK<\/strong><\/p>\n<ul>\n<li>DORSZ PANIEROWANY 100g (1,3,4) KARTOFELKI OPIEKANIE 200g OG\u00d3REK ZIELONY Z WINEGRETEM 100g<\/li>\n<\/ul>\n<p>584kcal\u00a0 24,3g bia\u0142ko\u00a0 22,4g t\u0142uszcz\u00a0 41,3g w\u0119glowodany<\/p>\n<ul>\n<li>KOMPOT WIELOOWOCWY 250ml<\/li>\n<\/ul>\n<p>64 kcal\u00a0 0,8g bia\u0142ko\u00a0 0,1g\u00a0 t\u0142uszcz\u00a0 18,4g\u00a0 w\u0119glowodany<\/p>\n<ul>\n<li>MELON<\/li>\n<\/ul>\n<p>24 kcal\u00a0\u00a0 0,5g bia\u0142ko\u00a0\u00a0 0,1g t\u0142uszcz\u00a0\u00a0\u00a0 5,6g w\u0119glowodany<\/p>\n<p style=\"text-align: center;\">\u00a0<\/p>\n<hr \/><hr \/><hr \/>\n<\/div>\n\n\n\n<div class=\"is-layout-flow wp-block-column\" style=\"flex-basis:33.33%\">\n<div id=\"inpl-weather-main\" class=\"inpl-weather-main\" data-langid=\"1\" data-unitid=\"E\" data-ict=\"2\" data-cid=\"21076\" data-clbg=\"ffffff\" data-cltxt=\"111010\" data-cllink=\"860707\" data-txtdesc=\"1\" data-ftemp=\"1\" data-crps=\"1\" data-crwind=\"1\" data-fr=\"1\" data-wdh=\"300\" data-hif=\"400\" data-d=\"\/\/widgets.interia.pl\" style=\"position:relative; width: 300px; color: #860707; background-color:#ffffff\"><div id=\"inpl-weather-links\" style=\"display:flex;flex-flow:row wrap;justify-content:space-around;padding:0 8px 8px;text-align:center\"><a id=\"wlHbh\" style=\"color:inherit;font-size:13px;text-decoration:none;margin:4px;\" href=\"https:\/\/pogoda.interia.pl\/prognoza-szczegolowa-the-city-name,cId,21076\">Godzina po godzinie<\/a><a id=\"wlfr\" style=\"color:inherit;font-size:13px;text-decoration:none;margin:4px;\" href=\"https:\/\/pogoda.interia.pl\/prognoza-dlugoterminowa-the-city-name,cId,21076\">Na 45 dni<\/a><\/div><\/div><script>!(function(t,n,e){var r,o;t.getElementById(e)||(r=t.getElementsByTagName(n)[0],(o=t.createElement(n)).id=e,o.src=\"\/\/w.iplsc.com\/widget\/weather-2.0.2.jssc\",r.parentNode.appendChild(o))})(document,\"script\",\"widget-js\")<\/script>\n\n\n\n<hr>\n<hr>\n<\/div>\n<\/div>\n\n\n<p><a href=\"_wp_link_placeholder\" data-wplink-edit=\"true\"><a href=\"https:\/\/szkola.miedzyborow.pl\/podstawowa\/wp-content\/uploads\/2026\/03\/ob_new.pdf\" class=\"pdfemb-viewer\" style=\"\" data-width=\"max\" data-height=\"max\" data-toolbar=\"bottom\" data-toolbar-fixed=\"off\">ob_new<\/a><\/a><\/p>\n<hr>\n\n\n<div class=\"is-layout-flex wp-container-5 wp-block-columns\">\n<div class=\"is-layout-flow wp-block-column\">\n<p>\u00a0<\/p>\n<hr \/>\n<\/div>\n<\/div>\n","protected":false},"excerpt":{"rendered":"<p class=\"tx-excerpt\">OBIADY SZKOLNE \u00a0 Kwota do zap\u0142aty za obiady za kwiecie\u0144 wynosi 153,00 z\u0142\u00a0 \u00a0 MENU 13.04-17.04.2026 PONIEDZIA\u0141EK GYROS 100g Z SOSEM TZATZYKI RY\u017b 200g SUR\u00d3WKA GRECKA 100g 652kcal\u00a0 26,5g bia\u0142ko\u00a0 17,8g t\u0142uszcz\u00a0 32,4g<div class=\"tx-read-more\"><a href=\"https:\/\/szkola.miedzyborow.pl\/podstawowa\/obiady-szkolne\/\">Czytaj wi\u0119cej<\/a><\/div>","protected":false},"author":2,"featured_media":5353,"parent":0,"menu_order":0,"comment_status":"closed","ping_status":"closed","template":"","meta":[],"_links":{"self":[{"href":"https:\/\/szkola.miedzyborow.pl\/podstawowa\/wp-json\/wp\/v2\/pages\/1242"}],"collection":[{"href":"https:\/\/szkola.miedzyborow.pl\/podstawowa\/wp-json\/wp\/v2\/pages"}],"about":[{"href":"https:\/\/szkola.miedzyborow.pl\/podstawowa\/wp-json\/wp\/v2\/types\/page"}],"author":[{"embeddable":true,"href":"https:\/\/szkola.miedzyborow.pl\/podstawowa\/wp-json\/wp\/v2\/users\/2"}],"replies":[{"embeddable":true,"href":"https:\/\/szkola.miedzyborow.pl\/podstawowa\/wp-json\/wp\/v2\/comments?post=1242"}],"version-history":[{"count":991,"href":"https:\/\/szkola.miedzyborow.pl\/podstawowa\/wp-json\/wp\/v2\/pages\/1242\/revisions"}],"predecessor-version":[{"id":10789,"href":"https:\/\/szkola.miedzyborow.pl\/podstawowa\/wp-json\/wp\/v2\/pages\/1242\/revisions\/10789"}],"wp:featuredmedia":[{"embeddable":true,"href":"https:\/\/szkola.miedzyborow.pl\/podstawowa\/wp-json\/wp\/v2\/media\/5353"}],"wp:attachment":[{"href":"https:\/\/szkola.miedzyborow.pl\/podstawowa\/wp-json\/wp\/v2\/media?parent=1242"}],"curies":[{"name":"wp","href":"https:\/\/api.w.org\/{rel}","templated":true}]}}