{"id":1688,"date":"2023-01-20T11:31:43","date_gmt":"2023-01-20T10:31:43","guid":{"rendered":"https:\/\/szkola.miedzyborow.pl\/podstawowa\/?page_id=1688"},"modified":"2023-01-26T10:33:40","modified_gmt":"2023-01-26T09:33:40","slug":"historia-szkoly","status":"publish","type":"page","link":"https:\/\/szkola.miedzyborow.pl\/podstawowa\/historia-szkoly\/","title":{"rendered":"Historia szko\u0142y"},"content":{"rendered":"\n<table class=\"szkielet\" border=\"0\" width=\"100%\" cellspacing=\"0\" cellpadding=\"0\">\n    <tr>\n      <td width=\"100%\">\n        <h1>Historia Zespo\u0142u Szk\u00f3\u0142 Publicznych w Mi\u0119dzyborowie<\/h1>\n      <\/td>\n    <\/tr>\n    <tr>\n      <td width=\"100%\" align=\"center\">\n\n<BR><BR>\n      <table border=\"0\" width=\"81%\" cellspacing=\"0\" cellpadding=\"0\">\n        <tr>\n          <td width=\"100%\">\n            <p style=\"margin-right: 4\"><\/td>\n        <\/tr>\n        <tr>\n          <td width=\"100%\">\n            <p align=\"justify\" style=\"text-indent: 25; margin-right: 4; margin-top: 4; margin-bottom: 4\"><font face=\"Tahoma\" size=\"3\"><span style=\"mso-bidi-font-size: 12.0pt\">Pocz\u0105tek\n            powstania Szko\u0142y w Mi\u0119dzyborowie datuje si\u0119 na wrzesie\u0144 1923\n            roku, kiedy to za\u0142o\u017cono jednoklasow\u0105 Publiczn\u0105 Szko\u0142\u0119\n            Powszechn\u0105 w&nbsp;Bieganowie. Kierownictwo nad ni\u0105 obj\u0105\u0142 Jan\n            Zasadny, a&nbsp;mie\u015bci\u0142a si\u0119 w&nbsp;prywatnym domu jednego z&nbsp;mieszka\u0144c\u00f3w.\n            Po dziesi\u0119ciu latach szko\u0142a zosta\u0142a przekszta\u0142cona w&nbsp;plac\u00f3wk\u0119\n            dwuklasow\u0105. We&nbsp;wrze\u015bniu 1935 roku nowym kierownikiem zosta\u0142\n            Micha\u0142 Kape\u0142u\u015b. To z&nbsp;jego inicjatywy oraz Towarzystwa\n            Przyjaci\u00f3\u0142 Mi\u0119dzyborowa rozpocz\u0119to zbi\u00f3rk\u0119 funduszy na budow\u0119\n            miejscowej szko\u0142y. W&nbsp;lipcu 1936 roku dokonano po\u015bwi\u0119cenia\n            kamienia w\u0119gielnego pod nowo powstaj\u0105cy budynek, a&nbsp;ju\u017c w&nbsp;grudniu\n            tego samego roku sta\u0142y mury i&nbsp;ca\u0142o\u015b\u0107 pokrywa\u0142 dach.<\/span><\/font><\/td>\n        <\/tr>\n        <tr>\n          <td width=\"100%\">\n            <p align=\"center\" style=\"text-indent: 25; margin-right: 4; margin-top: 4; margin-bottom: 4\"><img decoding=\"async\" border=\"0\" src=\"\/zsp\/grafika\/historia_szkoly\/zsp_historia_1.jpg\" width=\"177\" height=\"275\"><\/p>\n            <p align=\"center\" style=\"text-indent: 25; margin-right: 4; margin-top: 4; margin-bottom: 4\"><font size=\"3\" face=\"Tahoma\" color=\"#008000\"><i>Tak\n            wygl\u0105da\u0142a strona p\u00f3\u0142nocno &#8211; wschodnia nowo buduj\u0105cej si\u0119 szko\u0142y\n            we wrze\u015bniu 1936 r.<\/i><\/font><\/td>\n      <\/tr>\n      <center>\n      <tr>\n        <td width=\"100%\">\n          <p align=\"justify\" style=\"text-indent: 25; margin-right: 4; margin-top: 4; margin-bottom: 4\"><font face=\"Tahoma\" size=\"3\"><span style=\"mso-bidi-font-size: 12.0pt\">W&nbsp;sierpniu\n          1937 roku w&nbsp;drodze konkursu kierownikiem szko\u0142y zostaje\n          mianowany J\u00f3zef Jagielski. We wrze\u015bniu 1937 roku szko\u0142a przekszta\u0142ca\n          si\u0119 w&nbsp;Trzyklasow\u0105 Publiczn\u0105 Szko\u0142\u0119 Powszechn\u0105, a&nbsp;po\n          roku nosi ju\u017c nazw\u0119: Publiczna Szko\u0142a Powszechna Stopnia II-go w&nbsp;Mi\u0119dzyborowie.<\/span><\/font><\/td>\n      <\/tr>\n      <\/center>\n      <tr>\n        <td width=\"100%\"><center><\/center>\n          <p align=\"right\" style=\"margin-right: 4; margin-top: 4; margin-bottom: 4\"><font color=\"#008000\" size=\"3\" face=\"Tahoma\"><i>&nbsp;&nbsp;&nbsp;\n          <\/i><\/font><\/td>\n      <\/tr>\n      <center>\n      <tr>\n        <td width=\"100%\">\n          <p align=\"justify\" style=\"text-indent: 25; margin-right: 4; margin-top: 4; margin-bottom: 4\"><font face=\"Tahoma\" size=\"3\"><span style=\"mso-bidi-font-size: 12.0pt\">Wybuch\n          II wojny \u015bwiatowej mocno dezorganizuje prac\u0119 szko\u0142y. Zaj\u0119cia\n          rozpocz\u0119to dopiero 4 listopada i&nbsp;prowadzono z&nbsp;niewielkimi\n          przerwami przez ca\u0142y okres okupacji. Pracowa\u0142o w\u00f3wczas tylko\n          czterech nauczycieli. We wrze\u015bniu 1945 szko\u0142a rozpoczyna prac\u0119 jako\n          Publiczna Szko\u0142a Powszechna Zbiorcza, a&nbsp;kieruje ni\u0105 nadal J\u00f3zef\n          Jagielski. Wojna bardzo zniszczy\u0142a budynek, wymaga\u0142 on gruntownego\n          remontu. Dzi\u0119ki ogromnym staraniom \u00f3wczesnego kierownika szko\u0142y\n          wykonano najpotrzebniejsze prace, i&nbsp;mo\u017cna by\u0142o normalnie\n          rozpocz\u0105\u0107 zaj\u0119cia.<\/span><\/font><\/td>\n      <\/tr>\n      <tr>\n        <td width=\"100%\">\n          <p align=\"center\" style=\"margin-right: 4; margin-top: 4; margin-bottom: 4\"><img fetchpriority=\"high\" decoding=\"async\" border=\"0\" src=\"\/zsp\/grafika\/historia_szkoly\/zsp_historia_6.jpg\" width=\"295\" height=\"197\"><\/p>\n          <p align=\"center\" style=\"margin-right: 4; margin-top: 4; margin-bottom: 4\"><font size=\"3\" face=\"Tahoma\" color=\"#008000\"><i>Widok\n          budynku szkolnego od strony po\u0142udniowo &#8211; wschodniej<\/i><\/font><\/p>\n          <p align=\"center\" style=\"margin-right: 4; margin-top: 4; margin-bottom: 4\"><font size=\"3\" face=\"Tahoma\" color=\"#008000\"><i>&nbsp;listopad\n          1948 r.<\/i><\/font><\/p>\n          <p align=\"center\" style=\"margin-right: 4; margin-top: 4; margin-bottom: 4\">&nbsp;<\/p>\n          <p align=\"center\" style=\"margin-right: 4; margin-top: 4; margin-bottom: 4\">&nbsp;<\/td>\n      <\/tr>\n      <tr>\n        <td width=\"100%\">\n          <p align=\"center\" style=\"margin-right: 4\"><img decoding=\"async\" border=\"0\" src=\"\/zsp\/grafika\/historia_szkoly\/zsp_historia_11.jpg\" width=\"291\" height=\"195\"><\/p>\n          <p align=\"center\" style=\"margin-right: 4; margin-top: 0; margin-bottom: 0\"><font face=\"Tahoma\" size=\"3\" color=\"#008000\"><i>Lekcja\n          prac r\u0119cznych z ch\u0142opcami klas 7.<\/i><\/font><\/p>\n          <p align=\"center\" style=\"margin-right: 4; margin-top: 0; margin-bottom: 0\"><font face=\"Tahoma\" size=\"3\" color=\"#008000\"><i>listopad\n          1948 r.<\/i><\/font><\/td>\n      <\/tr>\n      <tr>\n        <td width=\"100%\">\n          <p align=\"justify\" style=\"text-indent: 25; margin-right: 4; margin-top: 4; margin-bottom: 4\"><font face=\"Tahoma\" size=\"3\"><span style=\"mso-bidi-font-size: 12.0pt\">Z\n          inicjatywy J\u00f3zefa Jagielskiego w&nbsp;czerwcu 1953 roku zacz\u0119\u0142a si\u0119\n          budowa baraku przy budynku szkolnym. Mia\u0142 on pe\u0142ni\u0107 rol\u0119 sali\n          gimnastycznej i&nbsp;\u015bwietlicy.<\/span><\/font><\/td>\n      <\/tr>\n      <tr>\n        <td width=\"100%\">\n          <p align=\"center\" style=\"margin-right: 4; margin-top: 4; margin-bottom: 4\"><img loading=\"lazy\" decoding=\"async\" border=\"0\" src=\"\/zsp\/grafika\/historia_szkoly\/zsp_historia_12.jpg\" width=\"177\" height=\"271\"><\/p>\n          <p align=\"center\" style=\"margin-right: 4; margin-top: 4; margin-bottom: 4\"><font size=\"3\" face=\"Tahoma\" color=\"#008000\"><i>W\n          czerwcu 1953 r. przy szkole zacz\u0119to budow\u0119 baraku.<\/i><\/font><\/td>\n      <\/tr>\n      <tr>\n        <td width=\"100%\">\n          <p align=\"center\" style=\"margin-right: 4\"><img loading=\"lazy\" decoding=\"async\" border=\"0\" src=\"\/zsp\/grafika\/historia_szkoly\/zsp_historia_14.jpg\" width=\"282\" height=\"177\"><\/p>\n          <p align=\"center\" style=\"margin-right: 4; margin-top: 0; margin-bottom: 0\"><font size=\"3\" face=\"Tahoma\" color=\"#008000\"><i>Klasa\n          6 podczas lekcji<\/i><\/font><\/p>\n          <p align=\"center\" style=\"margin-right: 4; margin-top: 0; margin-bottom: 0\"><font size=\"3\" face=\"Tahoma\" color=\"#008000\"><i>rok\n          szkolny 1955\/56<\/i><\/font><\/p>\n          <p align=\"center\" style=\"margin-right: 4\">&nbsp;<\/td>\n      <\/tr>\n      <tr>\n        <td width=\"100%\">\n          <p align=\"center\" style=\"margin-right: 4\"><img loading=\"lazy\" decoding=\"async\" border=\"0\" src=\"\/zsp\/grafika\/historia_szkoly\/zsp_historia_15.jpg\" width=\"306\" height=\"195\"><\/p>\n          <p align=\"center\" style=\"margin-right: 4; margin-top: 0; margin-bottom: 0\"><font size=\"3\" face=\"Tahoma\" color=\"#008000\"><i>Poletko\n          ziemniak\u00f3w i kukurydzy <\/i><\/font><\/p>\n          <p align=\"center\" style=\"margin-right: 4; margin-top: 0; margin-bottom: 0\"><font size=\"3\" face=\"Tahoma\" color=\"#008000\"><i>&#8211;\n          udzia\u0142 w konkursie poletek do\u015bwiadczalnych.<\/i><\/font><\/p>\n          <p align=\"center\" style=\"margin-right: 4; margin-top: 0; margin-bottom: 0\"><font size=\"3\" face=\"Tahoma\" color=\"#008000\"><i>(zdobycie\n          III miejsca w powiecie)<\/i><\/font><\/p>\n          <p align=\"center\" style=\"margin-right: 4\">&nbsp;<\/td>\n      <\/tr>\n      <tr>\n        <td width=\"100%\">\n          <p align=\"center\" style=\"margin-right: 4\"><img loading=\"lazy\" decoding=\"async\" border=\"0\" src=\"\/zsp\/grafika\/historia_szkoly\/zsp_historia_7.jpg\" width=\"236\" height=\"144\"><\/p>\n          <p align=\"center\" style=\"margin-right: 4\"><font size=\"3\" face=\"Tahoma\" color=\"#008000\"><i>Widok\n          szko\u0142y od strony p\u00f3\u0142nocnej w roku szkolnym 1958\/59<\/i><\/font><\/p>\n          <p align=\"center\" style=\"margin-right: 4\">&nbsp;<\/td>\n      <\/tr>\n      <tr>\n        <td width=\"100%\">\n          <p align=\"justify\" style=\"text-indent: 25; margin-right: 4; margin-top: 4; margin-bottom: 4\"><font face=\"Tahoma\" size=\"3\"><span style=\"mso-bidi-font-size: 12.0pt\">W&nbsp;sierpniu\n          1963 roku, Komitet Rodzicielski wspierany przez kierownika szko\u0142y\n          podj\u0105\u0142 decyzj\u0119 o&nbsp;rozbudowie budynku szkolnego. Prace uko\u0144czono\n          w&nbsp;czerwcu 1964 roku. W&nbsp;nowym budynku licz\u0105cym 12 izb\n          lekcyjnych we wrze\u015bniu 1964 roku podj\u0119\u0142o nauk\u0119 ponad 400 uczni\u00f3w\n          oraz rozpocz\u0119\u0142o prac\u0119 14 nauczycieli.<\/span><\/font><\/td>\n      <\/tr>\n      <tr>\n        <td width=\"100%\">\n          <p align=\"center\" style=\"margin-right: 4; margin-top: 4; margin-bottom: 4\"><img loading=\"lazy\" decoding=\"async\" border=\"0\" src=\"\/zsp\/grafika\/historia_szkoly\/zsp_historia_8.jpg\" width=\"236\" height=\"147\"><\/p>\n          <p align=\"center\" style=\"margin-right: 4; margin-top: 4; margin-bottom: 4\"><font size=\"3\" face=\"Tahoma\" color=\"#008000\"><i>W\n          roku szkolnym 1963\/64 uzyskano ziemi\u0119 <\/i><\/font><\/p>\n          <p align=\"center\" style=\"margin-right: 4; margin-top: 4; margin-bottom: 4\"><font size=\"3\" face=\"Tahoma\" color=\"#008000\"><i>na\n          boisko szkolne i rozbudowano szko\u0142\u0119.<\/i><\/font><\/td>\n      <\/tr>\n      <tr>\n        <td width=\"100%\">\n          <p align=\"justify\" style=\"text-indent: 25; margin-right: 4; margin-top: 4; margin-bottom: 4\"><font face=\"Tahoma\" size=\"3\"><span style=\"mso-bidi-font-size: 12.0pt\">W&nbsp;czerwcu\n          1972 roku, po przepracowaniu w&nbsp;mi\u0119dzyborowskiej szkole 35 lat na\n          emerytur\u0119 odszed\u0142 J\u00f3zef Jagielski. Jego miejsce zaj\u0105\u0142 Edward\n          Przybylski, kt\u00f3ry kierowa\u0142 t\u0105 plac\u00f3wk\u0105 do 1985 roku. Z&nbsp;kolei\n          po nim dyrektorem zostaje Teresa K\u0142os. Od stycznia 1991 roku\n          kierownictwo plac\u00f3wk\u0105 obejmuje Kazimiera K\u0142uci\u0144ska. Z&nbsp;jej\n          inicjatywy zawi\u0105za\u0142 si\u0119 Spo\u0142eczny Komitet Budowy Sali\n          Gimnastycznej przy Szkole Podstawowej w&nbsp;Mi\u0119dzyborowie. I&nbsp;ju\u017c\n          w lipcu odby\u0142a si\u0119 uroczysto\u015b\u0107 wmurowania aktu erekcyjnego pod\n          budow\u0119 sali oraz po\u015bwi\u0119cenie kamienia w\u0119gielnego. Po niespe\u0142na\n          czterech latach w&nbsp;szkole odbywa si\u0119 bardzo wa\u017cna uroczysto\u015b\u0107,\n          a&nbsp;mianowicie oddanie m\u0142odzie\u017cy do u\u017cytku nowej sali\n          gimnastycznej.<\/span><\/font><\/td>\n      <\/tr>\n      <tr>\n        <td width=\"100%\">\n          <p align=\"center\" style=\"margin-right: 4; margin-top: 4; margin-bottom: 4\"><img loading=\"lazy\" decoding=\"async\" border=\"0\" src=\"\/zsp\/grafika\/historia_szkoly\/zsp_historia_16.jpg\" width=\"195\" height=\"273\"><\/p>\n          <p align=\"center\" style=\"margin-right: 4; margin-top: 4; margin-bottom: 4\"><font size=\"3\" face=\"Tahoma\" color=\"#008000\"><i>W\n          1977 r. posadzono D\u0104B PRZYJA\u0179NI.<\/i><\/font><\/p>\n          <p align=\"center\" style=\"margin-right: 4; margin-top: 4; margin-bottom: 4\">&nbsp;<\/td>\n      <\/tr>\n      <tr>\n        <td width=\"100%\">\n          <p style=\"margin-right: 4\"><img loading=\"lazy\" decoding=\"async\" border=\"0\" src=\"\/zsp\/grafika\/historia_szkoly\/zsp_historia_17.jpg\" width=\"295\" height=\"203\">\n          <p align=\"center\" style=\"margin-right: 4\"><font size=\"3\" face=\"Tahoma\" color=\"#008000\"><i>W\n          lipcu 1991 r. rozpocz\u0119to budow\u0119 sali gimnastycznej.<\/i><\/font><\/p>\n        <\/center>\n        <p align=\"right\" style=\"margin-right: 4\"><img loading=\"lazy\" decoding=\"async\" border=\"0\" src=\"\/zsp\/grafika\/historia_szkoly\/zsp_historia_18.jpg\" width=\"266\" height=\"188\"><\/p>\n        <center>\n        <p align=\"center\" style=\"margin-right: 4\">&nbsp;<\/center><\/td>\n      <\/tr>\n      <tr>\n        <td width=\"100%\">\n          <p align=\"justify\" style=\"text-indent: 25; margin-right: 4; margin-top: 4; margin-bottom: 4\"><font face=\"Tahoma\" size=\"3\"><span style=\"mso-bidi-font-size: 12.0pt\">We\n          wrze\u015bniu 1997, w&nbsp;drodze konkursu, dyrektorem zostaje\n          dotychczasowy wicedyrektor, Dariusz Grabowski. Pod jego rz\u0105dami szko\u0142a\n          zaczyna u\u017cytkowa\u0107 dodatkowe pomieszczenia, powstaje min. \u015bwietlica,\n          bar szkolny, trzy nowe klasopracownie oraz pracownia komputerowa.<\/span><\/font><\/td>\n      <\/tr>\n      <tr>\n        <td width=\"100%\">\n          <p align=\"justify\" style=\"margin-right: 4; margin-top: 4; margin-bottom: 4\"><\/td>\n      <\/tr>\n      <tr>\n        <td width=\"100%\">\n          <p align=\"center\" style=\"margin-right: 4; margin-top: 4; margin-bottom: 4\"><img loading=\"lazy\" decoding=\"async\" border=\"0\" src=\"\/zsp\/grafika\/historia_szkoly\/zsp_historia_4.jpg\" width=\"113\" height=\"141\"><\/p>\n          <p align=\"center\" style=\"margin-right: 4; margin-top: 4; margin-bottom: 4\"><font color=\"#008000\" face=\"Tahoma\"><i>J\u00f3zef\n          Jagielski patron Szko\u0142y Podstawowej<\/i><\/font><\/td>\n      <\/tr>\n      <tr>\n        <td width=\"100%\">\n          <p align=\"justify\" style=\"margin-right: 4; margin-top: 4; margin-bottom: 4\"><\/td>\n      <\/tr>\n      <tr>\n        <td width=\"100%\">\n          <p align=\"justify\" style=\"text-indent: 25; margin-right: 4; margin-top: 4; margin-bottom: 4\"><font face=\"Tahoma\" size=\"3\"><span style=\"mso-bidi-font-size: 12.0pt\">Dnia\n          22 maja 1999 roku szko\u0142a obchodzi 75-lecie swojego istnienia po\u0142\u0105czone\n          z&nbsp;nadaniem jej imienia J\u00f3zefa Jagielskiego.<\/span><\/font><\/td>\n      <\/tr>\n      <tr>\n        <td width=\"100%\">\n          <p align=\"justify\" style=\"margin-right: 4; margin-top: 4; margin-bottom: 4\"><\/td>\n      <\/tr>\n      <tr>\n        <td width=\"100%\">\n          <p align=\"justify\" style=\"text-indent: 25; margin-right: 4; margin-top: 4; margin-bottom: 4\"><font face=\"Tahoma\" size=\"3\"><span style=\"mso-bidi-font-size: 12.0pt\">Reforma\n          systemu o\u015bwiaty powoduje, \u017ce we wrze\u015bniu 1999 roku szko\u0142a zaczyna\n          funkcjonowa\u0107 jako Zesp\u00f3\u0142 Szk\u00f3\u0142 Publicznych (ZSP) w&nbsp;Mi\u0119dzyborowie,\n          w&nbsp;sk\u0142ad kt\u00f3rego wchodz\u0105 Szko\u0142a Podstawowa i&nbsp;Gimnazjum.\n          Trudne warunki lokalowe sprawiaj\u0105, \u017ce zapada decyzja o&nbsp;budowie\n          nowego budynku na potrzeby gimnazjum. W&nbsp;pa\u017adzierniku 2002 roku\n          odby\u0142a si\u0119 uroczysto\u015b\u0107 wmurowania aktu erekcyjnego i&nbsp;po\u015bwi\u0119cenie\n          kamienia w\u0119gielnego, a&nbsp;ju\u017c po roku m\u0142odzie\u017c rozpoczyna zaj\u0119cia\n          w&nbsp;nowym budynku.<\/span><\/font><\/td>\n      <\/tr>\n      <tr>\n        <td width=\"100%\">\n          <p align=\"justify\" style=\"margin-right: 4; margin-top: 4; margin-bottom: 4\"><\/td>\n      <\/tr>\n      <tr>\n        <td width=\"100%\">\n          <p align=\"justify\" style=\"margin-right: 4; margin-top: 4; margin-bottom: 4\"><\/td>\n      <\/tr>\n      <tr>\n        <td width=\"100%\">\n          <p align=\"justify\" style=\"text-indent: 25; margin-right: 4; margin-top: 4; margin-bottom: 4\"><font face=\"Tahoma\" size=\"3\"><span style=\"mso-bidi-font-size: 12.0pt\">Z&nbsp;inicjatywy\n          mi\u0119dzyborowskiej m\u0142odzie\u017cy uruchomiono proces nadania gimnazjum\n          imienia. W&nbsp;drodze wybor\u00f3w wy\u0142oniono kandydata i&nbsp;od maja\n          2006 roku gimnazjum w&nbsp;Mi\u0119dzyborowie nosi imi\u0119 Karola Wojty\u0142y.<\/span><\/font><\/td>\n      <\/tr>\n      <tr>\n        <td width=\"100%\">\n          <p align=\"justify\" style=\"margin-right: 4; margin-top: 4; margin-bottom: 4\"><\/td>\n      <\/tr>\n      <tr>\n        <td width=\"100%\">\n          <p align=\"center\" style=\"margin-right: 4; margin-top: 4; margin-bottom: 4\"><img loading=\"lazy\" decoding=\"async\" border=\"0\" src=\"\/podstawowa\/wp-content\/uploads\/zsp\/grafika\/logo.jpg\" width=\"378\" height=\"230\"><\/p>\n          <p align=\"center\" style=\"margin-right: 4; margin-top: 4; margin-bottom: 4\"><font color=\"#008000\" face=\"Tahoma\"><i>Karol\n          Wojty\u0142a patron <\/i><\/font><font color=\"#008000\" face=\"Tahoma\"><i>Gimnazjum<\/i><\/font><\/td>\n      <\/tr>\n      <tr>\n        <td width=\"100%\">\n          <p align=\"justify\" style=\"margin-right: 4; margin-top: 4; margin-bottom: 4\"><\/td>\n      <\/tr>\n      <tr>\n        <td width=\"100%\">\n          <p align=\"justify\" style=\"text-indent: 25; margin-right: 4; margin-top: 4; margin-bottom: 4\"><font face=\"Tahoma\" size=\"3\"><span style=\"mso-bidi-font-size: 12.0pt\">Mi\u0119dzyborowska\n          szko\u0142a jest jedn\u0105 z&nbsp;lepszych plac\u00f3wek o\u015bwiatowych w&nbsp;okolicy.\n          Mn\u00f3stwo dzieci z&nbsp;okolicznych miejscowo\u015bci ucz\u0119szcza tutaj. Jej\n          mocn\u0105 stron\u0105 jest wsp\u00f3\u0142praca ze \u015brodowiskiem i&nbsp;mieszka\u0144cami\n          Mi\u0119dzyborowa. Wszelkie dzia\u0142ania podejmowane s\u0105 przy wsp\u00f3\u0142pracy z&nbsp;rodzicami,\n          na kt\u00f3rych mo\u017cna zawsze liczy\u0107. Tradycja ta zosta\u0142a wypracowana\n          przez J\u00f3zefa Jagielskiego \u2013 wieloletniego kierownika szko\u0142y.\n          Kierunki pracy zapocz\u0105tkowane przez niego s\u0105 kontynuowane do dzi\u015b.\n          Obecny \u201esk\u0142ad si\u0142\u201d, podobnie jak przed laty, w&nbsp;oparciu o&nbsp;wsp\u00f3\u0142prac\u0119\n          z&nbsp;rodzicami i&nbsp;\u015brodowiskiem lokalnym, d\u0105\u017cy do tego, by\n          absolwent szko\u0142y by\u0142 cz\u0142owiekiem prawym, posiadaj\u0105cym rzeteln\u0105\n          wiedz\u0119, przygotowanym do godnego i&nbsp;m\u0105drego \u017cycia. Swoim\n          uczniom stara si\u0119 stwarza\u0107 warunki wszechstronnego rozwoju, dba o&nbsp;wysoki\n          poziom nauczania. Staraniem ca\u0142ej spo\u0142eczno\u015bci szkolnej uda\u0142o si\u0119\n          wytworzy\u0107 w&nbsp;szkole klimat pokoju, rzetelnej pracy i&nbsp;\u017cyczliwo\u015bci.\n          Dialog jest sposobem rozwi\u0105zywania spraw trudnych.<\/span><\/font><\/td>\n      <\/tr>\n      <tr>\n        <td width=\"100%\">\n          <p align=\"justify\" style=\"margin-right: 4; margin-top: 4; margin-bottom: 4\"><\/td>\n      <\/tr>\n      <tr>\n        <td width=\"100%\">\n          <p align=\"justify\" style=\"text-indent: 25; margin-right: 4; margin-top: 4; margin-bottom: 4\"><font face=\"Tahoma\" size=\"3\"><span style=\"mso-bidi-font-size: 12.0pt\">Wielu\n          ludziom bardzo trudno jest zrozumie\u0107, \u017ce komu\u015b mo\u017ce chcie\u0107 si\u0119\n          co\u015b robi\u0107, po\u015bwi\u0119ca\u0107 sw\u00f3j wolny czas dla innych, \u017ce rodzice i&nbsp;uczniowie\n          mog\u0105 by\u0107 partnerami dla dyrekcji i&nbsp;nauczycieli. A&nbsp;szko\u0142a,\n          tak jak przed laty, nadal jest miejscem wsp\u00f3lnej pracy i&nbsp;zabawy\n          uczni\u00f3w, rodzic\u00f3w, nauczycieli, cz\u0142onk\u00f3w spo\u0142eczno\u015bci\n          lokalnej.&nbsp; Wszystko to sk\u0142ada si\u0119 na niepowtarzaln\u0105 atmosfer\u0119\n          Zespo\u0142u Szk\u00f3\u0142 Publicznych w&nbsp;Mi\u0119dzyborowie.<\/span><\/font><\/td>\n      <\/tr>\n      <tr>\n        <td width=\"100%\">\n          <p style=\"margin-right: 4\"><\/td>\n      <\/tr>\n      <tr>\n        <td width=\"100%\">\n          <p align=\"center\" style=\"margin-right: 4\"><img loading=\"lazy\" decoding=\"async\" border=\"0\" src=\"\/zsp\/grafika\/historia_szkoly\/zsp_historia_2.jpg\" width=\"472\" height=\"251\"><\/p>\n          <p align=\"center\" style=\"margin-right: 4\"><font face=\"Tahoma\" color=\"#008000\"><i>Widok szko\u0142y\n          &#8211; 2002 r.<\/i><\/font><\/td>\n      <\/tr>\n      <tr>\n        <td width=\"100%\">\n          <p style=\"margin-right: 4\">&nbsp;\n          <p style=\"margin-right: 4\">&nbsp;<\/td>\n      <\/tr>\n      <tr>\n        <td width=\"100%\">\n          <p align=\"center\" style=\"margin-right: 4\"><img loading=\"lazy\" decoding=\"async\" border=\"0\" src=\"\/zsp\/grafika\/historia_szkoly\/zsp_historia_3.jpg\" width=\"472\" height=\"261\"><\/td>\n      <\/tr>\n      <tr>\n        <td width=\"100%\">\n          <p style=\"margin-right: 4\">&nbsp;\n          <p style=\"margin-right: 4\">&nbsp;<\/td>\n      <\/tr>\n      <tr>\n        <td width=\"100%\">\n          <p align=\"center\" style=\"margin-right: 4\"><img loading=\"lazy\" decoding=\"async\" border=\"0\" src=\"\/zsp\/grafika\/historia_szkoly\/zsp_historia_13.jpg\" width=\"378\" height=\"157\"><\/td>\n      <\/tr>\n      <tr>\n        <td width=\"100%\">\n          <p style=\"margin-right: 4\">&nbsp;\n          <p style=\"margin-right: 4\">&nbsp;<\/td>\n      <\/tr>\n      <tr>\n        <td width=\"100%\">\n          <p align=\"center\" style=\"margin-right: 4\"><font face=\"Tahoma\" color=\"#008000\"><i>Widok szko\u0142y\n          &#8211; 2008 r.<\/i><\/font><\/p>\n          <p align=\"center\" style=\"margin-right: 4\">&nbsp;<\/td>\n      <\/tr>\n      <tr>\n        <td width=\"100%\">\n          <p align=\"center\" style=\"margin-right: 4\"><img loading=\"lazy\" decoding=\"async\" border=\"0\" src=\"\/zsp\/grafika\/historia_szkoly\/zsp_historia_10.jpg\" width=\"283\" height=\"190\"><\/td>\n      <\/tr>\n      <tr>\n        <td width=\"100%\">\n          <p align=\"center\" style=\"margin-right: 4\">&nbsp;<\/p>\n          <p align=\"center\" style=\"margin-right: 4\"><font face=\"Tahoma\" color=\"#008000\"><i>Widok szko\u0142y\n          &#8211; 2010 r.<\/i><\/font><\/td>\n      <\/tr>\n      <tr>\n        <td width=\"100%\">\n          <p style=\"margin-right: 4\">&nbsp;\n          <p style=\"margin-right: 4\">&nbsp;<\/td>\n      <\/tr>\n      <tr>\n        <td width=\"100%\">\n          <p align=\"center\" style=\"margin-right: 4\"><img loading=\"lazy\" decoding=\"async\" border=\"0\" src=\"\/zsp\/grafika\/historia_szkoly\/zsp_historia_9.jpg\" width=\"283\" height=\"190\"><\/td>\n      <\/tr>\n      <\/table>\n    <p class=\"MsoNormal\" style=\"text-indent: 35.4pt; line-height: 150%\" align=\"justify\">&nbsp;<\/p>\n    <p class=\"MsoNormal\" style=\"text-indent: 35.4pt; line-height: 150%\" align=\"justify\"><font face=\"Tahoma\" size=\"3\"><span style=\"mso-bidi-font-size: 12.0pt\"><o:p>\n    <\/o:p>\n    <\/span><\/font><\/p>\n    <p class=\"MsoNormal\" style=\"text-indent: 35.4pt; line-height: 150%\" align=\"justify\"><font face=\"Tahoma\" size=\"3\"><span style=\"mso-bidi-font-size: 12.0pt\"><o:p>\n    <\/o:p>\n    <\/span><\/font><\/p>\n    <p class=\"MsoNormal\" style=\"text-indent: 35.4pt; line-height: 150%\" align=\"justify\"><span style=\"font-size:13.0pt;mso-bidi-font-size:12.0pt\"><o:p>\n    <\/o:p>\n    <\/span><\/p>\n    <p align=\"center\" style=\"line-height: 150%; margin-top: 8\"><\/p>\n    <p align=\"center\" style=\"line-height: 150%; margin-top: 8\">&nbsp;<\/p>\n    <table border=\"1\" cellspacing=\"0\" cellpadding=\"0\" style=\"border-collapse:collapse;\n border:none;mso-border-alt:solid windowtext .5pt;mso-padding-alt:0cm 3.5pt 0cm 3.5pt\">\n    <\/table>\n\n\n\n      <\/td>\n    <\/tr>\n  <\/table>\n\n\n<h1 style=\"text-align: center;\">&nbsp;<\/h1>\n<p><\/p>","protected":false},"excerpt":{"rendered":"<p class=\"tx-excerpt\">Historia Zespo\u0142u Szk\u00f3\u0142 Publicznych w Mi\u0119dzyborowie Pocz\u0105tek powstania Szko\u0142y w Mi\u0119dzyborowie datuje si\u0119 na wrzesie\u0144 1923 roku, kiedy to za\u0142o\u017cono jednoklasow\u0105 Publiczn\u0105 Szko\u0142\u0119 Powszechn\u0105 w&nbsp;Bieganowie. Kierownictwo nad ni\u0105 obj\u0105\u0142 Jan Zasadny, a&nbsp;mie\u015bci\u0142a si\u0119<div class=\"tx-read-more\"><a href=\"https:\/\/szkola.miedzyborow.pl\/podstawowa\/historia-szkoly\/\">Czytaj wi\u0119cej<\/a><\/div>","protected":false},"author":2,"featured_media":0,"parent":0,"menu_order":0,"comment_status":"closed","ping_status":"closed","template":"","meta":[],"_links":{"self":[{"href":"https:\/\/szkola.miedzyborow.pl\/podstawowa\/wp-json\/wp\/v2\/pages\/1688"}],"collection":[{"href":"https:\/\/szkola.miedzyborow.pl\/podstawowa\/wp-json\/wp\/v2\/pages"}],"about":[{"href":"https:\/\/szkola.miedzyborow.pl\/podstawowa\/wp-json\/wp\/v2\/types\/page"}],"author":[{"embeddable":true,"href":"https:\/\/szkola.miedzyborow.pl\/podstawowa\/wp-json\/wp\/v2\/users\/2"}],"replies":[{"embeddable":true,"href":"https:\/\/szkola.miedzyborow.pl\/podstawowa\/wp-json\/wp\/v2\/comments?post=1688"}],"version-history":[{"count":9,"href":"https:\/\/szkola.miedzyborow.pl\/podstawowa\/wp-json\/wp\/v2\/pages\/1688\/revisions"}],"predecessor-version":[{"id":1883,"href":"https:\/\/szkola.miedzyborow.pl\/podstawowa\/wp-json\/wp\/v2\/pages\/1688\/revisions\/1883"}],"wp:attachment":[{"href":"https:\/\/szkola.miedzyborow.pl\/podstawowa\/wp-json\/wp\/v2\/media?parent=1688"}],"curies":[{"name":"wp","href":"https:\/\/api.w.org\/{rel}","templated":true}]}}