{"id":1690,"date":"2023-01-20T11:32:17","date_gmt":"2023-01-20T10:32:17","guid":{"rendered":"https:\/\/szkola.miedzyborow.pl\/podstawowa\/?page_id=1690"},"modified":"2023-01-26T10:41:58","modified_gmt":"2023-01-26T09:41:58","slug":"patron-szkoly","status":"publish","type":"page","link":"https:\/\/szkola.miedzyborow.pl\/podstawowa\/patron-szkoly\/","title":{"rendered":"Patron szko\u0142y"},"content":{"rendered":"\n<p><strong>W Mi\u0119dzyborowie<\/strong><\/p>\n\n\n\n<table class=\"szkielet\" border=\"0\" width=\"100%\" cellspacing=\"0\" cellpadding=\"0\">\n    <tr>\n      <td width=\"100%\">\n        <h1>PATRON SZKO\u0141Y &#8211; J\u00d3ZEF JAGIELSKI<\/h1>\n\t<BR>\n    <table border=\"0\" width=\"100%\" cellspacing=\"0\" cellpadding=\"0\">\n      <tr>\n        <td width=\"32%\">\n          <p align=\"center\"><img decoding=\"async\" border=\"0\" src=\"\/podstawowa\/wp-content\/uploads\/grafika\/patron.jpg\" width=\"196\" height=\"243\" style=\"border: 5 groove #005A00\"><\/p>\n        <\/td>\n        <td width=\"68%\">\n                      <p class=\"MsoNormal\" style=\"text-align:justify\"><b style=\"mso-bidi-font-weight:\nnormal\"><u><font face=\"Tahoma\" color=\"#005A00\">Nauka<o:p><\/font><font color=\"#000000\" face=\"Tahoma\"><\/o:p>\n                      <\/font><\/u><\/b><\/p>\n                                <p class=\"MsoNormal\" style=\"text-indent: 35.4pt\" align=\"justify\"><font color=\"#000000\" face=\"Tahoma\">J\u00f3zef\n                      Jagielski urodzi\u0142 si\u0119 27.11.1908 roku we wsi Przewodowo\n                      w&nbsp;powiecie pu\u0142tuskim, wojew\u00f3dztwo warszawskie. Od si\u00f3dmego\n                      roku \u017cycia ucz\u0119szcza\u0142 do 1 \u2013 klasowej publicznej szko\u0142y\n                      powszechnej w Przewodowie, a&nbsp;nast\u0119pnie do Pa\u0144stwowej\n                      Preparandy Nauczycielskiej w&nbsp;Pu\u0142tusku (1923 \u2013 1928), po\n                      kt\u00f3rej uko\u0144czeniu rozpocz\u0105\u0142 dalsz\u0105 nauk\u0119 w Pa\u0144stwowym\n                      Seminarium Nauczycielskim M\u0119skim (tak\u017ce w Pu\u0142tusku). Ju\u017c\n                      jako nauczyciel szko\u0142y w&nbsp;Ojrzanowie uko\u0144czy\u0142\n                      eksternistycznie Pa\u0144stwowy Wy\u017cszy Kurs Nauczycielski w\n                      Warszawie. Dalsz\u0105 nauk\u0119 kontynuowa\u0142 w Collegium\n                      Pedagogicum Wolnej Wszechnicy Polskiej w Warszawie (1937\n                      \u2013 1939) oraz na Tajnych Kompletach Wydzia\u0142u\n                      Pedagogicznego Wolnej Wszechnicy Polskiej (2.07.1943 \u2013\n                      13.05.1946). Po przedstawieniu i&nbsp;pozytywnej ocenie pracy\n                      magisterskiej pt.: \u201eSzko\u0142y bazylia\u0144skie koronne za\n                      czas\u00f3w KEN (1773 \u2013 1786) uzyska\u0142 tytu\u0142 magistra\n                      filozofii z zakresu pedagogiki (1946).<\/font><\/p>\n        <\/td>\n      <\/tr>\n      <tr>\n        <td width=\"100%\" colspan=\"2\">\n                <p class=\"MsoNormal\" style=\"text-align:justify\"><font color=\"#005A00\" face=\"Tahoma\"><b style=\"mso-bidi-font-weight:\nnormal\"><BR>&nbsp;&nbsp;&nbsp;&nbsp;&nbsp;&nbsp;&nbsp;&nbsp;&nbsp; <u>Praca w Ojrzanowie<o:p>\n                <\/u><\/b>\n                <\/font><u><b style=\"mso-bidi-font-weight:\nnormal\"><font color=\"#000000\" face=\"Tahoma\">\n                <\/o:p>\n                <\/font><\/b><\/u><\/p>\n          <p class=\"MsoNormal\" style=\"text-align:justify;text-indent:35.4pt\"><font color=\"#000000\" face=\"Tahoma\">Pierwsza\n                prac\u0119 pan Jagielski podj\u0105\u0142 1.09.1928 roku w 4 \u2013 klasowej\n                publicznej szkole powszechnej <span style=\"mso-spacerun: yes\">&nbsp;<\/span>w\n          Ojrzanowie, gmina Sku\u0142y, powiat b\u0142o\u0144ski (od 1.09.1928 \u2013\n                tymczasowy nauczyciel, od 14.03.1932 sta\u0142y nauczyciel\n                publicznych szk\u00f3\u0142 powszechnych). Naucza\u0142, kszta\u0142ci\u0142 si\u0119\n                nadal i dzia\u0142a\u0142 spo\u0142ecznie. Zorganizowa\u0142 i prowadzi\u0142 Zwi\u0105zek\n                M\u0142odzie\u017cy Ludowej w&nbsp;Ojrzanowie, dzia\u0142a\u0142 w stowarzyszeniach\n                spo\u0142ecznych \u2013 OSP, Stowarzyszeniu Sp\u00f3\u0142dzielni Spo\u017cywc\u00f3w.\n                Pe\u0142ni\u0142 funkcje przewodnicz\u0105cego gminnych konferencji\n                nauczycielsk<o:p>ich.&nbsp;<\/font><\/p>\n          <p class=\"MsoNormal\" style=\"text-align:justify;text-indent:35.4pt\"><u><b style=\"mso-bidi-font-weight:\nnormal\"><font color=\"#005A00\" face=\"Tahoma\">W Mi\u0119dzyborowie<o:p>\n          <\/font><font color=\"#000000\" face=\"Tahoma\">\n                <\/o:p>\n          <\/font><\/b><\/u><\/p>\n                <p class=\"MsoNormal\" style=\"text-align:justify;text-indent:35.4pt\"><font color=\"#000000\" face=\"Tahoma\">Tak\n                by\u0142o do 1 sierpnia 1937. Wtedy to w wyniku konkursu p.\n                Jagielski zosta\u0142 mianowany kierownikiem publicznej szko\u0142y\n                powszechnej w Mi\u0119dzyborowie \u2013 Bieganowie, gmina \u017byrard\u00f3w,\n                powiat b\u0142o\u0144ski. Najpierw zako\u0144czy\u0142 budow\u0119 szko\u0142y, kt\u00f3ra\n                zosta\u0142a oddana do u\u017cytku 2 lutego 1938 roku. Potem zaj\u0105\u0142 si\u0119\n                sprawami spo\u0142ecznymi.<o:p>\n                <\/o:p>\n                <\/font><\/p>\n                <p class=\"MsoNormal\" style=\"text-align:justify\"><b style=\"mso-bidi-font-weight:\nnormal\"><font color=\"#000000\" face=\"Tahoma\">&nbsp;&nbsp;&nbsp;&nbsp;&nbsp;&nbsp;&nbsp;&nbsp;&nbsp;\n                <\/font><u><font color=\"#005A00\" face=\"Tahoma\">Wojna<\/font><font color=\"#000000\" face=\"Tahoma\"><o:p>\n                <\/font><\/u><\/b><\/p>\n                <p class=\"MsoNormal\" style=\"text-align:justify\"><font color=\"#000000\" face=\"Tahoma\">&nbsp;&nbsp;&nbsp;&nbsp;&nbsp;&nbsp;&nbsp;&nbsp;&nbsp;\n                Wybuch\u0142a\n                wojna. Rok szkolny rozpocz\u0105\u0142 si\u0119 dopiero 4 listopada 1939\n                roku. Obok oficjalnych zaj\u0119\u0107 p. Jagielski prowadzi\u0142 tajne\n                nauczanie (zorganizowane tajne nauczanie od 1.09.1941 do\n                17.01.1945, nauczane przedmioty \u2013 historia, literatura polska\n                i geografia) i by\u0142 przewodnicz\u0105cym Powiatowej Komisji Kultury\n                i O\u015bwiaty w tajnym nauczaniu. By\u0142 tak\u017ce cz\u0142onkiem ruchu\n                oporu (od 4.04.1940 w szeregach ZWZ od 1.08.1942 w AK, obw\u00f3d\n                \u201eBa\u017cant\u201d, o\u015brodek \u201eOsa\u201d, pseudonim \u201eWilczur\u201d). Pe\u0142ni\u0142\n                funkcj\u0119 dow\u00f3dcy grupy wywiadowczej na Mi\u0119dzybor\u00f3w i\n                okoliczne wsie. Grupa zajmowa\u0142a si\u0119 m.in. obserwacj\u0105\n                volksdeutsch\u00f3w, powstrzymywaniem kontyngent\u00f3w, niszczeniem\n                drogowskaz\u00f3w, rozpowszechnianiem prasy podziemnej, terenowymi\n                \u0107wiczeniami wojskowymi (odbywa\u0142y si\u0119 one m.in. w szkole do\n                chwili zaj\u0119cia parteru szko\u0142y przez hitlerowc\u00f3w w po\u0142owie pa\u017adziernika\n                1944 roku), obserwacj\u0105 Niemc\u00f3w w\n                Szkole Podstawowej pilnuj\u0105cych sk\u0142adu amunicji, S\u0142u\u017cb\u0105\n                Ochrony Powstania, zdobywaniem fa\u0142szywych dokument\u00f3w dla\n                miejscowych komunist\u00f3w. W szkole mie\u015bci\u0142 si\u0119 punkt\n                informacyjny w mieszkaniu nauczycielki, kt\u00f3ra by\u0142a \u0142\u0105cznikiem,\n                a oficjalnie prowadzi\u0142a ko\u0142o PCK. W ramach wsp\u00f3\u0142pracy z PCK p.\n                Kierownik przes\u0142a\u0142 paczki dla je\u0144c\u00f3w polskich w&nbsp;Niemczech.\n                By\u0142 r\u00f3wnie\u017c cz\u0142onkiem zarz\u0105du miejscowego RGO (1944). Przez\n                dwa tygodnie przebywa\u0142 w obozie w Skierniewicach.<o:p>\n                <\/o:p>\n                <\/font><\/p>\n\n          <p align=\"center\" style=\"margin-right: 4\"><img fetchpriority=\"high\" decoding=\"async\" border=\"0\" src=\"\/podstawowa\/wp-content\/uploads\/grafika\/patron4.jpg\" width=\"291\" height=\"195\"><\/p>\n          <p align=\"center\" style=\"margin-right: 4; margin-top: 0; margin-bottom: 0\"><font face=\"Tahoma\" size=\"3\" color=\"#008000\"><i>Lekcja\n          prac r\u0119cznych z ch\u0142opcami klas 7.<BR>listopad 1948 r.<\/i><\/font><\/p>\n\n                <p class=\"MsoNormal\" style=\"text-align:justify\"><font color=\"#005A00\" face=\"Tahoma\"><b style=\"mso-bidi-font-weight:\nnormal\">&nbsp;&nbsp;&nbsp;&nbsp;&nbsp;&nbsp;&nbsp;&nbsp; <\/b><u><b style=\"mso-bidi-font-weight:\nnormal\">Lata powojenne<o:p>\n                <\/b><\/u>\n                <\/font><b style=\"mso-bidi-font-weight:\nnormal\"><u><font color=\"#000000\" face=\"Tahoma\">\n                <\/o:p>\n                <\/font><\/u><\/b><\/p>\n                <p class=\"MsoNormal\" style=\"text-align:justify;text-indent:35.4pt\"><font color=\"#000000\" face=\"Tahoma\">Wojna\n                si\u0119 sko\u0144czy\u0142a, nast\u0105pi\u0142 okres intensywnej odbudowy\n                ogromnych zniszcze\u0144 poczynionych przez okupanta. Wielu nak\u0142ad\u00f3w\n                i stara\u0144 wymaga\u0142a tak\u017ce szko\u0142a, kt\u00f3ra ucierpia\u0142a w\n                ostatnich dniach przed wyzwoleniem w wyniku wybuchu sk\u0142adowanej\n                w jej pobli\u017cu amunicji. W 1948 roku uda\u0142o si\u0119 ogrodzi\u0107 teren\n                szko\u0142y. W latach 1953- 55 powsta\u0142 budynek \u015bwietlicy (istniej\u0105cy\n                do dzi\u015b), gdzie organizowano wiele szkolnych uroczysto\u015bci,\n                przyje\u017cd\u017ca\u0142o kino i&nbsp;odbywa\u0142y si\u0119 zebrania spo\u0142eczno\u015bci\n                lokalnej, a&nbsp;w&nbsp;latach 1963 \u2013 1964 rozbudowano szko\u0142\u0119 o&nbsp;drugie skrzyd\u0142o.\n                Nad wszystkim czuwa\u0142 p. Jagielski.<\/font><\/p>\n                <p class=\"MsoNormal\" style=\"text-align:justify;text-indent:35.4pt\"><font color=\"#000000\" face=\"Tahoma\">Pan\n                Jagielski zaj\u0105\u0142 si\u0119, obok pracy na stanowisku kierownika i\n                nauczyciela szko\u0142y, dzia\u0142alno\u015bci\u0105 spo\u0142eczn\u0105. W latach 1945\n                \u2013 46 zak\u0142ada\u0142 w ka\u017cdej wsi w rejonie szko\u0142y k\u00f3\u0142ka\n                rolnicze, ko\u0142a Zwi\u0105zku M\u0142odzie\u017cy Wiejskiej (1948), ko\u0142a\n                gospody\u0144 wiejskich (1959 r. w&nbsp;Mi\u0119dzyborowie), Ochotnicz\u0105 Stra\u017c\n                Po\u017carn\u0105 (1966). By\u0142 organizatorem elektryfikacji Mi\u0119dzyborowa\n                i okolic (pod\u0142\u0105czono \u015bwiat\u0142o<span style=\"mso-spacerun: yes\">&nbsp;<\/span>do\n                wszystkich zabudowa\u0144, o\u015bwietlono ulice), z jego inicjatywy\n                powsta\u0142a droga \u0142\u0105cz\u0105ca szko\u0142\u0119 ze stacj\u0105 kolejow\u0105 (wraz z\n                uczniami, nauczycielami, rodzicami uczestniczy\u0142 w pracach\n                odwadniaj\u0105cych podmok\u0142y teren przysz\u0142ej drogi), wybudowano\n                stra\u017cnic\u0119 OSP w Mi\u0119dzyborowie, pozyskano dzia\u0142k\u0119 pod\n                cmentarz. <span style=\"mso-spacerun: yes\">&nbsp;&nbsp;<\/span>By\u0142\n                tak\u017ce cz\u0142onkiem gromadzkiej, gminnej i powiatowej Rady\n                Narodowej, dzia\u0142aczem GS \u201eSamopomoc Ch\u0142opska), Spo\u0142ecznym\n                Obro\u0144c\u0105 Prawnym przy Kuratorium O\u015bwiaty w Warszawie (dwie\n                kadencje), aktywnym dzia\u0142aczem oddzia\u0142u powiatowego Zwi\u0105zku\n                Nauczycielstwa Polskiego w&nbsp;Grodzisku Mazowieckim, kierownikiem\n                Powiatowego O\u015brodka Metodycznego w Grodzisku Mazowieckim,\n                Powiatowym Instruktorem Geografii, przewodnikiem szkolnej dru\u017cyny\n                ZHP (1951 \u2013 1955).<\/font><\/p>\n                <p class=\"MsoNormal\" style=\"text-align:justify;text-indent:35.4pt\"><font color=\"#000000\" face=\"Tahoma\">W\n                1948 roku p. Jagielski za\u0142o\u017cy\u0142 Ludowy Zesp\u00f3\u0142 Sportowy w Mi\u0119dzyborowie,\n                kt\u00f3ry przyj\u0105\u0142 nazw\u0119 \u201eWrzos\u201d. Mimo trudnych pocz\u0105tk\u00f3w\n                (brak lokalu, urz\u0105dze\u0144, sprz\u0119tu, pieni\u0119dzy), dzia\u0142alno\u015b\u0107\n                zespo\u0142u nabiera\u0142a rozmachu, przysz\u0142y pierwsze sukcesy\n                sportowe. Ma\u0142o kto wie, i\u017c&nbsp;z&nbsp;mi\u0119dzyborowskiego ko\u0142a LZS wysz\u0142a\n                cz\u0142onkini kadry narodowej Polski i&nbsp;mistrzyni Polski w&nbsp;pi\u0119cioboju\n                Halina Elertowicz \u2013 Krzy\u017ca\u0144ska, a&nbsp;tak\u017ce nie mniej wa\u017cne\n                dla nas osoby jak Barbara Siemianowska, Krystyna Wi\u015bniewski,\n                Zygmunt Zawaligroda, Krzysztof Jakubiak. W&nbsp;1962 roku w&nbsp;klubie\n                \u201eWrzos\u201d dzia\u0142a\u0142o sze\u015b\u0107 sekcji: pi\u0142ki no\u017cnej, pi\u0142ki\n                siatkowej kobiet i&nbsp;m\u0119\u017cczyzn, tenisa sto\u0142owego, sport\u00f3w\n                zimowych i&nbsp;sekcja szachowa.<\/font><\/p>\n                <p class=\"MsoNormal\" style=\"text-align:justify;text-indent:35.4pt\"><font color=\"#000000\" face=\"Tahoma\">Szczeg\u00f3lna\n                pasj\u0105 p. Kierownika by\u0142 tenis sto\u0142owy. Przez 18 lat\n                reprezentowali\u015bmy Powiat Grodziski w turniejach w ping \u2013\n                ponga. W r\u00f3\u017cnych imprezach sportowych i&nbsp;konkursach szko\u0142a\n                zdoby\u0142a w tym czasie<span style=\"mso-spacerun: yes\">&nbsp; <\/span>5\n                puchar\u00f3w, 51 dyplom\u00f3w, 16 proporczyk\u00f3w. Sukcesami zako\u0144czy\u0142y\n                si\u0119 tak\u017ce wyst\u0119py w olimpiadzie wiedzy sp\u00f3\u0142dzielczej i&nbsp;samorz\u0105dowej &#8211; powiat grodziski reprezentowali\u015bmy przez 6 lat\n                w pi\u0119ciu pionach.<\/font><\/p>\n                <p class=\"MsoNormal\" style=\"text-align:justify;text-indent:35.4pt\"><font color=\"#000000\" face=\"Tahoma\">Pan\n                Jagielski odszed\u0142 na emerytur\u0119 1.09.1972 roku \u017cegnaj\u0105c szko\u0142\u0119\n                w Mi\u0119dzyborowie, kt\u00f3ra za jego czas\u00f3w uchodzi\u0142a za jedn\u0105 z&nbsp;najlepszych plac\u00f3wek w powiecie grodziskim.<o:p>\n                <\/o:p>\n                <\/font><\/p>\n\n          <p align=\"center\" style=\"margin-right: 4\"><img decoding=\"async\" border=\"0\" src=\"\/podstawowa\/wp-content\/uploads\/grafika\/patron2.jpg\" width=\"282\" height=\"177\"><\/p>\n          <p align=\"center\" style=\"margin-right: 4; margin-top: 0; margin-bottom: 0\"><font size=\"3\" face=\"Tahoma\" color=\"#008000\"><i>Klasa\n          6 podczas lekcji<BR> rok szkolny 1955\/56<\/i><\/font><\/p>\n\n          <p align=\"center\" style=\"margin-right: 4\"><img loading=\"lazy\" decoding=\"async\" border=\"0\" src=\"\/podstawowa\/wp-content\/uploads\/grafika\/patron3.jpg\" width=\"306\" height=\"195\"><\/p>\n          <p align=\"center\" style=\"margin-right: 4; margin-top: 0; margin-bottom: 0\"><font size=\"3\" face=\"Tahoma\" color=\"#008000\"><i>Poletko\n          ziemniak\u00f3w i kukurydzy <\/i><\/font><\/p>\n          <p align=\"center\" style=\"margin-right: 4; margin-top: 0; margin-bottom: 0\"><font size=\"3\" face=\"Tahoma\" color=\"#008000\"><i>&#8211;\n          udzia\u0142 w konkursie poletek do\u015bwiadczalnych.<\/i><\/font><\/p>\n          <p align=\"center\" style=\"margin-right: 4; margin-top: 0; margin-bottom: 0\"><font size=\"3\" face=\"Tahoma\" color=\"#008000\"><i>(zdobycie\n          III miejsca w powiecie)<\/i><\/font><\/p>\n\n                <p class=\"MsoNormal\"><font color=\"#000000\" face=\"Tahoma\"><b style=\"mso-bidi-font-weight:\nnormal\">&nbsp;&nbsp;&nbsp;&nbsp;&nbsp;&nbsp;&nbsp;&nbsp; <\/b>\n                <\/font><u><b style=\"mso-bidi-font-weight:\nnormal\"><font color=\"#005A00\" face=\"Tahoma\">Patron Szko\u0142y<o:p>\n                <\/font><font color=\"#000000\" face=\"Tahoma\">\n                <\/o:p>\n                <\/font><\/b><\/u><\/p>\n                <p class=\"MsoBodyText\" style=\"text-align:justify;text-indent:35.4pt\"><span style=\"font-size:12.0pt;font-weight:normal;font-style:normal\"><font color=\"#000000\" face=\"Tahoma\">Pierwsze\n                starania pozyskania dla szko\u0142y patrona rozpocz\u0119to 25 lutego\n                1993 roku. Na posiedzeniu Rady Szko\u0142y, Komitetu Budowy Sali\n                Gimnastycznej i mieszka\u0144c\u00f3w Mi\u0119dzyborowa wysuni\u0119to\n                kandydatur\u0119 pana Jagielskiego. W\u00f3wczas pan Jagielski nie\n                wyrazi\u0142 zgody.<o:p>\n                <\/o:p>\n                <\/font><\/span><\/p>\n                <p class=\"MsoBodyText\" style=\"text-align:justify;text-indent:35.4pt\"><span style=\"font-size:12.0pt;font-weight:normal;font-style:normal\"><font color=\"#000000\" face=\"Tahoma\">Kolejne\n                dzia\u0142ania podj\u0119to w 1997 roku. W ich efekcie na posiedzeniu\n                rady pedagogicznej <span style=\"mso-spacerun: yes\">&nbsp;<\/span>20\n                stycznia 1998 roku zdecydowano o w\u0142\u0105czeniu ca\u0142ej spo\u0142eczno\u015bci\n                szkolnej \u2013 uczni\u00f3w, nauczycieli, rodzic\u00f3w i sympatyk\u00f3w szko\u0142y\n                w wyb\u00f3r patrona.<o:p>\n                <\/o:p>\n                <\/font><\/span><\/p>\n                <p class=\"MsoBodyText\" style=\"text-align:justify;text-indent:35.4pt\"><font color=\"#000000\" face=\"Tahoma\"><span style=\"font-size:12.0pt;font-weight:normal;font-style:normal\">Uczniowie\n                w uroczystych wyborach wy\u0142onili Kazimierz Deyn\u0119,<\/span><span style=\"font-size:\n12.0pt\"> <\/span><span style=\"font-size:12.0pt;font-weight:normal;font-style:\nnormal\">kandydatem rady pedagogicznej zosta\u0142 Karol Wojty\u0142a, za\u015b rodzice\n                jednog\u0142o\u015bnie opowiedzieli si\u0119 za panem J\u00f3zefem Jagielskim.<o:p>\n                <\/o:p>\n                <\/span><\/font><\/p>\n                <p class=\"MsoBodyText\" style=\"text-align:justify;text-indent:35.4pt\"><span style=\"font-size:12.0pt;font-weight:normal;font-style:normal\"><font color=\"#000000\" face=\"Tahoma\">24\n                wrze\u015bnia1998 roku na posiedzeniu Rady Szko\u0142y zdecydowano, \u017ce\n                patronem Szko\u0142y Podstawowej w Mi\u0119dzyborowie b\u0119dzie jej d\u0142ugoletni\n                kierownik, budowniczy, cz\u0142owiek zas\u0142u\u017cony dla ca\u0142ej spo\u0142eczno\u015bci\n                Mi\u0119dzyborowa \u2013 Pan J\u00f3zef Jagielski.<o:p>\n                <\/o:p>\n                <\/font><\/span><\/p>\n                <p class=\"MsoBodyText\" style=\"text-align:justify\"><span style=\"font-size:12.0pt;\nfont-weight:normal;font-style:normal\"><span style=\"mso-tab-count:1\"><font color=\"#000000\" face=\"Tahoma\">&nbsp;&nbsp;&nbsp;&nbsp;&nbsp;&nbsp;&nbsp;&nbsp;&nbsp;&nbsp;&nbsp;\n                <\/font><\/span><font color=\"#000000\" face=\"Tahoma\">Ca\u0142a szko\u0142a przyst\u0105pi\u0142a\n                do organizowania uroczysto\u015bci nadanie szkole imienia, kt\u00f3r\u0105\n                po\u0142\u0105czono <span style=\"mso-spacerun: yes\">&nbsp;<\/span>z\n                obchodami 75 \u2013 lecia istnienia plac\u00f3wki. Uroczyste nadanie\n                szkole imienia J\u00f3zefa Jagielskiego po\u0142\u0105czone z ufundowaniem\n                sztandaru mia\u0142o miejsce 22 maja 1999 roku.<\/font>\n                <\/span><\/p>\n          <p>&nbsp;<\/td>\n      <\/tr>\n      <tr>\n        <td width=\"100%\" colspan=\"2\">\n        <\/td>\n      <\/tr>\n    <\/table>\n    <p align=\"center\" style=\"line-height: 150%; margin-top: 8\">&nbsp;<\/p>\n  <\/td>\n  <\/tr>\n<\/table>\n\n\n\n<p><strong>&nbsp;&nbsp;&nbsp;&nbsp;&nbsp;&nbsp;&nbsp;&nbsp;&nbsp; <\/strong><\/p>\n","protected":false},"excerpt":{"rendered":"<p class=\"tx-excerpt\">W Mi\u0119dzyborowie PATRON SZKO\u0141Y &#8211; J\u00d3ZEF JAGIELSKI Nauka J\u00f3zef Jagielski urodzi\u0142 si\u0119 27.11.1908 roku we wsi Przewodowo w&nbsp;powiecie pu\u0142tuskim, wojew\u00f3dztwo warszawskie. Od si\u00f3dmego roku \u017cycia ucz\u0119szcza\u0142 do 1 \u2013 klasowej publicznej szko\u0142y powszechnej<div class=\"tx-read-more\"><a href=\"https:\/\/szkola.miedzyborow.pl\/podstawowa\/patron-szkoly\/\">Czytaj wi\u0119cej<\/a><\/div>","protected":false},"author":2,"featured_media":0,"parent":0,"menu_order":0,"comment_status":"closed","ping_status":"closed","template":"","meta":[],"_links":{"self":[{"href":"https:\/\/szkola.miedzyborow.pl\/podstawowa\/wp-json\/wp\/v2\/pages\/1690"}],"collection":[{"href":"https:\/\/szkola.miedzyborow.pl\/podstawowa\/wp-json\/wp\/v2\/pages"}],"about":[{"href":"https:\/\/szkola.miedzyborow.pl\/podstawowa\/wp-json\/wp\/v2\/types\/page"}],"author":[{"embeddable":true,"href":"https:\/\/szkola.miedzyborow.pl\/podstawowa\/wp-json\/wp\/v2\/users\/2"}],"replies":[{"embeddable":true,"href":"https:\/\/szkola.miedzyborow.pl\/podstawowa\/wp-json\/wp\/v2\/comments?post=1690"}],"version-history":[{"count":6,"href":"https:\/\/szkola.miedzyborow.pl\/podstawowa\/wp-json\/wp\/v2\/pages\/1690\/revisions"}],"predecessor-version":[{"id":1887,"href":"https:\/\/szkola.miedzyborow.pl\/podstawowa\/wp-json\/wp\/v2\/pages\/1690\/revisions\/1887"}],"wp:attachment":[{"href":"https:\/\/szkola.miedzyborow.pl\/podstawowa\/wp-json\/wp\/v2\/media?parent=1690"}],"curies":[{"name":"wp","href":"https:\/\/api.w.org\/{rel}","templated":true}]}}