{"id":1696,"date":"2023-01-20T11:33:27","date_gmt":"2023-01-20T10:33:27","guid":{"rendered":"https:\/\/szkola.miedzyborow.pl\/podstawowa\/?page_id=1696"},"modified":"2023-01-26T10:55:49","modified_gmt":"2023-01-26T09:55:49","slug":"logo-szkoly","status":"publish","type":"page","link":"https:\/\/szkola.miedzyborow.pl\/podstawowa\/logo-szkoly\/","title":{"rendered":"Logo szko\u0142y Podstawowej"},"content":{"rendered":"\n<div class=\"wp-block-media-text alignwide is-stacked-on-mobile\" style=\"grid-template-columns:19% auto\"><figure class=\"wp-block-media-text__media\"><img decoding=\"async\" width=\"171\" height=\"165\" src=\"https:\/\/szkola.miedzyborow.pl\/podstawowa\/wp-content\/uploads\/2022\/12\/logo_sp.jpg\" alt=\"\" class=\"wp-image-845 size-full\"\/><\/figure><div class=\"wp-block-media-text__content\">\n<p class=\"has-text-align-center\">Logo Szko\u0142y Podstawowej zosta\u0142o wybrane w wyniku konkursu przeprowadzonego w\u015br\u00f3d uczni\u00f3w klas I \u2013 VI w 1997 roku.<\/p>\n\n\n\n<p class=\"has-text-align-center\">Wp\u0142yn\u0119\u0142o wiele ciekawych prac, kt\u00f3rym przewodniczy\u0142a my\u015bl; nasza ma\u0142a ojczyzna \u2013 Mi\u0119dzybor\u00f3w, promocja zdrowia, rado\u015b\u0107 ze wsp\u00f3lnego dzia\u0142ania. Ostatecznie zwyci\u0119\u017cy\u0142 projekt uczennicy klasy VI \u2013 Magdaleny Orzechowskiej.<\/p>\n\n\n\n<p class=\"has-text-align-center\">Logo jest chlub\u0105 ka\u017cdego ucznia i absolwenta naszej szko\u0142y.<\/p>\n<\/div><\/div>\n","protected":false},"excerpt":{"rendered":"<p class=\"tx-excerpt\">Logo Szko\u0142y Podstawowej zosta\u0142o wybrane w wyniku konkursu przeprowadzonego w\u015br\u00f3d uczni\u00f3w klas I \u2013 VI w 1997 roku. Wp\u0142yn\u0119\u0142o wiele ciekawych prac, kt\u00f3rym przewodniczy\u0142a my\u015bl; nasza ma\u0142a ojczyzna \u2013 Mi\u0119dzybor\u00f3w, promocja zdrowia, rado\u015b\u0107<div class=\"tx-read-more\"><a href=\"https:\/\/szkola.miedzyborow.pl\/podstawowa\/logo-szkoly\/\">Czytaj wi\u0119cej<\/a><\/div>","protected":false},"author":2,"featured_media":0,"parent":0,"menu_order":0,"comment_status":"closed","ping_status":"closed","template":"","meta":[],"_links":{"self":[{"href":"https:\/\/szkola.miedzyborow.pl\/podstawowa\/wp-json\/wp\/v2\/pages\/1696"}],"collection":[{"href":"https:\/\/szkola.miedzyborow.pl\/podstawowa\/wp-json\/wp\/v2\/pages"}],"about":[{"href":"https:\/\/szkola.miedzyborow.pl\/podstawowa\/wp-json\/wp\/v2\/types\/page"}],"author":[{"embeddable":true,"href":"https:\/\/szkola.miedzyborow.pl\/podstawowa\/wp-json\/wp\/v2\/users\/2"}],"replies":[{"embeddable":true,"href":"https:\/\/szkola.miedzyborow.pl\/podstawowa\/wp-json\/wp\/v2\/comments?post=1696"}],"version-history":[{"count":5,"href":"https:\/\/szkola.miedzyborow.pl\/podstawowa\/wp-json\/wp\/v2\/pages\/1696\/revisions"}],"predecessor-version":[{"id":1898,"href":"https:\/\/szkola.miedzyborow.pl\/podstawowa\/wp-json\/wp\/v2\/pages\/1696\/revisions\/1898"}],"wp:attachment":[{"href":"https:\/\/szkola.miedzyborow.pl\/podstawowa\/wp-json\/wp\/v2\/media?parent=1696"}],"curies":[{"name":"wp","href":"https:\/\/api.w.org\/{rel}","templated":true}]}}