{"id":1717,"date":"2023-01-20T11:49:42","date_gmt":"2023-01-20T10:49:42","guid":{"rendered":"https:\/\/szkola.miedzyborow.pl\/podstawowa\/?page_id=1717"},"modified":"2023-09-21T10:44:59","modified_gmt":"2023-09-21T08:44:59","slug":"konkursy","status":"publish","type":"page","link":"https:\/\/szkola.miedzyborow.pl\/podstawowa\/konkursy\/","title":{"rendered":"Konkursy 2023\/2024"},"content":{"rendered":"\n<div class=\"is-layout-flex wp-container-3 wp-block-columns\">\n<div class=\"is-layout-flow wp-block-column\">\n<h3 style=\"text-align: center;\"><em>Informacje na temat <span style=\"color: #ff0000;\">konkurs\u00f3w przedmiotowych<\/span> <\/em><br \/><em>dla uczni\u00f3w klas IV \u2013 VIII szk\u00f3\u0142 podstawowych wojew\u00f3dztwa mazowieckiego <\/em><br \/><em>w roku szkolnym 2023\/2024<\/em><\/h3>\n<p>\u00a0<\/p>\n<p>Poni\u017cej, pomocne linki:<\/p>\n<p>\u00a0<\/p>\n<ul>\n<li><a href=\"https:\/\/konkursy.mscdn.pl\/index.php?option=com_content&amp;view=category&amp;layout=blog&amp;id=96&amp;Itemid=472\" target=\"_blank\" rel=\"noopener\"><strong>j<span style=\"color: #008000;\">\u0119z. polski, biologia, chemia, fizyka, geografia, historia i matematyka <\/span><\/strong><span style=\"color: #008000;\"><strong>Organizator: MSCDN<\/strong><\/span><\/a><\/li>\n<\/ul>\n<ul>\n<li><a href=\"https:\/\/www.kuratorium.waw.pl\/pl\/rodzice-i-uczniowie\/konkursy-i-olimpiady\/konkursy\/konkursy-przedmiotowe-1\/17386,Projekty-programow-merytorycznych-dotyczacych-konkursow-przedmiotowych-dla-uczni.html\" target=\"_blank\" rel=\"noopener\"><span style=\"color: #008000;\"><strong>j\u0119zykowe (angielski, francuski, hiszpa\u0144ski i niemiecki) <\/strong><strong><br \/>Organizator: MKO<\/strong><\/span><\/a><\/li>\n<\/ul>\n<ul>\n<li><a href=\"https:\/\/logia.oeiizk.waw.pl\/informacje\" target=\"_blank\" rel=\"noopener\"><span style=\"color: #008000;\"><strong>informatyczny<\/strong><strong><br \/>Organizator: OEIiZK<\/strong><\/span><\/a><\/li>\n<\/ul>\n<\/div>\n\n\n\n<div class=\"is-layout-flow wp-block-column\">\n<div id=\"inpl-weather-main\" class=\"inpl-weather-main\" data-langid=\"1\" data-unitid=\"E\" data-ict=\"2\" data-cid=\"21076\" data-clbg=\"ffffff\" data-cltxt=\"111010\" data-cllink=\"860707\" data-txtdesc=\"1\" data-ftemp=\"1\" data-crps=\"1\" data-crwind=\"1\" data-fr=\"1\" data-wdh=\"300\" data-hif=\"400\" data-d=\"\/\/widgets.interia.pl\" style=\"position:relative; width: 300px; color: #860707; background-color:#ffffff\"><div id=\"inpl-weather-links\" style=\"display:flex;flex-flow:row wrap;justify-content:space-around;padding:0 8px 8px;text-align:center\"><a id=\"wlHbh\" style=\"color:inherit;font-size:13px;text-decoration:none;margin:4px;\" href=\"https:\/\/pogoda.interia.pl\/prognoza-szczegolowa-the-city-name,cId,21076\">Godzina po godzinie<\/a><a id=\"wlfr\" style=\"color:inherit;font-size:13px;text-decoration:none;margin:4px;\" href=\"https:\/\/pogoda.interia.pl\/prognoza-dlugoterminowa-the-city-name,cId,21076\">Na 45 dni<\/a><\/div><\/div><script>!(function(t,n,e){var r,o;t.getElementById(e)||(r=t.getElementsByTagName(n)[0],(o=t.createElement(n)).id=e,o.src=\"\/\/w.iplsc.com\/widget\/weather-2.0.2.jssc\",r.parentNode.appendChild(o))})(document,\"script\",\"widget-js\")<\/script>\n<\/div>\n<\/div>\n\n\n\n<p><\/p>\n","protected":false},"excerpt":{"rendered":"<p class=\"tx-excerpt\">Informacje na temat konkurs\u00f3w przedmiotowych dla uczni\u00f3w klas IV \u2013 VIII szk\u00f3\u0142 podstawowych wojew\u00f3dztwa mazowieckiego w roku szkolnym 2023\/2024 \u00a0 Poni\u017cej, pomocne linki: \u00a0 j\u0119z. polski, biologia, chemia, fizyka, geografia, historia i matematyka<div class=\"tx-read-more\"><a href=\"https:\/\/szkola.miedzyborow.pl\/podstawowa\/konkursy\/\">Czytaj wi\u0119cej<\/a><\/div>","protected":false},"author":2,"featured_media":0,"parent":0,"menu_order":0,"comment_status":"closed","ping_status":"closed","template":"","meta":[],"_links":{"self":[{"href":"https:\/\/szkola.miedzyborow.pl\/podstawowa\/wp-json\/wp\/v2\/pages\/1717"}],"collection":[{"href":"https:\/\/szkola.miedzyborow.pl\/podstawowa\/wp-json\/wp\/v2\/pages"}],"about":[{"href":"https:\/\/szkola.miedzyborow.pl\/podstawowa\/wp-json\/wp\/v2\/types\/page"}],"author":[{"embeddable":true,"href":"https:\/\/szkola.miedzyborow.pl\/podstawowa\/wp-json\/wp\/v2\/users\/2"}],"replies":[{"embeddable":true,"href":"https:\/\/szkola.miedzyborow.pl\/podstawowa\/wp-json\/wp\/v2\/comments?post=1717"}],"version-history":[{"count":25,"href":"https:\/\/szkola.miedzyborow.pl\/podstawowa\/wp-json\/wp\/v2\/pages\/1717\/revisions"}],"predecessor-version":[{"id":4278,"href":"https:\/\/szkola.miedzyborow.pl\/podstawowa\/wp-json\/wp\/v2\/pages\/1717\/revisions\/4278"}],"wp:attachment":[{"href":"https:\/\/szkola.miedzyborow.pl\/podstawowa\/wp-json\/wp\/v2\/media?parent=1717"}],"curies":[{"name":"wp","href":"https:\/\/api.w.org\/{rel}","templated":true}]}}