{"id":1737,"date":"2023-01-20T14:11:33","date_gmt":"2023-01-20T13:11:33","guid":{"rendered":"https:\/\/szkola.miedzyborow.pl\/podstawowa\/?page_id=1737"},"modified":"2023-01-26T09:50:22","modified_gmt":"2023-01-26T08:50:22","slug":"bezpieczna-szkola","status":"publish","type":"page","link":"https:\/\/szkola.miedzyborow.pl\/podstawowa\/bezpieczna-szkola\/","title":{"rendered":"Bezpieczna szko\u0142a"},"content":{"rendered":"\n<table class=\"szkielet\" border=\"0\" width=\"100%\" cellspacing=\"0\" cellpadding=\"0\">\n    <tr>\n      <td width=\"100%\">\n        <p align=\"center\">&nbsp;<\/p>\n    <h1>Bezpieczna Szko\u0142a<\/h1>\n\n\n    <div align=\"center\">\n      <table border=\"0\" width=\"84%\" cellpadding=\"4\" id=\"table4\">\n        <tr>\n          <td width=\"100%\" align=\"center\">\n            <p align=\"left\"><b>\n\t\t\t<span style=\"font-family: 'Times New Roman', serif\">20<\/span><span style=\"font-size: 12.0pt; font-family: 'Times New Roman', serif; mso-fareast-font-family: Times New Roman; mso-fareast-language: PL\">.03.2022\n            r.<\/span><\/b><\/td>\n        <\/tr>\n      <center>\n        <tr>\n          <td width=\"100%\" align=\"center\" bgcolor=\"#006600\">\n            <p class=\"MsoNormal\" align=\"center\" style=\"text-align: center; line-height: normal; margin-top: 0; margin-bottom: 0\"><b><span style=\"font-size:12.0pt;\nfont-family:&quot;Times New Roman&quot;,&quot;serif&quot;;mso-fareast-font-family:&quot;Times New Roman&quot;;\nmso-fareast-language:PL\">\n            <\/o:p><o:p>\n            <\/o:p>\n            <span style=\"font-family:&quot;Tahoma&quot;,&quot;sans-serif&quot;\">\t\t\t<font color=\"#FFFFFF\">Broszura \n\t\t\t&#8211; Dzieci w wirtualnej sieci<\/font><\/span><\/span><\/b><\/td>\n        <\/tr>\n        <tr>\n          <td width=\"100%\" bgcolor=\"#FFFFFF\" align=\"center\">\n            <font size=\"3\" face=\"tahoma\"><b>\t\t\t\n\t\t\t<a target=\"_blank\" style=\"color: #006600\" href=\"\/podstawowa\/wp-content\/uploads\/pliki1\/broszura_dzieci_w_wirtualnej_sieci_wydanie_3_17_02_2022.pdf\" rel=\"noopener\">pobierz\n            <\/a>\n            <\/b><\/font><\/td>\n        <\/tr>\n      <\/table>\n    <\/div>\n\n\n    \t<p>&nbsp;<\/p>\n\n\n    <div align=\"center\">\n      <table border=\"0\" width=\"84%\" cellpadding=\"4\" id=\"table3\">\n        <center>\n        <tr>\n          <td width=\"100%\" align=\"center\" bgcolor=\"#006600\">\n            <p class=\"MsoNormal\" align=\"center\" style=\"text-align: center; line-height: normal; margin-top: 0; margin-bottom: 0\"><b><span style=\"font-size:12.0pt;\nfont-family:&quot;Times New Roman&quot;,&quot;serif&quot;;mso-fareast-font-family:&quot;Times New Roman&quot;;\nmso-fareast-language:PL\">\n            <\/o:p><o:p>\n            <\/o:p>\n            <span style=\"font-family:&quot;Tahoma&quot;,&quot;sans-serif&quot;\">\t\t\t<font color=\"#FFFFFF\">Broszura \n\t\t\t&#8211; nastolatki w wirtualnym tunelu<\/font><\/span><\/span><\/b><\/td>\n        <\/tr>\n        <tr>\n          <td width=\"100%\" bgcolor=\"#FFFFFF\" align=\"center\">\n            <font size=\"3\" face=\"tahoma\"><b>\t\t\t\n\t\t\t<a target=\"_blank\" style=\"color: #006600\" href=\"\/podstawowa\/wp-content\/uploads\/pliki1\/broszura-nastolatki_w_wirtualnym_tunelu_18_02_2022.pdf\" rel=\"noopener\">pobierz\n            <\/a>\n            <\/b><\/font><\/td>\n        <\/tr>\n      <\/table>\n    <\/div>\n\n\n    \t<p>&nbsp;<\/p>\n\n\n    <div align=\"center\">\n      <table border=\"0\" width=\"84%\" cellpadding=\"4\" id=\"table2\">\n        <tr>\n          <td width=\"100%\" align=\"center\">\n            <p align=\"left\"><b>\n\t\t\t<span style=\"font-size: 12.0pt; font-family: 'Times New Roman', serif; mso-fareast-font-family: Times New Roman; mso-fareast-language: PL\">\n\t\t\t05.03.2022\n            r.<\/span><\/b><\/td>\n        <\/tr>\n      <center>\n        <tr>\n          <td width=\"100%\" align=\"center\" bgcolor=\"#006600\">\n            <p class=\"MsoNormal\" align=\"center\" style=\"text-align: center; line-height: normal; margin-top: 0; margin-bottom: 0\"><b><span style=\"font-size:12.0pt;\nfont-family:&quot;Times New Roman&quot;,&quot;serif&quot;;mso-fareast-font-family:&quot;Times New Roman&quot;;\nmso-fareast-language:PL\">\n            <\/o:p><o:p>\n            <\/o:p>\n            <span style=\"font-family:&quot;Tahoma&quot;,&quot;sans-serif&quot;\">\t\t\t<font color=\"#FFFFFF\">Bezpieczna \n\t\t\tSzko\u0142a &#8211; Zagro\u017cenia i zalecane dzia\u0142ania profilaktyczne w zakresie \n\t\t\tbezpiecze\u0144stwa fizycznego i cyfrowego uczni\u00f3w<\/font><\/span><\/span><\/b><\/td>\n        <\/tr>\n        <tr>\n          <td width=\"100%\" bgcolor=\"#FFFFFF\" align=\"center\">\n            <font size=\"3\" face=\"tahoma\"><b>\t\t\t\n\t\t\t<a target=\"_blank\" style=\"color: #006600\" href=\"\/podstawowa\/wp-content\/uploads\/pliki1\/bezpieczna_szkola_zagrozenia_i_zalecane_dzialania_profilaktyczne_w_zakresie_bezpieczenstwa_fizycznego_i_cyfrowego_uczniow.pdf\" rel=\"noopener\">pobierz\n            <\/a>\n            <\/b><\/font><\/td>\n        <\/tr>\n      <\/table>\n    <\/div>\n\n\n    <p style=\"LINE-HEIGHT: 150%\" class=\"MsoNormal\" align=\"center\">&nbsp;<\/p>\n\n\n    <div align=\"center\">\n      <table border=\"0\" width=\"84%\" cellpadding=\"4\" id=\"table1\">\n        <tr>\n          <td width=\"100%\" align=\"center\">\n            <p align=\"left\"><b><span style=\"font-size: 12.0pt; font-family: 'Times New Roman', serif; mso-fareast-font-family: Times New Roman; mso-fareast-language: PL\">14.02.2020\n            r.<\/span><\/b><\/td>\n        <\/tr>\n      <center>\n        <tr>\n          <td width=\"100%\" align=\"center\" bgcolor=\"#006600\">\n            <p class=\"MsoNormal\" align=\"center\" style=\"text-align: center; line-height: normal; margin-top: 0; margin-bottom: 0\"><b><span style=\"font-size:12.0pt;\nfont-family:&quot;Times New Roman&quot;,&quot;serif&quot;;mso-fareast-font-family:&quot;Times New Roman&quot;;\nmso-fareast-language:PL\">\n            <\/o:p><o:p>\n            <\/o:p>\n            <span style=\"font-family:&quot;Tahoma&quot;,&quot;sans-serif&quot;\">\t\t\t<font color=\"#FFFFFF\">Broszurka <i>WSZYstko o wszawicy<\/i> \t\t\topracowana przez G\u0142\u00f3wny&nbsp; Inspektorat Sanitarny<o:p>\n            <\/o:p>\n            <\/font><\/span><\/span><\/b><\/td>\n        <\/tr>\n        <tr>\n          <td width=\"100%\" bgcolor=\"#FFFFFF\" align=\"center\">\n            <font size=\"3\" face=\"tahoma\"><b>\t\t\t<a target=\"_blank\" style=\"color: #006600\" href=\"\/podstawowa\/wp-content\/uploads\/pliki1\/wszawica_gis.pdf\" rel=\"noopener\">pobierz\n            <\/a>\n            <\/b><\/font><\/td>\n        <\/tr>\n      <\/table>\n    <\/div>\n\n\n    \t<p style=\"LINE-HEIGHT: 150%\" class=\"MsoNormal\" align=\"center\">&nbsp;<\/p>\n\n\n    <div align=\"center\">\n      <table border=\"0\" width=\"84%\" cellpadding=\"4\">\n        <tr>\n          <td width=\"100%\" align=\"center\">\n            <p align=\"left\"><b><span style=\"font-size: 12.0pt; font-family: 'Times New Roman', serif; mso-fareast-font-family: Times New Roman; mso-fareast-language: PL\">19.05.2019\n            r.<\/span><\/b><\/td>\n        <\/tr>\n      <center>\n        <tr>\n          <td width=\"100%\" align=\"center\" bgcolor=\"#006600\">\n            <p class=\"MsoNormal\" align=\"center\" style=\"text-align: center; line-height: normal; margin-top: 0; margin-bottom: 0\"><b><span style=\"font-size:12.0pt;\nfont-family:&quot;Times New Roman&quot;,&quot;serif&quot;;mso-fareast-font-family:&quot;Times New Roman&quot;;\nmso-fareast-language:PL\">\n            <\/o:p><\/span><span style=\"font-size:12.0pt;\nfont-family:&quot;Times New Roman&quot;,&quot;serif&quot;;mso-fareast-font-family:&quot;Times New Roman&quot;;\nmso-fareast-language:PL\"><o:p>\n            <\/o:p>\n            <span style=\"font-family:&quot;Tahoma&quot;,&quot;sans-serif&quot;\"><font color=\"#FFFFFF\">Procedury\n            reagowania w przypadku wyst\u0105pienia wewn\u0119trznych i&nbsp;zewn\u0119trznych\n            zagro\u017ce\u0144 fizycznych w szkole<o:p>\n            <\/o:p>\n            <\/font><\/span><\/span><\/b><\/td>\n        <\/tr>\n        <tr>\n          <td width=\"100%\" bgcolor=\"#FFFFFF\" align=\"center\">\n            <font size=\"3\" face=\"tahoma\"><a href=\"\/podstawowa\/wp-content\/uploads\/pliki1\/procedury_reagowania.pdf\" target=\"_blank\" style=\"color: #006600\" rel=\"noopener\"><b>pobierz\n            <\/b><\/a><\/font><\/td>\n        <\/tr>\n      <\/table>\n          <\/center>\n    <\/div>\n\n\n    <div align=\"center\">\n      <center>\n      <table border=\"0\" width=\"84%\" cellpadding=\"4\">\n        <tr>\n          <td width=\"100%\" bgcolor=\"#FFFFFF\" align=\"center\">\n            <p>\n            &nbsp;<\/p>\n          <\/td>\n        <\/tr>\n      <\/table>\n      <\/center>\n    <\/div>\n    <p align=\"center\">&nbsp;<\/p>\n    <table border=\"1\" cellspacing=\"0\" cellpadding=\"0\" style=\"border-collapse:collapse;\n border:none;mso-border-alt:solid windowtext .5pt;mso-padding-alt:0cm 3.5pt 0cm 3.5pt\">\n    <\/table>\n      <\/td>\n    <\/tr>\n  <\/table>\n","protected":false},"excerpt":{"rendered":"<p class=\"tx-excerpt\">&nbsp; Bezpieczna Szko\u0142a 20.03.2022 r. Broszura &#8211; Dzieci w wirtualnej sieci pobierz &nbsp; Broszura &#8211; nastolatki w wirtualnym tunelu pobierz &nbsp; 05.03.2022 r. Bezpieczna Szko\u0142a &#8211; Zagro\u017cenia i zalecane dzia\u0142ania profilaktyczne w zakresie<div class=\"tx-read-more\"><a href=\"https:\/\/szkola.miedzyborow.pl\/podstawowa\/bezpieczna-szkola\/\">Czytaj wi\u0119cej<\/a><\/div>","protected":false},"author":2,"featured_media":0,"parent":0,"menu_order":0,"comment_status":"closed","ping_status":"closed","template":"","meta":[],"_links":{"self":[{"href":"https:\/\/szkola.miedzyborow.pl\/podstawowa\/wp-json\/wp\/v2\/pages\/1737"}],"collection":[{"href":"https:\/\/szkola.miedzyborow.pl\/podstawowa\/wp-json\/wp\/v2\/pages"}],"about":[{"href":"https:\/\/szkola.miedzyborow.pl\/podstawowa\/wp-json\/wp\/v2\/types\/page"}],"author":[{"embeddable":true,"href":"https:\/\/szkola.miedzyborow.pl\/podstawowa\/wp-json\/wp\/v2\/users\/2"}],"replies":[{"embeddable":true,"href":"https:\/\/szkola.miedzyborow.pl\/podstawowa\/wp-json\/wp\/v2\/comments?post=1737"}],"version-history":[{"count":4,"href":"https:\/\/szkola.miedzyborow.pl\/podstawowa\/wp-json\/wp\/v2\/pages\/1737\/revisions"}],"predecessor-version":[{"id":1877,"href":"https:\/\/szkola.miedzyborow.pl\/podstawowa\/wp-json\/wp\/v2\/pages\/1737\/revisions\/1877"}],"wp:attachment":[{"href":"https:\/\/szkola.miedzyborow.pl\/podstawowa\/wp-json\/wp\/v2\/media?parent=1737"}],"curies":[{"name":"wp","href":"https:\/\/api.w.org\/{rel}","templated":true}]}}