{"id":1742,"date":"2023-01-20T14:15:57","date_gmt":"2023-01-20T13:15:57","guid":{"rendered":"https:\/\/szkola.miedzyborow.pl\/podstawowa\/?page_id=1742"},"modified":"2024-09-27T13:26:54","modified_gmt":"2024-09-27T11:26:54","slug":"konsultacje-nauczycieli","status":"publish","type":"page","link":"https:\/\/szkola.miedzyborow.pl\/podstawowa\/konsultacje-nauczycieli\/","title":{"rendered":"Konsultacje nauczycieli"},"content":{"rendered":"\n<div class=\"is-layout-flex wp-container-3 wp-block-columns\">\n<div class=\"is-layout-flow wp-block-column\" style=\"flex-basis:66.66%\">\n<h2 style=\"text-align: center;\"><span style=\"color: #008000;\">Harmonogram dost\u0119pno\u015bci nauczycieli <\/span><\/h2>\n<h2 style=\"text-align: center;\"><span style=\"color: #008000;\">w Szkole Podstawowej<\/span><\/h2>\n<h2 style=\"text-align: center;\"><span style=\"color: #008000;\">w Mi\u0119dzyborowie<\/span><\/h2>\n<h2>\u00a0<\/h2>\n<p style=\"text-align: center;\">\u00a0\u00a0\u00a0 Zgodnie z obowi\u0105zuj\u0105cym od 1 wrze\u015bnia 2022 r. przepisem art. 42 ust. 2f ustawy z 26 stycznia 1982 r. Karta Nauczyciela, nauczyciel jest zobowi\u0105zany do dost\u0119pno\u015bci w szkole w wymiarze jednej godziny tygodniowo (jednej godziny w ci\u0105gu dw\u00f3ch tygodni \u2013 je\u017celi jest zatrudniony w wymiarze poni\u017cej \u00bd etatu).<\/p>\n<hr \/>\n<p>\u00a0<\/p>\n<hr \/>\n<p style=\"text-align: center;\"><span style=\"color: #008000;\"><em><strong>Grafik do pobrania<\/strong><\/em><\/span><\/p>\n<p>\u00a0<\/p>\n<\/div>\n\n\n\n<div class=\"is-layout-flow wp-block-column\" style=\"flex-basis:33.33%\">\n<div id=\"inpl-weather-main\" class=\"inpl-weather-main\" data-langid=\"1\" data-unitid=\"E\" data-ict=\"2\" data-cid=\"21076\" data-clbg=\"ffffff\" data-cltxt=\"111010\" data-cllink=\"860707\" data-txtdesc=\"1\" data-ftemp=\"1\" data-crps=\"1\" data-crwind=\"1\" data-fr=\"1\" data-wdh=\"300\" data-hif=\"400\" data-d=\"\/\/widgets.interia.pl\" style=\"position:relative; width: 300px; color: #860707; background-color:#ffffff\"><div id=\"inpl-weather-links\" style=\"display:flex;flex-flow:row wrap;justify-content:space-around;padding:0 8px 8px;text-align:center\"><a id=\"wlHbh\" style=\"color:inherit;font-size:13px;text-decoration:none;margin:4px;\" href=\"https:\/\/pogoda.interia.pl\/prognoza-szczegolowa-the-city-name,cId,21076\">Godzina po godzinie<\/a><a id=\"wlfr\" style=\"color:inherit;font-size:13px;text-decoration:none;margin:4px;\" href=\"https:\/\/pogoda.interia.pl\/prognoza-dlugoterminowa-the-city-name,cId,21076\">Na 45 dni<\/a><\/div><\/div><script>!(function(t,n,e){var r,o;t.getElementById(e)||(r=t.getElementsByTagName(n)[0],(o=t.createElement(n)).id=e,o.src=\"\/\/w.iplsc.com\/widget\/weather-2.0.2.jssc\",r.parentNode.appendChild(o))})(document,\"script\",\"widget-js\")<\/script>\n\n\n\n<hr \/>\n\n\n<div class=\"wp-block-calendar\"><table id=\"wp-calendar\" class=\"wp-calendar-table\">\n\t<caption>kwiecie\u0144 2026<\/caption>\n\t<thead>\n\t<tr>\n\t\t<th scope=\"col\" title=\"poniedzia\u0142ek\">P<\/th>\n\t\t<th scope=\"col\" title=\"wtorek\">W<\/th>\n\t\t<th scope=\"col\" title=\"\u015broda\">\u015a<\/th>\n\t\t<th scope=\"col\" title=\"czwartek\">C<\/th>\n\t\t<th scope=\"col\" title=\"pi\u0105tek\">P<\/th>\n\t\t<th scope=\"col\" title=\"sobota\">S<\/th>\n\t\t<th scope=\"col\" title=\"niedziela\">N<\/th>\n\t<\/tr>\n\t<\/thead>\n\t<tbody>\n\t<tr>\n\t\t<td colspan=\"2\" class=\"pad\">&nbsp;<\/td><td>1<\/td><td>2<\/td><td>3<\/td><td>4<\/td><td>5<\/td>\n\t<\/tr>\n\t<tr>\n\t\t<td>6<\/td><td>7<\/td><td>8<\/td><td>9<\/td><td>10<\/td><td>11<\/td><td>12<\/td>\n\t<\/tr>\n\t<tr>\n\t\t<td>13<\/td><td>14<\/td><td>15<\/td><td>16<\/td><td>17<\/td><td id=\"today\">18<\/td><td>19<\/td>\n\t<\/tr>\n\t<tr>\n\t\t<td>20<\/td><td>21<\/td><td>22<\/td><td>23<\/td><td>24<\/td><td>25<\/td><td>26<\/td>\n\t<\/tr>\n\t<tr>\n\t\t<td>27<\/td><td>28<\/td><td>29<\/td><td>30<\/td>\n\t\t<td class=\"pad\" colspan=\"3\">&nbsp;<\/td>\n\t<\/tr>\n\t<\/tbody>\n\t<\/table><nav aria-label=\"Poprzednie i nast\u0119pne miesi\u0105ce\" class=\"wp-calendar-nav\">\n\t\t<span class=\"wp-calendar-nav-prev\"><a href=\"https:\/\/szkola.miedzyborow.pl\/podstawowa\/2026\/03\/\">&laquo; mar<\/a><\/span>\n\t\t<span class=\"pad\">&nbsp;<\/span>\n\t\t<span class=\"wp-calendar-nav-next\">&nbsp;<\/span>\n\t<\/nav><\/div><\/div>\n<\/div>\n","protected":false},"excerpt":{"rendered":"<p class=\"tx-excerpt\">Harmonogram dost\u0119pno\u015bci nauczycieli w Szkole Podstawowej w Mi\u0119dzyborowie \u00a0 \u00a0\u00a0\u00a0 Zgodnie z obowi\u0105zuj\u0105cym od 1 wrze\u015bnia 2022 r. przepisem art. 42 ust. 2f ustawy z 26 stycznia 1982 r. Karta Nauczyciela, nauczyciel jest<div class=\"tx-read-more\"><a href=\"https:\/\/szkola.miedzyborow.pl\/podstawowa\/konsultacje-nauczycieli\/\">Czytaj wi\u0119cej<\/a><\/div>","protected":false},"author":2,"featured_media":0,"parent":0,"menu_order":0,"comment_status":"closed","ping_status":"closed","template":"","meta":[],"_links":{"self":[{"href":"https:\/\/szkola.miedzyborow.pl\/podstawowa\/wp-json\/wp\/v2\/pages\/1742"}],"collection":[{"href":"https:\/\/szkola.miedzyborow.pl\/podstawowa\/wp-json\/wp\/v2\/pages"}],"about":[{"href":"https:\/\/szkola.miedzyborow.pl\/podstawowa\/wp-json\/wp\/v2\/types\/page"}],"author":[{"embeddable":true,"href":"https:\/\/szkola.miedzyborow.pl\/podstawowa\/wp-json\/wp\/v2\/users\/2"}],"replies":[{"embeddable":true,"href":"https:\/\/szkola.miedzyborow.pl\/podstawowa\/wp-json\/wp\/v2\/comments?post=1742"}],"version-history":[{"count":31,"href":"https:\/\/szkola.miedzyborow.pl\/podstawowa\/wp-json\/wp\/v2\/pages\/1742\/revisions"}],"predecessor-version":[{"id":7036,"href":"https:\/\/szkola.miedzyborow.pl\/podstawowa\/wp-json\/wp\/v2\/pages\/1742\/revisions\/7036"}],"wp:attachment":[{"href":"https:\/\/szkola.miedzyborow.pl\/podstawowa\/wp-json\/wp\/v2\/media?parent=1742"}],"curies":[{"name":"wp","href":"https:\/\/api.w.org\/{rel}","templated":true}]}}