{"id":1746,"date":"2023-01-20T14:17:20","date_gmt":"2023-01-20T13:17:20","guid":{"rendered":"https:\/\/szkola.miedzyborow.pl\/podstawowa\/?page_id=1746"},"modified":"2025-03-20T15:48:31","modified_gmt":"2025-03-20T14:48:31","slug":"rekrutacja-poz-kl-i","status":"publish","type":"page","link":"https:\/\/szkola.miedzyborow.pl\/podstawowa\/rekrutacja-poz-kl-i\/","title":{"rendered":"Rekrutacja poza. kl. I"},"content":{"rendered":"\n<p class=\"has-text-align-center has-electric-grass-gradient-background has-background\">Dokumenty do pobrania<\/p>\n\n\n\n<div class=\"is-layout-flex wp-container-3 wp-block-columns\">\n<div class=\"is-layout-flow wp-block-column\" style=\"flex-basis:66.66%\">\n<p>\u00a0<\/p>\n<ul>\n<li><a href=\"https:\/\/szkola.miedzyborow.pl\/podstawowa\/wp-content\/uploads\/2025\/03\/Podanie_o_przyjecie_do_szkoly_podstawowej.pdf\" target=\"_blank\" rel=\"noopener\"><span style=\"color: #800080;\">podanie o przyj\u0119cie do szko\u0142y podstawowej &#8211; PDF<\/span><\/a><\/li>\n<li><a href=\"https:\/\/szkola.miedzyborow.pl\/podstawowa\/wp-content\/uploads\/2025\/03\/podanie-o-przyjecie-ucznia-do-szkoly-podstawowej-2022.doc\" target=\"_blank\" rel=\"noopener\"><span style=\"color: #800080;\">podanie o przyj\u0119cie do szko\u0142y podstawowej &#8211; DOC<\/span><\/a><\/li>\n<li><a href=\"https:\/\/szkola.miedzyborow.pl\/podstawowa\/wp-content\/uploads\/2025\/03\/Klauzula-informacyjna.pdf\" target=\"_blank\" rel=\"noopener\"><span style=\"color: #008000;\"><span style=\"color: #800080;\">klauzula informacyjna<\/span><\/span><\/a><\/li>\n<\/ul>\n<h3>\u00a0<\/h3>\n<h3 style=\"text-align: center;\">\u00a0<\/h3>\n<\/div>\n\n\n\n<div class=\"is-layout-flow wp-block-column\" style=\"flex-basis:33.33%\">\n<div id=\"inpl-weather-main\" class=\"inpl-weather-main\" data-langid=\"1\" data-unitid=\"E\" data-ict=\"2\" data-cid=\"21076\" data-clbg=\"ffffff\" data-cltxt=\"111010\" data-cllink=\"860707\" data-txtdesc=\"1\" data-ftemp=\"1\" data-crps=\"1\" data-crwind=\"1\" data-fr=\"1\" data-wdh=\"300\" data-hif=\"400\" data-d=\"\/\/widgets.interia.pl\" style=\"position:relative; width: 300px; color: #860707; background-color:#ffffff\"><div id=\"inpl-weather-links\" style=\"display:flex;flex-flow:row wrap;justify-content:space-around;padding:0 8px 8px;text-align:center\"><a id=\"wlHbh\" style=\"color:inherit;font-size:13px;text-decoration:none;margin:4px;\" href=\"https:\/\/pogoda.interia.pl\/prognoza-szczegolowa-the-city-name,cId,21076\">Godzina po godzinie<\/a><a id=\"wlfr\" style=\"color:inherit;font-size:13px;text-decoration:none;margin:4px;\" href=\"https:\/\/pogoda.interia.pl\/prognoza-dlugoterminowa-the-city-name,cId,21076\">Na 45 dni<\/a><\/div><\/div><script>!(function(t,n,e){var r,o;t.getElementById(e)||(r=t.getElementsByTagName(n)[0],(o=t.createElement(n)).id=e,o.src=\"\/\/w.iplsc.com\/widget\/weather-2.0.2.jssc\",r.parentNode.appendChild(o))})(document,\"script\",\"widget-js\")<\/script>\n<\/div>\n<\/div>\n\n\n\n<p><\/p>\n\n\n\n<p><\/p>\n\n\n\n<p><\/p>\n","protected":false},"excerpt":{"rendered":"<p class=\"tx-excerpt\">Dokumenty do pobrania \u00a0 podanie o przyj\u0119cie do szko\u0142y podstawowej &#8211; PDF podanie o przyj\u0119cie do szko\u0142y podstawowej &#8211; DOC klauzula informacyjna \u00a0 \u00a0 Godzina po godzinieNa 45 dni<\/p><div class=\"tx-read-more\"><a href=\"https:\/\/szkola.miedzyborow.pl\/podstawowa\/rekrutacja-poz-kl-i\/\">Czytaj wi\u0119cej<\/a><\/div>","protected":false},"author":2,"featured_media":0,"parent":0,"menu_order":0,"comment_status":"closed","ping_status":"closed","template":"","meta":[],"_links":{"self":[{"href":"https:\/\/szkola.miedzyborow.pl\/podstawowa\/wp-json\/wp\/v2\/pages\/1746"}],"collection":[{"href":"https:\/\/szkola.miedzyborow.pl\/podstawowa\/wp-json\/wp\/v2\/pages"}],"about":[{"href":"https:\/\/szkola.miedzyborow.pl\/podstawowa\/wp-json\/wp\/v2\/types\/page"}],"author":[{"embeddable":true,"href":"https:\/\/szkola.miedzyborow.pl\/podstawowa\/wp-json\/wp\/v2\/users\/2"}],"replies":[{"embeddable":true,"href":"https:\/\/szkola.miedzyborow.pl\/podstawowa\/wp-json\/wp\/v2\/comments?post=1746"}],"version-history":[{"count":78,"href":"https:\/\/szkola.miedzyborow.pl\/podstawowa\/wp-json\/wp\/v2\/pages\/1746\/revisions"}],"predecessor-version":[{"id":8863,"href":"https:\/\/szkola.miedzyborow.pl\/podstawowa\/wp-json\/wp\/v2\/pages\/1746\/revisions\/8863"}],"wp:attachment":[{"href":"https:\/\/szkola.miedzyborow.pl\/podstawowa\/wp-json\/wp\/v2\/media?parent=1746"}],"curies":[{"name":"wp","href":"https:\/\/api.w.org\/{rel}","templated":true}]}}