{"id":1760,"date":"2023-01-20T14:25:16","date_gmt":"2023-01-20T13:25:16","guid":{"rendered":"https:\/\/szkola.miedzyborow.pl\/podstawowa\/?page_id=1760"},"modified":"2025-09-24T11:32:11","modified_gmt":"2025-09-24T09:32:11","slug":"dojazd-do-szkoly","status":"publish","type":"page","link":"https:\/\/szkola.miedzyborow.pl\/podstawowa\/dojazd-do-szkoly\/","title":{"rendered":"Dow\u00f3z uczni\u00f3w do szk\u00f3\u0142 i przedszkoli"},"content":{"rendered":"\n<div class=\"is-layout-flex wp-container-3 wp-block-columns\">\n<div class=\"is-layout-flow wp-block-column\" style=\"flex-basis:66.66%\">\n<div class=\"row mb-4\">\n<div class=\"col\">\n<p class=\"my-3 my-md-4\" style=\"text-align: center;\"><span style=\"font-size: 14pt; color: #008000;\">\u00a0 \u00a0 \u00a0 \u00a0 \u00a0 Zarz\u0105dzenie Nr 22\/2025 W\u00f3jta Gminy Jaktor\u00f3w z dnia 28 lutego 2025 roku <\/span><\/p>\n<p class=\"my-3 my-md-4\" style=\"text-align: center;\"><span style=\"font-size: 14pt; color: #008000;\">w sprawie ustalenia zasad organizacji transportu i opieki nad dzie\u0107mi i uczniami <\/span><\/p>\n<p class=\"my-3 my-md-4\" style=\"text-align: center;\"><span style=\"font-size: 14pt; color: #008000;\">w czasie przewozu do szk\u00f3\u0142 i przedszkoli, dla kt\u00f3rych organem prowadz\u0105cym <\/span><\/p>\n<p class=\"my-3 my-md-4\" style=\"text-align: center;\"><span style=\"font-size: 14pt; color: #008000;\">jest Gmina Jaktor\u00f3w.<\/span><\/p>\n<p><span style=\"color: #ff0000; font-size: 18pt;\">Uwaga:<\/span><\/p>\n<p style=\"text-align: center;\"><span style=\"color: #800080; font-size: 14pt;\">Rodzice, kt\u00f3rzy z\u0142o\u017cyli wniosek o dow\u00f3z dziecka w roku szkolnym 2024\/2025 <\/span><\/p>\n<p style=\"text-align: center;\"><span style=\"color: #800080; font-size: 14pt;\">nie musz\u0105 sk\u0142ada\u0107 nowego wniosku <\/span><span style=\"color: #800080; font-size: 14pt;\">na dow\u00f3z na rok szkolny 2025\/2026<\/span><\/p>\n<p style=\"text-align: center;\"><span style=\"color: #800080; font-size: 14pt;\"> i kolejne <\/span><span style=\"color: #800080; font-size: 14pt;\">lata szkolne.<\/span><\/p>\n<p style=\"text-align: center;\"><span style=\"color: #800080; font-size: 14pt;\">Wnioski sk\u0142adaj\u0105 wy\u0142\u0105cznie rodzice, kt\u00f3rzy zg\u0142aszaj\u0105 dziecko <\/span><\/p>\n<p style=\"text-align: center;\"><span style=\"font-size: 14pt;\"><span style=\"color: #800080;\">do <\/span><span style=\"color: #800080;\">dowozu po raz pierwszy od roku 2025\/2026 <\/span><\/span><span style=\"font-size: 14pt;\"><span style=\"color: #800080;\">lub je\u015bli zmieni\u0142y si\u0119 <\/span><\/span><\/p>\n<p style=\"text-align: center;\"><span style=\"font-size: 14pt;\"><span style=\"color: #800080;\">dane <\/span><span style=\"color: #800080;\">podawane we wniosku <\/span><\/span><span style=\"color: #800080; font-size: 14pt;\">(np. adres zamieszkania dziecka\u00a0 <\/span><\/p>\n<p style=\"text-align: center;\"><span style=\"color: #800080; font-size: 14pt;\">i liczba kilometr\u00f3w do szko\u0142y). <\/span><\/p>\n<p style=\"text-align: center;\"><span style=\"color: #ff0000;\"><span style=\"font-size: 14pt;\">Wnioski te nale\u017cy z\u0142o\u017cy\u0107 <\/span><span style=\"font-size: 14pt;\">w sekretariacie szko\u0142y. <\/span><\/span><\/p>\n<p style=\"text-align: center;\"><span style=\"color: #ff0000;\"><span style=\"font-size: 14pt;\">Rodzice, <\/span><\/span><span style=\"color: #ff0000;\"><span style=\"font-size: 14pt;\">kt\u00f3rzy rezygnuj\u0105 z dowozu dziecka powinni z\u0142o\u017cy\u0107 <\/span><\/span><\/p>\n<p style=\"text-align: center;\"><span style=\"color: #ff0000;\"><span style=\"font-size: 14pt;\">rezygnacj\u0119 <\/span><\/span><span style=\"color: #ff0000; font-size: 14pt;\">w sekretariacie szko\u0142y. <\/span><\/p>\n<p style=\"text-align: center;\"><span style=\"color: #800080; font-size: 14pt;\">Razem z wnioskiem nale\u017cy z\u0142o\u017cy\u0107 <\/span><span style=\"color: #800080;\"><span style=\"font-size: 14pt;\">o\u015bwiadczenie o zapoznaniu si\u0119 ze standardami ochrony ma\u0142oletnich z klauzul\u0105 RODO (Zarz\u0105dzenie nr 77\/2024 W\u00f3jta Gminy Jaktor\u00f3w z dnia 8 sierpnia 2024 roku w sprawie wprowadzenia Standard\u00f3w ochrony ma\u0142oletnich podczas transportu i opieki w czasie przewozu dzieci i uczni\u00f3w <\/span><\/span><span style=\"color: #800080;\"><span style=\"font-size: 14pt;\">do przedszkoli, szk\u00f3\u0142\u00a0 i plac\u00f3wek o\u015bwiatowych organizowanych przez Gmin\u0119 Jaktor\u00f3w,<\/span> <a href=\"https:\/\/bip.jaktorow.pl\/artykul\/zarzadzenie-nr-77-2024-wojta-gminy-jaktorow-z-dnia-8-sierpnia-2024-roku-w-sprawie-wprowadzenia\" target=\"_blank\" rel=\"noopener\"><span style=\"font-size: 18pt; color: #ff0000;\">link.<\/span><\/a><\/span><\/p>\n<p style=\"text-align: center;\">\u00a0<\/p>\n<p><span style=\"font-size: 12pt; color: #0000ff;\">pliki do pobrania:<\/span><\/p>\n<ul>\n<li>\n<p class=\"my-3 my-md-4\"><span style=\"color: #800080;\"><a style=\"color: #800080;\" href=\"https:\/\/szkola.miedzyborow.pl\/podstawowa\/wp-content\/uploads\/2025\/03\/zarzadzenie.pdf\" target=\"_blank\" rel=\"noopener\"><span style=\"font-size: 12pt;\">Zarz\u0105dzenie Nr 22\/2025 W\u00f3jta Gminy Jaktor\u00f3w z dnia 28 lutego 2025<\/span><\/a><\/span><\/p>\n<\/li>\n<li><a href=\"https:\/\/szkola.miedzyborow.pl\/podstawowa\/wp-content\/uploads\/2025\/03\/regulamin.pdf\" target=\"_blank\" rel=\"noopener\"><span style=\"color: #800080;\">Regulamin okre\u015blaj\u0105cy zasady organizacji transportu i opieki nad dzie\u0107mi i uczniami w czasie<\/span><\/a><br \/><span style=\"color: #800080;\">przewozu do szk\u00f3\u0142 i przedszkoli, dla kt\u00f3rych organem prowadz\u0105cym jest Gmina Jaktor\u00f3w<\/span><\/li>\n<\/ul>\n<ul>\n<li><a href=\"https:\/\/szkola.miedzyborow.pl\/podstawowa\/wp-content\/uploads\/2025\/03\/Wzor-wniosku-o-objecie-dziecka-dowozem-do-szkoly.docx\" target=\"_blank\" rel=\"noopener\"><span style=\"color: #800080;\">Wniosek o obj\u0119cie dziecka przewozem do przedszkola lub szko\u0142y<\/span><\/a><\/li>\n<\/ul>\n<ul>\n<li><a href=\"https:\/\/szkola.miedzyborow.pl\/podstawowa\/wp-content\/uploads\/2025\/03\/oswiadczenie-rodzica-i-dziecka.doc\" target=\"_blank\" rel=\"noopener\"><span style=\"color: #800080;\">O\u015bwiadczenie rodzica i dziecka<\/span><\/a><\/li>\n<\/ul>\n<p><a href=\"https:\/\/bip.jaktorow.pl\/artykul\/zarzadzenie-nr-22-2025-wojta-gminy-jaktorow-z-dnia-28-lutego-2025-roku-w-sprawie-ustalenia-zasa\" target=\"_blank\" rel=\"noopener\"><span style=\"color: #800080;\">Dow\u00f3z uczni\u00f3w do szk\u00f3\u0142 i przedszkoli -Link GMINA JAKTOR\u00d3W,<\/span><\/a> <span style=\"color: #0000ff;\"><a style=\"color: #0000ff;\" href=\"https:\/\/jaktorow.pl\/strona\/dowoz-uczniow-do-szkol-i-przedszkoli\" target=\"_blank\" rel=\"noopener\">\u017cr\u00f3d\u0142o:<\/a><\/span><\/p>\n<div class=\"fb-share-button\" data-href=\"https:\/\/jaktorow.pl\/strona\/dowozenie-uczniow-do-szkol-na-terenie-gminy-jaktorow-w-roku-szkolnym-2023-2024\">\u00a0<\/div>\n<\/div>\n<\/div>\n<div class=\"row\">\n<div class=\"col-lg-8 mb-4 mb-lg-0\">\n<article>\n<p style=\"text-align: center;\">\u00a0\u00a0\u00a0 Uprawnienia uczni\u00f3w oraz obowi\u0105zki organu prowadz\u0105cego<\/p>\n<p style=\"text-align: center;\">w zakresie dowo\u017cenia uczni\u00f3w do szk\u00f3\u0142 i przedszkoli zosta\u0142y okre\u015blone<\/p>\n<p style=\"text-align: center;\">w ustawie z dnia 14 grudnia 2016 r. Prawo o\u015bwiatowe (Dz.U.2024, poz.737).<br \/>Je\u017celi droga dziecka z domu do szko\u0142y, w kt\u00f3rej obwodzie dziecko mieszka przekracza:<br \/>\u00a0\u00a0\u00a0<span style=\"color: #008000;\"> 1. 3 km &#8211; w przypadku uczni\u00f3w klas I &#8211; IV szk\u00f3\u0142 podstawowych;<\/span><br \/><span style=\"color: #008000;\">\u00a0\u00a0\u00a0 2. 4 km &#8211; w przypadku uczni\u00f3w klas V i VIII szk\u00f3\u0142 podstawowych;<\/span><br \/>obowi\u0105zkiem gminy jest zapewnienie bezp\u0142atnego transportu\u00a0 i opieki w czasie przewozu dziecka albo zwrot koszt\u00f3w przejazdu dziecka \u015brodkami komunikacji publicznej, je\u017celi dowo\u017cenie zapewniaj\u0105 rodzice, a\u017c do uko\u0144czenia przez dziecko 7 lat &#8211; tak\u017ce zwrot koszt\u00f3w przejazdu opiekuna dziecka \u015brodkami komunikacji publicznej.<br \/>Zgodnie z art. 32 ust. 6\u00a0 ustawy Prawo o\u015bwiatowe Gmina Jaktor\u00f3w zapewnia r\u00f3wnie\u017c\u00a0 bezp\u0142atny dow\u00f3z dla dzieci pi\u0119cioletnich i sze\u015bcioletnich\u00a0 ucz\u0119szczaj\u0105cych do\u00a0 przedszkoli gminnych, kt\u00f3rych droga do przedszkola przekracza 3 km.<\/p>\n<p style=\"text-align: center;\"><span style=\"color: #993300;\">Rozk\u0142ad jazdy autobusu szkolnego<\/span><\/p>\n<p><span style=\"color: #993366;\"><a href=\"https:\/\/szkola.miedzyborow.pl\/podstawowa\/wp-content\/uploads\/2025\/09\/R1.pdf\" class=\"pdfemb-viewer\" style=\"\" data-width=\"max\" data-height=\"max\" data-toolbar=\"bottom\" data-toolbar-fixed=\"off\">R1<\/a><\/span><\/p>\n<a href=\"https:\/\/szkola.miedzyborow.pl\/podstawowa\/wp-content\/uploads\/2025\/09\/R2.pdf\" class=\"pdfemb-viewer\" style=\"\" data-width=\"max\" data-height=\"max\" data-toolbar=\"bottom\" data-toolbar-fixed=\"off\">R2<\/a>\n<p>\u00a0<\/p>\n<p style=\"text-align: center;\"><span style=\"color: #008000; font-size: 18pt;\">Rodzice dzieci dowo\u017conych do przedszkoli\u00a0<\/span><\/p>\n<p style=\"text-align: center;\"><span style=\"color: #008000; font-size: 18pt;\">i szk\u00f3\u0142 autobusami szkolnymi!<\/span><\/p>\n<p style=\"text-align: justify;\">Je\u017celi w roku szkolnym 2024\/2025 z\u0142o\u017cyli Pa\u0144stwo wniosek o dow\u00f3z do przedszkola lub szko\u0142y, to nie sk\u0142adaj\u0105 go Pa\u0144stwo ponownie w roku szkolnym 2025\/2026. Gmina przyj\u0119\u0142a zasad\u0119, \u017ce raz z\u0142o\u017cony wniosek b\u0119dzie obowi\u0105zywa\u0142 na ca\u0142y okres nauki dziecka w przedszkolu lub szkole. Wnioski sk\u0142adaj\u0105 wy\u0142\u0105cznie rodzice, kt\u00f3rzy zg\u0142aszaj\u0105 dziecko do dowozu po raz pierwszy od roku 2025\/2026 lub je\u015bli zmieni\u0142y si\u0119 dane podawane we wniosku z\u0142o\u017conym w roku 2024\/2025 (np. adres zamieszkania dzieckai liczba kilometr\u00f3w do szko\u0142y). Wszystkie wnioski nale\u017cy z\u0142o\u017cy\u0107 w sekretariacie szko\u0142y. Rodzice, kt\u00f3rzy rezygnuj\u0105 z dowozu dziecka, rezygnacj\u0119 r\u00f3wnie\u017c powinni z\u0142o\u017cy\u0107 w sekretariacie szko\u0142y.<\/p>\n<p style=\"text-align: justify;\">Szczeg\u00f3\u0142owy regulamin organizacji dowozu oraz wz\u00f3r wniosku o dow\u00f3z, o\u015bwiadcze\u0144 w sprawie standard\u00f3w ochrony ma\u0142oletnich z klauzul\u0105 RODO mo\u017cna znale\u017a\u0107 na stronie internetowej Gminy Jaktor\u00f3w w zak\u0142adce: Strefa Urz\u0119du\/O\u015bwiata i sport\/Dow\u00f3z uczni\u00f3w do szk\u00f3\u0142 i przedszkoli\/ Dow\u00f3z uczni\u00f3w do szk\u00f3\u0142 na terenie Gminy Jaktor\u00f3w.<\/p>\n<p style=\"text-align: center;\"><a href=\"https:\/\/jaktorow.pl\/pliki\/jaktorow\/pliki\/Wniosek%20-dow%C3%B3z%20do%20szk%C3%B3%C5%82%20gminnych%202024-2025.doc\">Wz\u00f3r wniosku o dow\u00f3z dziecka do szko\u0142y<\/a><\/p>\n<p style=\"text-align: center;\"><a href=\"https:\/\/bip.jaktorow.pl\/artykul\/zarzadzenie-nr-22-2025-wojta-gminy-jaktorow-z-dnia-28-lutego-2025-roku-w-sprawie-ustalenia-zasa\" target=\"_blank\" rel=\"noopener\">Dow\u00f3z uczni\u00f3w do szk\u00f3\u0142 i przedszkoli -Link GMINA JAKTOR\u00d3W,<\/a> <a href=\"https:\/\/jaktorow.pl\/strona\/dowoz-uczniow-do-szkol-i-przedszkoli\" target=\"_blank\" rel=\"noopener\">\u017cr\u00f3d\u0142o<\/a><\/p>\n<\/article>\n<\/div>\n<\/div>\n<\/div>\n\n\n\n<div class=\"is-layout-flow wp-block-column\" style=\"flex-basis:33.33%\">\n<div id=\"inpl-weather-main\" class=\"inpl-weather-main\" data-langid=\"1\" data-unitid=\"E\" data-ict=\"2\" data-cid=\"21076\" data-clbg=\"ffffff\" data-cltxt=\"111010\" data-cllink=\"860707\" data-txtdesc=\"1\" data-ftemp=\"1\" data-crps=\"1\" data-crwind=\"1\" data-fr=\"1\" data-wdh=\"300\" data-hif=\"400\" data-d=\"\/\/widgets.interia.pl\" style=\"position:relative; width: 300px; color: #860707; background-color:#ffffff\"><div id=\"inpl-weather-links\" style=\"display:flex;flex-flow:row wrap;justify-content:space-around;padding:0 8px 8px;text-align:center\"><a id=\"wlHbh\" style=\"color:inherit;font-size:13px;text-decoration:none;margin:4px;\" href=\"https:\/\/pogoda.interia.pl\/prognoza-szczegolowa-the-city-name,cId,21076\">Godzina po godzinie<\/a><a id=\"wlfr\" style=\"color:inherit;font-size:13px;text-decoration:none;margin:4px;\" href=\"https:\/\/pogoda.interia.pl\/prognoza-dlugoterminowa-the-city-name,cId,21076\">Na 45 dni<\/a><\/div><\/div><script>!(function(t,n,e){var r,o;t.getElementById(e)||(r=t.getElementsByTagName(n)[0],(o=t.createElement(n)).id=e,o.src=\"\/\/w.iplsc.com\/widget\/weather-2.0.2.jssc\",r.parentNode.appendChild(o))})(document,\"script\",\"widget-js\")<\/script>\n<\/div>\n<\/div>\n\n\n\n<div class=\"is-layout-flex wp-container-5 wp-block-columns\">\n<div class=\"is-layout-flow wp-block-column\"><\/div>\n<\/div>\n","protected":false},"excerpt":{"rendered":"<p class=\"tx-excerpt\">\u00a0 \u00a0 \u00a0 \u00a0 \u00a0 Zarz\u0105dzenie Nr 22\/2025 W\u00f3jta Gminy Jaktor\u00f3w z dnia 28 lutego 2025 roku w sprawie ustalenia zasad organizacji transportu i opieki nad dzie\u0107mi i uczniami w czasie przewozu do<div class=\"tx-read-more\"><a href=\"https:\/\/szkola.miedzyborow.pl\/podstawowa\/dojazd-do-szkoly\/\">Czytaj wi\u0119cej<\/a><\/div>","protected":false},"author":2,"featured_media":0,"parent":0,"menu_order":0,"comment_status":"closed","ping_status":"closed","template":"","meta":[],"_links":{"self":[{"href":"https:\/\/szkola.miedzyborow.pl\/podstawowa\/wp-json\/wp\/v2\/pages\/1760"}],"collection":[{"href":"https:\/\/szkola.miedzyborow.pl\/podstawowa\/wp-json\/wp\/v2\/pages"}],"about":[{"href":"https:\/\/szkola.miedzyborow.pl\/podstawowa\/wp-json\/wp\/v2\/types\/page"}],"author":[{"embeddable":true,"href":"https:\/\/szkola.miedzyborow.pl\/podstawowa\/wp-json\/wp\/v2\/users\/2"}],"replies":[{"embeddable":true,"href":"https:\/\/szkola.miedzyborow.pl\/podstawowa\/wp-json\/wp\/v2\/comments?post=1760"}],"version-history":[{"count":138,"href":"https:\/\/szkola.miedzyborow.pl\/podstawowa\/wp-json\/wp\/v2\/pages\/1760\/revisions"}],"predecessor-version":[{"id":9871,"href":"https:\/\/szkola.miedzyborow.pl\/podstawowa\/wp-json\/wp\/v2\/pages\/1760\/revisions\/9871"}],"wp:attachment":[{"href":"https:\/\/szkola.miedzyborow.pl\/podstawowa\/wp-json\/wp\/v2\/media?parent=1760"}],"curies":[{"name":"wp","href":"https:\/\/api.w.org\/{rel}","templated":true}]}}