{"id":1771,"date":"2023-01-20T14:36:59","date_gmt":"2023-01-20T13:36:59","guid":{"rendered":"https:\/\/szkola.miedzyborow.pl\/podstawowa\/?page_id=1771"},"modified":"2023-01-20T14:44:01","modified_gmt":"2023-01-20T13:44:01","slug":"statut-szkoly","status":"publish","type":"page","link":"https:\/\/szkola.miedzyborow.pl\/podstawowa\/statut-szkoly\/","title":{"rendered":"Statut Szko\u0142y"},"content":{"rendered":"\n<p class=\"has-text-align-center\">STATUT ZESPO\u0141U SZK\u00d3\u0141 PUBLICZNYCH W MI\u0118DZYBOROWIE<\/p>\n\n\n\n<p>(Aktualny od 09.2022r.) <\/p>\n\n\n<a href=\"https:\/\/szkola.miedzyborow.pl\/podstawowa\/wp-content\/uploads\/2023\/01\/statut_zespolu_09_2022.pdf\" class=\"pdfemb-viewer\" style=\"\" data-width=\"max\" data-height=\"max\" data-toolbar=\"bottom\" data-toolbar-fixed=\"off\">statut_zespolu_09_2022<\/a>\n<p class=\"wp-block-pdfemb-pdf-embedder-viewer\"><\/p>\n\n\n\n<p class=\"has-text-align-center\">STATUT ZESPO\u0141U SZKO\u0141Y PODSTAWOWEJ im. J\u00f3zefa Jagielskiego<\/p>\n\n\n\n<p>(Aktualny od 09.2022r.) <\/p>\n\n\n<a href=\"https:\/\/szkola.miedzyborow.pl\/podstawowa\/wp-content\/uploads\/2023\/01\/statut_sp_09_2022.pdf\" class=\"pdfemb-viewer\" style=\"\" data-width=\"max\" data-height=\"max\" data-toolbar=\"bottom\" data-toolbar-fixed=\"off\">statut_sp_09_2022<\/a>\n<p class=\"wp-block-pdfemb-pdf-embedder-viewer\"><\/p>\n","protected":false},"excerpt":{"rendered":"<p class=\"tx-excerpt\">STATUT ZESPO\u0141U SZK\u00d3\u0141 PUBLICZNYCH W MI\u0118DZYBOROWIE (Aktualny od 09.2022r.) STATUT ZESPO\u0141U SZKO\u0141Y PODSTAWOWEJ im. J\u00f3zefa Jagielskiego (Aktualny od 09.2022r.)<\/p><div class=\"tx-read-more\"><a href=\"https:\/\/szkola.miedzyborow.pl\/podstawowa\/statut-szkoly\/\">Czytaj wi\u0119cej<\/a><\/div>","protected":false},"author":2,"featured_media":0,"parent":0,"menu_order":0,"comment_status":"closed","ping_status":"closed","template":"","meta":[],"_links":{"self":[{"href":"https:\/\/szkola.miedzyborow.pl\/podstawowa\/wp-json\/wp\/v2\/pages\/1771"}],"collection":[{"href":"https:\/\/szkola.miedzyborow.pl\/podstawowa\/wp-json\/wp\/v2\/pages"}],"about":[{"href":"https:\/\/szkola.miedzyborow.pl\/podstawowa\/wp-json\/wp\/v2\/types\/page"}],"author":[{"embeddable":true,"href":"https:\/\/szkola.miedzyborow.pl\/podstawowa\/wp-json\/wp\/v2\/users\/2"}],"replies":[{"embeddable":true,"href":"https:\/\/szkola.miedzyborow.pl\/podstawowa\/wp-json\/wp\/v2\/comments?post=1771"}],"version-history":[{"count":4,"href":"https:\/\/szkola.miedzyborow.pl\/podstawowa\/wp-json\/wp\/v2\/pages\/1771\/revisions"}],"predecessor-version":[{"id":1778,"href":"https:\/\/szkola.miedzyborow.pl\/podstawowa\/wp-json\/wp\/v2\/pages\/1771\/revisions\/1778"}],"wp:attachment":[{"href":"https:\/\/szkola.miedzyborow.pl\/podstawowa\/wp-json\/wp\/v2\/media?parent=1771"}],"curies":[{"name":"wp","href":"https:\/\/api.w.org\/{rel}","templated":true}]}}