{"id":1941,"date":"2023-01-26T15:52:35","date_gmt":"2023-01-26T14:52:35","guid":{"rendered":"https:\/\/szkola.miedzyborow.pl\/podstawowa\/?page_id=1941"},"modified":"2023-10-10T09:00:25","modified_gmt":"2023-10-10T07:00:25","slug":"gabinet-medyczny","status":"publish","type":"page","link":"https:\/\/szkola.miedzyborow.pl\/podstawowa\/gabinet-medyczny\/","title":{"rendered":"Gabinet Medyczny"},"content":{"rendered":"\n<div class=\"is-layout-flex wp-container-3 wp-block-columns\">\n<div class=\"is-layout-flow wp-block-column\" style=\"flex-basis:66.66%\">\n<h1>Gabinet medyczny<\/h1>\n<p>\u00a0<\/p>\n<h1 style=\"text-align: center;\"><span style=\"color: #008000;\">\u00a0 \u00a0 p. mgr Ewa Jod\u0142owska <br \/><\/span><\/h1>\n<p>\u00a0<\/p>\n<table class=\"otwarte\" border=\"0\" width=\"331\" cellspacing=\"0\" cellpadding=\"0\">\n<tbody>\n<tr>\n<td class=\"otwarte_tytul\" style=\"text-align: left;\" width=\"171\">GODZINY PRACY:<\/td>\n<td class=\"otwarte_tytul\" width=\"171\">\u00a0<\/td>\n<\/tr>\n<tr>\n<td class=\"otwarte_dzien\" style=\"text-align: center;\" width=\"76\">Poniedzia\u0142ek<\/td>\n<td class=\"otwarte_godziny\" style=\"text-align: center;\" align=\"right\" width=\"93\">8.00 -15.00<\/td>\n<\/tr>\n<tr>\n<td class=\"otwarte_dzien\" style=\"text-align: center;\" width=\"76\">Wtorek<\/td>\n<td class=\"otwarte_godziny\" style=\"text-align: center;\" align=\"right\" width=\"93\">8.00 -15.00<\/td>\n<\/tr>\n<tr>\n<td class=\"otwarte_dzien\" style=\"text-align: center;\" width=\"76\">\u015aroda<\/td>\n<td class=\"otwarte_godziny\" style=\"text-align: center;\" align=\"right\" width=\"93\">8.00 -15.00<\/td>\n<\/tr>\n<tr>\n<td class=\"otwarte_dzien\" style=\"text-align: center;\" width=\"76\">Czwartek<\/td>\n<td class=\"otwarte_godziny\" style=\"text-align: center;\" align=\"right\" width=\"93\">8.00 -15.00<\/td>\n<\/tr>\n<tr>\n<td class=\"otwarte_dzien\" style=\"text-align: center;\" width=\"76\">Pi\u0105tek<\/td>\n<td class=\"otwarte_godziny\" style=\"text-align: center;\" align=\"right\" width=\"93\">8.00 -15.00<\/td>\n<\/tr>\n<\/tbody>\n<\/table>\n<div class=\"lead\">\n<div class=\"container\">\n<div class=\"row\">\n<div class=\"col-md-10\">\n<p style=\"text-align: left;\">Piel\u0119gniarka szkolna \u2013 lub higienistka szkolna \u2013 sprawuje profilaktyczn\u0105 opiek\u0119 zdrowotn\u0105 nad uczniami danej szko\u0142y. Zajmuje si\u0119 uczniami od klasy \u201e0\u201d (w szko\u0142ach podstawowych) do ostatniej klasy szko\u0142y ponadpodstawowej.Piel\u0119gniarka szkolna udziela \u015bwiadcze\u0144 w znajduj\u0105cym si\u0119 w szkole gabinecie profilaktyki zdrowotnej i pomocy przedlekarskiej.<\/p>\n<p>Co robi piel\u0119gniarka szkolna&#8230;<\/p>\n<\/div>\n<\/div>\n<\/div>\n<\/div>\n<div class=\"container text \">\n<div class=\"text-content\">\n<ul>\n<li>zbiera informacje na temat stanu zdrowia oraz rozwoju uczni\u00f3w<\/li>\n<li>wykonuje i interpretuje testy przesiewowe u dzieci w\u00a0wieku szkolnym, w\u00a0terminach bada\u0144\u00a0bilansowych<\/li>\n<li>kieruje post\u0119powaniem przesiewowym oraz opiekuje si\u0119 uczniami z dodatnimi wynikami\u00a0test\u00f3w<\/li>\n<li>prowadzi profilaktyk\u0119 fluorkow\u0105 u dzieci klas I\u2013<span class=\"caps\">VI<\/span> szko\u0142y podstawowej, kt\u00f3ra polega na grupowym szczotkowaniu z\u0119b\u00f3w preparatami\u00a0fluorkowymi<\/li>\n<li>udziela porad uczniom z problemami\u00a0zdrowotnymi<\/li>\n<li>zajmuje si\u0119 edukacj\u0105 na temat zdrowia jamy\u00a0ustnej<\/li>\n<li>sprawuje opiek\u0119 nad uczniami z chorobami przewlek\u0142ymi i\u00a0niepe\u0142nosprawno\u015bci\u0105,<\/li>\n<li>udziela pierwszej pomocy przedlekarskiej w nag\u0142ych wypadkach, zachorowaniach, urazach i\u00a0zatruciach<\/li>\n<li>doradza dyrektorowi szko\u0142y na temat stanu sanitarnego plac\u00f3wki, bezpiecze\u0144stwa uczni\u00f3w, organizacji\u00a0posi\u0142k\u00f3w<\/li>\n<li>bierze udzia\u0142 w planowaniu, realizacji i ocenie edukacji zdrowotnej w\u00a0szkole<\/li>\n<li>przygotowuje zapotrzebowanie na leki oraz materia\u0142y opatrunkowe znajduj\u0105ce si\u0119 w apteczce\u00a0szkolnej.<\/li>\n<\/ul>\n<div>\u00a0<\/div>\n<\/div>\n<\/div>\n<\/div>\n\n\n\n<div class=\"is-layout-flow wp-block-column\" style=\"flex-basis:33.33%\">\n<div id=\"inpl-weather-main\" class=\"inpl-weather-main\" data-langid=\"1\" data-unitid=\"E\" data-ict=\"2\" data-cid=\"21076\" data-clbg=\"ffffff\" data-cltxt=\"111010\" data-cllink=\"860707\" data-txtdesc=\"1\" data-ftemp=\"1\" data-crps=\"1\" data-crwind=\"1\" data-fr=\"1\" data-wdh=\"300\" data-hif=\"400\" data-d=\"\/\/widgets.interia.pl\" style=\"position:relative; width: 300px; color: #860707; background-color:#ffffff\"><div id=\"inpl-weather-links\" style=\"display:flex;flex-flow:row wrap;justify-content:space-around;padding:0 8px 8px;text-align:center\"><a id=\"wlHbh\" style=\"color:inherit;font-size:13px;text-decoration:none;margin:4px;\" href=\"https:\/\/pogoda.interia.pl\/prognoza-szczegolowa-the-city-name,cId,21076\">Godzina po godzinie<\/a><a id=\"wlfr\" style=\"color:inherit;font-size:13px;text-decoration:none;margin:4px;\" href=\"https:\/\/pogoda.interia.pl\/prognoza-dlugoterminowa-the-city-name,cId,21076\">Na 45 dni<\/a><\/div><\/div><script>!(function(t,n,e){var r,o;t.getElementById(e)||(r=t.getElementsByTagName(n)[0],(o=t.createElement(n)).id=e,o.src=\"\/\/w.iplsc.com\/widget\/weather-2.0.2.jssc\",r.parentNode.appendChild(o))})(document,\"script\",\"widget-js\")<\/script>\n<\/div>\n<\/div>\n","protected":false},"excerpt":{"rendered":"<p class=\"tx-excerpt\">Gabinet medyczny \u00a0 \u00a0 \u00a0 p. mgr Ewa Jod\u0142owska \u00a0 GODZINY PRACY: \u00a0 Poniedzia\u0142ek 8.00 -15.00 Wtorek 8.00 -15.00 \u015aroda 8.00 -15.00 Czwartek 8.00 -15.00 Pi\u0105tek 8.00 -15.00 Piel\u0119gniarka szkolna \u2013 lub higienistka<div class=\"tx-read-more\"><a href=\"https:\/\/szkola.miedzyborow.pl\/podstawowa\/gabinet-medyczny\/\">Czytaj wi\u0119cej<\/a><\/div>","protected":false},"author":2,"featured_media":0,"parent":0,"menu_order":0,"comment_status":"closed","ping_status":"closed","template":"","meta":[],"_links":{"self":[{"href":"https:\/\/szkola.miedzyborow.pl\/podstawowa\/wp-json\/wp\/v2\/pages\/1941"}],"collection":[{"href":"https:\/\/szkola.miedzyborow.pl\/podstawowa\/wp-json\/wp\/v2\/pages"}],"about":[{"href":"https:\/\/szkola.miedzyborow.pl\/podstawowa\/wp-json\/wp\/v2\/types\/page"}],"author":[{"embeddable":true,"href":"https:\/\/szkola.miedzyborow.pl\/podstawowa\/wp-json\/wp\/v2\/users\/2"}],"replies":[{"embeddable":true,"href":"https:\/\/szkola.miedzyborow.pl\/podstawowa\/wp-json\/wp\/v2\/comments?post=1941"}],"version-history":[{"count":20,"href":"https:\/\/szkola.miedzyborow.pl\/podstawowa\/wp-json\/wp\/v2\/pages\/1941\/revisions"}],"predecessor-version":[{"id":6851,"href":"https:\/\/szkola.miedzyborow.pl\/podstawowa\/wp-json\/wp\/v2\/pages\/1941\/revisions\/6851"}],"wp:attachment":[{"href":"https:\/\/szkola.miedzyborow.pl\/podstawowa\/wp-json\/wp\/v2\/media?parent=1941"}],"curies":[{"name":"wp","href":"https:\/\/api.w.org\/{rel}","templated":true}]}}