{"id":2047,"date":"2023-01-31T10:52:30","date_gmt":"2023-01-31T09:52:30","guid":{"rendered":"https:\/\/szkola.miedzyborow.pl\/podstawowa\/?page_id=2047"},"modified":"2023-12-08T10:10:24","modified_gmt":"2023-12-08T09:10:24","slug":"100-lecie","status":"publish","type":"page","link":"https:\/\/szkola.miedzyborow.pl\/podstawowa\/100-lecie\/","title":{"rendered":"100-lecie"},"content":{"rendered":"\n<div class=\"is-layout-flex wp-container-7 wp-block-columns\">\n<div class=\"is-layout-flow wp-block-column\">\n<div class=\"is-layout-flex wp-container-5 wp-block-columns\">\n<div class=\"is-layout-flow wp-block-column\" style=\"flex-basis:66.66%\">\n<p style=\"text-align: center;\"><em><strong><img fetchpriority=\"high\" decoding=\"async\" class=\"alignnone size-full wp-image-5350\" src=\"https:\/\/szkola.miedzyborow.pl\/podstawowa\/wp-content\/uploads\/2023\/12\/baner_100l.png\" alt=\"\" width=\"2048\" height=\"1024\" srcset=\"https:\/\/szkola.miedzyborow.pl\/podstawowa\/wp-content\/uploads\/2023\/12\/baner_100l.png 2048w, https:\/\/szkola.miedzyborow.pl\/podstawowa\/wp-content\/uploads\/2023\/12\/baner_100l-300x150.png 300w, https:\/\/szkola.miedzyborow.pl\/podstawowa\/wp-content\/uploads\/2023\/12\/baner_100l-1024x512.png 1024w, https:\/\/szkola.miedzyborow.pl\/podstawowa\/wp-content\/uploads\/2023\/12\/baner_100l-768x384.png 768w, https:\/\/szkola.miedzyborow.pl\/podstawowa\/wp-content\/uploads\/2023\/12\/baner_100l-1536x768.png 1536w, https:\/\/szkola.miedzyborow.pl\/podstawowa\/wp-content\/uploads\/2023\/12\/baner_100l-1920x960.png 1920w\" sizes=\"(max-width: 2048px) 100vw, 2048px\" \/>\u00a0<\/strong><\/em><\/p>\n<p style=\"text-align: center;\"><em><strong>1<\/strong> wrze\u015bnia 1923 roku po raz pierwszy rozleg\u0142 si\u0119 dzwonek wzywaj\u0105cy mi\u0119dzyborowsk\u0105 dziatw\u0119 na zaj\u0119cia lekcyjne. Od tej pory Szko\u0142a, mimo kolejnych mniej i bardziej tragicznych zawirowa\u0144 historii, dzia\u0142a nieprzerwanie. <\/em><em>Jej mury opuszcza\u0142y kolejne pokolenia absolwent\u00f3w &#8211; ludzi m\u0105drych, odpowiedzialnych, pe\u0142nych pasji, <\/em><em>z optymizmem patrz\u0105cych w przysz\u0142o\u015b\u0107 i gotowych do pracy na rzecz innych. Sama Szko\u0142a rozwija si\u0119 nieustannie, staj\u0105c si\u0119 coraz wi\u0119ksz\u0105, pi\u0119kniejsz\u0105 i nowocze\u015bniejsz\u0105. Patrz\u0105c na ni\u0105 dzi\u015b, trudno uwierzy\u0107, \u017ce liczy sobie ju\u017c 100 lat. Tak wspania\u0142a Jubilatka zas\u0142uguje na uhonorowanie. Jej uczniowie, realizuj\u0105c projekt Z m\u0105dro\u015bci\u0105 przesz\u0142o\u015bci <\/em><em>w tera\u017aniejszo\u015bci i w przysz\u0142o\u015b\u0107, wykazali si\u0119 wyj\u0105tkow\u0105 pomys\u0142owo\u015bci\u0105 i kreatywno\u015bci\u0105.<\/em><\/p>\n<p style=\"text-align: center;\"><em>Dumni ze swoich podopiecznych zach\u0119camy do zapoznania si\u0119 z nimi bli\u017cej.<\/em><\/p>\n<ul>\n<li><span style=\"color: #008000;\"><strong><a style=\"color: #008000;\" href=\"https:\/\/szkola.miedzyborow.pl\/podstawowa\/przeszlosc\/\" target=\"_blank\" rel=\"noopener\">Przesz\u0142o\u015b\u0107<\/a><\/strong><\/span><\/li>\n<li><span style=\"color: #008000;\"><strong><a style=\"color: #008000;\" href=\"https:\/\/szkola.miedzyborow.pl\/podstawowa\/z-madroscia-przeszlosci-w-terazniejszosci-i-w-przyszlosc\/\" target=\"_blank\" rel=\"noopener\">Z m\u0105dro\u015bci\u0105 przesz\u0142o\u015bci w tera\u017aniejszo\u015bci i w przysz\u0142o\u015b\u0107<\/a><\/strong><\/span><\/li>\n<li><a href=\"https:\/\/szkola.miedzyborow.pl\/podstawowa\/z-pasja-i-odpowiedzialnoscia-w-przyszlosc\/\" target=\"_blank\" rel=\"noopener\" data-wplink-edit=\"true\"><span style=\"color: #008000;\"><strong>Z pasj\u0105 i odpowiedzialno\u015bci\u0105 w przysz\u0142o\u015b\u0107<\/strong><\/span><\/a><\/li>\n<li><a href=\"https:\/\/szkola.miedzyborow.pl\/podstawowa\/przyszlosc\/\" target=\"_blank\" rel=\"noopener\"><span style=\"color: #008000;\"><strong>Przysz\u0142o\u015b\u0107<\/strong><\/span><\/a><\/li>\n<\/ul>\n<\/div>\n\n\n\n<div class=\"is-layout-flow wp-block-column\" style=\"flex-basis:33.33%\">\n<figure class=\"is-layout-flex wp-block-gallery-2 wp-block-gallery has-nested-images columns-default is-cropped\">\n<figure class=\"wp-block-image size-large\"><img decoding=\"async\" width=\"338\" height=\"324\" src=\"https:\/\/szkola.miedzyborow.pl\/podstawowa\/wp-content\/uploads\/2023\/12\/logo_100l.png\" alt=\"\" class=\"wp-image-5353\" srcset=\"https:\/\/szkola.miedzyborow.pl\/podstawowa\/wp-content\/uploads\/2023\/12\/logo_100l.png 338w, https:\/\/szkola.miedzyborow.pl\/podstawowa\/wp-content\/uploads\/2023\/12\/logo_100l-300x288.png 300w\" sizes=\"(max-width: 338px) 100vw, 338px\" \/><\/figure>\n<\/figure>\n\n\n\n<div id=\"inpl-weather-main\" class=\"inpl-weather-main\" data-langid=\"1\" data-unitid=\"E\" data-ict=\"2\" data-cid=\"21076\" data-clbg=\"ffffff\" data-cltxt=\"111010\" data-cllink=\"860707\" data-txtdesc=\"1\" data-ftemp=\"1\" data-crps=\"1\" data-crwind=\"1\" data-fr=\"1\" data-wdh=\"300\" data-hif=\"400\" data-d=\"\/\/widgets.interia.pl\" style=\"position:relative; width: 300px; color: #860707; background-color:#ffffff\"><div id=\"inpl-weather-links\" style=\"display:flex;flex-flow:row wrap;justify-content:space-around;padding:0 8px 8px;text-align:center\"><a id=\"wlHbh\" style=\"color:inherit;font-size:13px;text-decoration:none;margin:4px;\" href=\"https:\/\/pogoda.interia.pl\/prognoza-szczegolowa-the-city-name,cId,21076\">Godzina po godzinie<\/a><a id=\"wlfr\" style=\"color:inherit;font-size:13px;text-decoration:none;margin:4px;\" href=\"https:\/\/pogoda.interia.pl\/prognoza-dlugoterminowa-the-city-name,cId,21076\">Na 45 dni<\/a><\/div><\/div><script>!(function(t,n,e){var r,o;t.getElementById(e)||(r=t.getElementsByTagName(n)[0],(o=t.createElement(n)).id=e,o.src=\"\/\/w.iplsc.com\/widget\/weather-2.0.2.jssc\",r.parentNode.appendChild(o))})(document,\"script\",\"widget-js\")<\/script>\n<\/div>\n<\/div>\n<\/div>\n<\/div>\n\n\n\n<p><\/p>\n\n\n\n<figure class=\"wp-block-video\"><video controls src=\"https:\/\/szkola.miedzyborow.pl\/podstawowa\/wp-content\/uploads\/2023\/12\/4-100-lat-1.mp4\"><\/video><\/figure>\n","protected":false},"excerpt":{"rendered":"<p class=\"tx-excerpt\">\u00a0 1 wrze\u015bnia 1923 roku po raz pierwszy rozleg\u0142 si\u0119 dzwonek wzywaj\u0105cy mi\u0119dzyborowsk\u0105 dziatw\u0119 na zaj\u0119cia lekcyjne. Od tej pory Szko\u0142a, mimo kolejnych mniej i bardziej tragicznych zawirowa\u0144 historii, dzia\u0142a nieprzerwanie. Jej mury<div class=\"tx-read-more\"><a href=\"https:\/\/szkola.miedzyborow.pl\/podstawowa\/100-lecie\/\">Czytaj wi\u0119cej<\/a><\/div>","protected":false},"author":2,"featured_media":0,"parent":0,"menu_order":0,"comment_status":"closed","ping_status":"closed","template":"","meta":[],"_links":{"self":[{"href":"https:\/\/szkola.miedzyborow.pl\/podstawowa\/wp-json\/wp\/v2\/pages\/2047"}],"collection":[{"href":"https:\/\/szkola.miedzyborow.pl\/podstawowa\/wp-json\/wp\/v2\/pages"}],"about":[{"href":"https:\/\/szkola.miedzyborow.pl\/podstawowa\/wp-json\/wp\/v2\/types\/page"}],"author":[{"embeddable":true,"href":"https:\/\/szkola.miedzyborow.pl\/podstawowa\/wp-json\/wp\/v2\/users\/2"}],"replies":[{"embeddable":true,"href":"https:\/\/szkola.miedzyborow.pl\/podstawowa\/wp-json\/wp\/v2\/comments?post=2047"}],"version-history":[{"count":52,"href":"https:\/\/szkola.miedzyborow.pl\/podstawowa\/wp-json\/wp\/v2\/pages\/2047\/revisions"}],"predecessor-version":[{"id":5366,"href":"https:\/\/szkola.miedzyborow.pl\/podstawowa\/wp-json\/wp\/v2\/pages\/2047\/revisions\/5366"}],"wp:attachment":[{"href":"https:\/\/szkola.miedzyborow.pl\/podstawowa\/wp-json\/wp\/v2\/media?parent=2047"}],"curies":[{"name":"wp","href":"https:\/\/api.w.org\/{rel}","templated":true}]}}