{"id":2049,"date":"2023-01-31T10:56:12","date_gmt":"2023-01-31T09:56:12","guid":{"rendered":"https:\/\/szkola.miedzyborow.pl\/podstawowa\/?page_id=2049"},"modified":"2023-03-06T16:16:12","modified_gmt":"2023-03-06T15:16:12","slug":"labolatoria-przyszlosci","status":"publish","type":"page","link":"https:\/\/szkola.miedzyborow.pl\/podstawowa\/labolatoria-przyszlosci\/","title":{"rendered":"Laboratoria pzysz\u0142o\u015bci"},"content":{"rendered":"\n<div class=\"is-layout-flex wp-container-3 wp-block-columns\">\n<div class=\"is-layout-flow wp-block-column\" style=\"flex-basis:66.66%\">\n<p><img fetchpriority=\"high\" decoding=\"async\" class=\"wp-image-2051 aligncenter\" src=\"https:\/\/szkola.miedzyborow.pl\/podstawowa\/wp-content\/uploads\/2023\/01\/logo-Laboratoria_Przyszlosci_poziom_kolor-1.png\" alt=\"\" width=\"402\" height=\"226\" srcset=\"https:\/\/szkola.miedzyborow.pl\/podstawowa\/wp-content\/uploads\/2023\/01\/logo-Laboratoria_Przyszlosci_poziom_kolor-1.png 2550w, https:\/\/szkola.miedzyborow.pl\/podstawowa\/wp-content\/uploads\/2023\/01\/logo-Laboratoria_Przyszlosci_poziom_kolor-1-300x168.png 300w, https:\/\/szkola.miedzyborow.pl\/podstawowa\/wp-content\/uploads\/2023\/01\/logo-Laboratoria_Przyszlosci_poziom_kolor-1-1024x575.png 1024w, https:\/\/szkola.miedzyborow.pl\/podstawowa\/wp-content\/uploads\/2023\/01\/logo-Laboratoria_Przyszlosci_poziom_kolor-1-768x431.png 768w, https:\/\/szkola.miedzyborow.pl\/podstawowa\/wp-content\/uploads\/2023\/01\/logo-Laboratoria_Przyszlosci_poziom_kolor-1-1536x862.png 1536w, https:\/\/szkola.miedzyborow.pl\/podstawowa\/wp-content\/uploads\/2023\/01\/logo-Laboratoria_Przyszlosci_poziom_kolor-1-2048x1149.png 2048w, https:\/\/szkola.miedzyborow.pl\/podstawowa\/wp-content\/uploads\/2023\/01\/logo-Laboratoria_Przyszlosci_poziom_kolor-1-1920x1077.png 1920w\" sizes=\"(max-width: 402px) 100vw, 402px\" \/>Mi\u0142o jest nam poinformowa\u0107, \u017ce nasza szko\u0142a otrzyma\u0142a \u015brodki\u00a0\u00a0\u00a0\u00a0\u00a0 na realizacj\u0119 tego programu i uzyska\u0142a pomoce, dzi\u0119ki kt\u00f3rym uczniowie b\u0119d\u0105 mogli rozwija\u0107 kreatywne my\u015blenie, umiej\u0119tno\u015b\u0107 obs\u0142ugi nowoczesnych narz\u0119dzi technologicznych oraz zdolno\u015bci konstrukcyjne.<\/p>\n<p>Otrzymane przez nas wsparcie finansowe, przeznaczyli\u015bmy na sprz\u0119t do prowadzenia zaj\u0119\u0107 z techniki, fizyki, biologii, robotyki, zaj\u0119\u0107 kulinarnych, fotograficznych, dziennikarskich oraz na wyposa\u017cenie szkolnej kuchni.<\/p>\n<p style=\"text-align: left;\">Mamy nadziej\u0119, \u017ce nowoczesny sprz\u0119t uatrakcyjni zaj\u0119cia szkolne \u00a0\u00a0 i pozwoli uczniom zdobywa\u0107 wiedz\u0119 i rozwija\u0107 zainteresowania.<\/p>\n<header>\n<h2 style=\"text-align: center;\">O programie<\/h2>\n<\/header>\n<p style=\"text-align: center;\">Laboratoria Przysz\u0142o\u015bci to inicjatywa edukacyjna realizowana przez Ministerstwo Edukacji i Nauki we wsp\u00f3\u0142pracy z Centrum GovTech\u00a0 w Kancelarii Prezesa Rady Ministr\u00f3w. Nasz\u0105 wsp\u00f3ln\u0105 misj\u0105 jest stworzenie nowoczesnej szko\u0142y, w kt\u00f3rej zaj\u0119cia b\u0119d\u0105 prowadzone w spos\u00f3b ciekawy, anga\u017cuj\u0105cy uczni\u00f3w oraz sprzyjaj\u0105cy odkrywaniu ich talent\u00f3w i rozwijaniu zainteresowa\u0144.<\/p>\n<p>Celem inicjatywy jest wsparcie wszystkich szk\u00f3\u0142 podstawowych\u00a0\u00a0\u00a0\u00a0\u00a0\u00a0\u00a0 w budowaniu w\u015br\u00f3d uczni\u00f3w kompetencji przysz\u0142o\u015bci z tzw. kierunk\u00f3w STEAM (nauka, technologia, in\u017cynieria, sztuka oraz matematyka). W ramach Laboratori\u00f3w Przysz\u0142o\u015bci organy prowadz\u0105ce szko\u0142y otrzymaj\u0105 od pa\u0144stwa wsparcie finansowe warte ponad miliard z\u0142otych, dzi\u0119ki kt\u00f3remu miliony polskich uczni\u00f3w b\u0119d\u0105 mog\u0142y uczy\u0107 si\u0119 poprzez eksperymentowanie\u00a0\u00a0\u00a0\u00a0\u00a0\u00a0\u00a0\u00a0\u00a0\u00a0\u00a0\u00a0 i zdobywa\u0107 w ten spos\u00f3b praktyczne umiej\u0119tno\u015bci. Wsparcie b\u0119dzie przekazane w ca\u0142o\u015bci z g\u00f3ry &#8211; bez konieczno\u015bci wniesienia wk\u0142adu w\u0142asnego.<\/p>\n<p><img decoding=\"async\" class=\" wp-image-2062 aligncenter\" src=\"https:\/\/szkola.miedzyborow.pl\/podstawowa\/wp-content\/uploads\/2023\/01\/ee27ba05-4479-49f1-9e48-3c77a564bb89.png\" alt=\"\" width=\"200\" height=\"193\" \/><\/p>\n<\/div>\n\n\n\n<div class=\"is-layout-flow wp-block-column\" style=\"flex-basis:33.33%\">\n<div id=\"inpl-weather-main\" class=\"inpl-weather-main\" data-langId=\"1\" data-unitId=\"E\" data-icT=\"2\" data-cId=\"21076\" data-clBg=\"ffffff\" data-clTxt=\"111010\" data-clLink=\"860707\" data-txtDesc=\"1\" data-fTemp=\"1\" data-crPs=\"1\" data-crWind=\"1\" data-fr=\"1\" data-wdh=\"300\" data-hIf=\"400\" data-d=\"\/\/widgets.interia.pl\" style=\"position:relative; width: 300px; color: #860707; background-color:#ffffff\"><div id=\"inpl-weather-links\" style=\"display:flex;flex-flow:row wrap;justify-content:space-around;padding:0 8px 8px;text-align:center\"><a id=\"wlHbh\" style=\"color:inherit;font-size:13px;text-decoration:none;margin:4px;\" href=\"https:\/\/pogoda.interia.pl\/prognoza-szczegolowa-the-city-name,cId,21076\">Godzina po godzinie<\/a><a id=\"wlfr\" style=\"color:inherit;font-size:13px;text-decoration:none;margin:4px;\" href=\"https:\/\/pogoda.interia.pl\/prognoza-dlugoterminowa-the-city-name,cId,21076\">Na 45 dni<\/a><\/div><\/div><script>!(function(t,n,e){var r,o;t.getElementById(e)||(r=t.getElementsByTagName(n)[0],(o=t.createElement(n)).id=e,o.src=\"\/\/w.iplsc.com\/widget\/weather-2.0.2.jssc\",r.parentNode.appendChild(o))})(document,\"script\",\"widget-js\")<\/script>\n<\/div>\n<\/div>\n","protected":false},"excerpt":{"rendered":"<p class=\"tx-excerpt\">Mi\u0142o jest nam poinformowa\u0107, \u017ce nasza szko\u0142a otrzyma\u0142a \u015brodki\u00a0\u00a0\u00a0\u00a0\u00a0 na realizacj\u0119 tego programu i uzyska\u0142a pomoce, dzi\u0119ki kt\u00f3rym uczniowie b\u0119d\u0105 mogli rozwija\u0107 kreatywne my\u015blenie, umiej\u0119tno\u015b\u0107 obs\u0142ugi nowoczesnych narz\u0119dzi technologicznych oraz zdolno\u015bci konstrukcyjne. Otrzymane<div class=\"tx-read-more\"><a href=\"https:\/\/szkola.miedzyborow.pl\/podstawowa\/labolatoria-przyszlosci\/\">Czytaj wi\u0119cej<\/a><\/div>","protected":false},"author":2,"featured_media":0,"parent":0,"menu_order":0,"comment_status":"closed","ping_status":"closed","template":"","meta":[],"_links":{"self":[{"href":"https:\/\/szkola.miedzyborow.pl\/podstawowa\/wp-json\/wp\/v2\/pages\/2049"}],"collection":[{"href":"https:\/\/szkola.miedzyborow.pl\/podstawowa\/wp-json\/wp\/v2\/pages"}],"about":[{"href":"https:\/\/szkola.miedzyborow.pl\/podstawowa\/wp-json\/wp\/v2\/types\/page"}],"author":[{"embeddable":true,"href":"https:\/\/szkola.miedzyborow.pl\/podstawowa\/wp-json\/wp\/v2\/users\/2"}],"replies":[{"embeddable":true,"href":"https:\/\/szkola.miedzyborow.pl\/podstawowa\/wp-json\/wp\/v2\/comments?post=2049"}],"version-history":[{"count":23,"href":"https:\/\/szkola.miedzyborow.pl\/podstawowa\/wp-json\/wp\/v2\/pages\/2049\/revisions"}],"predecessor-version":[{"id":2634,"href":"https:\/\/szkola.miedzyborow.pl\/podstawowa\/wp-json\/wp\/v2\/pages\/2049\/revisions\/2634"}],"wp:attachment":[{"href":"https:\/\/szkola.miedzyborow.pl\/podstawowa\/wp-json\/wp\/v2\/media?parent=2049"}],"curies":[{"name":"wp","href":"https:\/\/api.w.org\/{rel}","templated":true}]}}