{"id":2402,"date":"2023-02-27T12:59:00","date_gmt":"2023-02-27T11:59:00","guid":{"rendered":"https:\/\/szkola.miedzyborow.pl\/podstawowa\/?page_id=2402"},"modified":"2026-03-04T15:15:39","modified_gmt":"2026-03-04T14:15:39","slug":"pedagog-2","status":"publish","type":"page","link":"https:\/\/szkola.miedzyborow.pl\/podstawowa\/pedagog-2\/","title":{"rendered":"Pedagog"},"content":{"rendered":"\n<div class=\"is-layout-flex wp-container-3 wp-block-columns\">\n<div class=\"is-layout-flow wp-block-column\" style=\"flex-basis:66.66%\">\n<p align=\"center\"><img decoding=\"async\" class=\"wp-image-845 aligncenter\" src=\"https:\/\/szkola.miedzyborow.pl\/podstawowa\/wp-content\/uploads\/2022\/12\/logo_sp.jpg\" alt=\"\" width=\"85\" height=\"82\" \/><\/p>\n<p align=\"center\"><span style=\"color: #008000;\"><span style=\"font-family: Tahoma; font-size: 14pt;\">Pedagog specjalny klas 1-4\u00a0 Szko\u0142y Podstawowej<\/span><\/span><\/p>\n<p align=\"center\"><span style=\"color: #008000; font-size: 14pt;\">p. Agnieszka Rogowska<\/span><\/p>\n<p align=\"center\"><span style=\"color: #008000;\"><span style=\"font-family: Tahoma; font-size: 14pt;\">Pedagog szkolny ds. klas 5-8 Szko\u0142y Podstawowej<\/span><\/span><\/p>\n<p align=\"center\"><span style=\"font-family: Tahoma; font-size: 14pt; color: #008000;\">p. Justyna Pietruszewska<\/span><\/p>\n<p align=\"center\"><span style=\"color: #008000; font-family: Tahoma; font-size: 14pt;\">p. Monika Zagrajek<\/span><\/p>\n<p align=\"center\"><strong><span style=\"font-size: 14pt;\"><span style=\"color: #008000;\">Pedagog specjalny klas 1-4\u00a0 Szko\u0142y Podstawowej<\/span><\/span><\/strong><\/p>\n<p align=\"center\"><span style=\"color: #008000; font-size: 14pt;\">p. Iwona Oskiera-Ga\u0142ecka<\/span><\/p>\n<p align=\"center\"><span style=\"color: #008000; font-size: 14pt;\">p. El\u017cbieta Ba\u0142agulska<\/span><\/p>\n<p align=\"center\"><strong><span style=\"color: #008000; font-size: 14pt;\">Pedagog specjalny klas 5-8 Szko\u0142y Podstawowej<\/span><\/strong><\/p>\n<p align=\"center\"><span style=\"color: #008000; font-size: 14pt;\">p. Marta Mik\u0142asz<\/span><\/p>\n<\/div>\n\n\n\n<div class=\"is-layout-flow wp-block-column\" style=\"flex-basis:33.33%\">\n<div id=\"inpl-weather-main\" class=\"inpl-weather-main\" data-langid=\"1\" data-unitid=\"E\" data-ict=\"2\" data-cid=\"21076\" data-clbg=\"ffffff\" data-cltxt=\"111010\" data-cllink=\"860707\" data-txtdesc=\"1\" data-ftemp=\"1\" data-crps=\"1\" data-crwind=\"1\" data-fr=\"1\" data-wdh=\"300\" data-hif=\"400\" data-d=\"\/\/widgets.interia.pl\" style=\"position:relative; width: 300px; color: #860707; background-color:#ffffff\"><div id=\"inpl-weather-links\" style=\"display:flex;flex-flow:row wrap;justify-content:space-around;padding:0 8px 8px;text-align:center\"><a id=\"wlHbh\" style=\"color:inherit;font-size:13px;text-decoration:none;margin:4px;\" href=\"https:\/\/pogoda.interia.pl\/prognoza-szczegolowa-the-city-name,cId,21076\">Godzina po godzinie<\/a><a id=\"wlfr\" style=\"color:inherit;font-size:13px;text-decoration:none;margin:4px;\" href=\"https:\/\/pogoda.interia.pl\/prognoza-dlugoterminowa-the-city-name,cId,21076\">Na 45 dni<\/a><\/div><\/div><script>!(function(t,n,e){var r,o;t.getElementById(e)||(r=t.getElementsByTagName(n)[0],(o=t.createElement(n)).id=e,o.src=\"\/\/w.iplsc.com\/widget\/weather-2.0.2.jssc\",r.parentNode.appendChild(o))})(document,\"script\",\"widget-js\")<\/script>\n<\/div>\n<\/div>\n","protected":false},"excerpt":{"rendered":"<p class=\"tx-excerpt\">Pedagog specjalny klas 1-4\u00a0 Szko\u0142y Podstawowej p. Agnieszka Rogowska Pedagog szkolny ds. klas 5-8 Szko\u0142y Podstawowej p. Justyna Pietruszewska p. Monika Zagrajek Pedagog specjalny klas 1-4\u00a0 Szko\u0142y Podstawowej p. Iwona Oskiera-Ga\u0142ecka p. El\u017cbieta<div class=\"tx-read-more\"><a href=\"https:\/\/szkola.miedzyborow.pl\/podstawowa\/pedagog-2\/\">Czytaj wi\u0119cej<\/a><\/div>","protected":false},"author":2,"featured_media":0,"parent":0,"menu_order":0,"comment_status":"closed","ping_status":"closed","template":"","meta":[],"_links":{"self":[{"href":"https:\/\/szkola.miedzyborow.pl\/podstawowa\/wp-json\/wp\/v2\/pages\/2402"}],"collection":[{"href":"https:\/\/szkola.miedzyborow.pl\/podstawowa\/wp-json\/wp\/v2\/pages"}],"about":[{"href":"https:\/\/szkola.miedzyborow.pl\/podstawowa\/wp-json\/wp\/v2\/types\/page"}],"author":[{"embeddable":true,"href":"https:\/\/szkola.miedzyborow.pl\/podstawowa\/wp-json\/wp\/v2\/users\/2"}],"replies":[{"embeddable":true,"href":"https:\/\/szkola.miedzyborow.pl\/podstawowa\/wp-json\/wp\/v2\/comments?post=2402"}],"version-history":[{"count":22,"href":"https:\/\/szkola.miedzyborow.pl\/podstawowa\/wp-json\/wp\/v2\/pages\/2402\/revisions"}],"predecessor-version":[{"id":10666,"href":"https:\/\/szkola.miedzyborow.pl\/podstawowa\/wp-json\/wp\/v2\/pages\/2402\/revisions\/10666"}],"wp:attachment":[{"href":"https:\/\/szkola.miedzyborow.pl\/podstawowa\/wp-json\/wp\/v2\/media?parent=2402"}],"curies":[{"name":"wp","href":"https:\/\/api.w.org\/{rel}","templated":true}]}}