{"id":2409,"date":"2023-02-27T13:08:56","date_gmt":"2023-02-27T12:08:56","guid":{"rendered":"https:\/\/szkola.miedzyborow.pl\/podstawowa\/?page_id=2409"},"modified":"2026-03-04T15:05:38","modified_gmt":"2026-03-04T14:05:38","slug":"psycholog","status":"publish","type":"page","link":"https:\/\/szkola.miedzyborow.pl\/podstawowa\/psycholog\/","title":{"rendered":"Psycholog"},"content":{"rendered":"\n<div class=\"is-layout-flex wp-container-3 wp-block-columns\">\n<div class=\"is-layout-flow wp-block-column\" style=\"flex-basis:66.66%\">\n<p style=\"text-align: center;\"><img decoding=\"async\" class=\"alignnone  wp-image-845\" src=\"https:\/\/szkola.miedzyborow.pl\/podstawowa\/wp-content\/uploads\/2022\/12\/logo_sp.jpg\" alt=\"\" width=\"104\" height=\"100\" \/><\/p>\n<p style=\"text-align: center;\"><strong><span style=\"color: #008000;\">Psycholog szkolny klasy 1-4\u00a0<\/span><\/strong><\/p>\n<p style=\"text-align: center;\"><em><span style=\"color: #008000; font-family: Tahoma;\">p. Kinga Kowalska<\/span><\/em><\/p>\n<p style=\"text-align: center;\"><strong><span style=\"color: #008000;\">Psycholog szkolny klasy 5-8<\/span><\/strong><\/p>\n<p style=\"text-align: center;\"><em><span style=\"color: #008000; font-family: Tahoma;\"> p. Anika Zi\u0144czuk<br \/><\/span><\/em><\/p>\n<\/div>\n\n\n\n<div class=\"is-layout-flow wp-block-column\" style=\"flex-basis:33.33%\">\n<div id=\"inpl-weather-main\" class=\"inpl-weather-main\" data-langid=\"1\" data-unitid=\"E\" data-ict=\"1\" data-cid=\"21076\" data-clbg=\"fafeff\" data-cltxt=\"090909\" data-cllink=\"762421\" data-txtdesc=\"1\" data-ftemp=\"0\" data-crps=\"1\" data-crwind=\"0\" data-fr=\"1\" data-wdh=\"300\" data-hif=\"400\" data-d=\"\/\/widgets.interia.pl\" style=\"position:relative; width: 300px; color: #762421; background-color:#fafeff\"><div id=\"inpl-weather-links\" style=\"display:flex;flex-flow:row wrap;justify-content:space-around;padding:0 8px 8px;text-align:center\"><a id=\"wlHbh\" style=\"color:inherit;font-size:13px;text-decoration:none;margin:4px;\" href=\"https:\/\/pogoda.interia.pl\/prognoza-szczegolowa-the-city-name,cId,21076\">Godzina po godzinie<\/a><a id=\"wlfr\" style=\"color:inherit;font-size:13px;text-decoration:none;margin:4px;\" href=\"https:\/\/pogoda.interia.pl\/prognoza-dlugoterminowa-the-city-name,cId,21076\">Na 45 dni<\/a><\/div><\/div><script>!(function(t,n,e){var r,o;t.getElementById(e)||(r=t.getElementsByTagName(n)[0],(o=t.createElement(n)).id=e,o.src=\"\/\/w.iplsc.com\/widget\/weather-2.0.2.jssc\",r.parentNode.appendChild(o))})(document,\"script\",\"widget-js\")<\/script>\n<\/div>\n<\/div>\n\n\n\n<p>Spotkania z rodzicami po uprzednim um\u00f3wieniu si\u0119 poprzez dziennik elektroniczny.<\/p>\n","protected":false},"excerpt":{"rendered":"<p class=\"tx-excerpt\">Psycholog szkolny klasy 1-4\u00a0 p. Kinga Kowalska Psycholog szkolny klasy 5-8 p. Anika Zi\u0144czuk Godzina po godzinieNa 45 dni Spotkania z rodzicami po uprzednim um\u00f3wieniu si\u0119 poprzez dziennik elektroniczny.<\/p><div class=\"tx-read-more\"><a href=\"https:\/\/szkola.miedzyborow.pl\/podstawowa\/psycholog\/\">Czytaj wi\u0119cej<\/a><\/div>","protected":false},"author":2,"featured_media":0,"parent":0,"menu_order":0,"comment_status":"closed","ping_status":"closed","template":"","meta":[],"_links":{"self":[{"href":"https:\/\/szkola.miedzyborow.pl\/podstawowa\/wp-json\/wp\/v2\/pages\/2409"}],"collection":[{"href":"https:\/\/szkola.miedzyborow.pl\/podstawowa\/wp-json\/wp\/v2\/pages"}],"about":[{"href":"https:\/\/szkola.miedzyborow.pl\/podstawowa\/wp-json\/wp\/v2\/types\/page"}],"author":[{"embeddable":true,"href":"https:\/\/szkola.miedzyborow.pl\/podstawowa\/wp-json\/wp\/v2\/users\/2"}],"replies":[{"embeddable":true,"href":"https:\/\/szkola.miedzyborow.pl\/podstawowa\/wp-json\/wp\/v2\/comments?post=2409"}],"version-history":[{"count":17,"href":"https:\/\/szkola.miedzyborow.pl\/podstawowa\/wp-json\/wp\/v2\/pages\/2409\/revisions"}],"predecessor-version":[{"id":10652,"href":"https:\/\/szkola.miedzyborow.pl\/podstawowa\/wp-json\/wp\/v2\/pages\/2409\/revisions\/10652"}],"wp:attachment":[{"href":"https:\/\/szkola.miedzyborow.pl\/podstawowa\/wp-json\/wp\/v2\/media?parent=2409"}],"curies":[{"name":"wp","href":"https:\/\/api.w.org\/{rel}","templated":true}]}}