{"id":2414,"date":"2023-02-27T13:15:19","date_gmt":"2023-02-27T12:15:19","guid":{"rendered":"https:\/\/szkola.miedzyborow.pl\/podstawowa\/?page_id=2414"},"modified":"2024-09-18T12:03:05","modified_gmt":"2024-09-18T10:03:05","slug":"biblioteka","status":"publish","type":"page","link":"https:\/\/szkola.miedzyborow.pl\/podstawowa\/biblioteka\/","title":{"rendered":"Biblioteka"},"content":{"rendered":"\n<div class=\"is-layout-flex wp-container-3 wp-block-columns\">\n<div class=\"is-layout-flow wp-block-column\" style=\"flex-basis:66.66%\">\n<p><img fetchpriority=\"high\" decoding=\"async\" class=\"alignnone size-full wp-image-2615\" src=\"https:\/\/szkola.miedzyborow.pl\/podstawowa\/wp-content\/uploads\/2023\/03\/biblioteka.jpg\" alt=\"\" width=\"1024\" height=\"768\" srcset=\"https:\/\/szkola.miedzyborow.pl\/podstawowa\/wp-content\/uploads\/2023\/03\/biblioteka.jpg 1024w, https:\/\/szkola.miedzyborow.pl\/podstawowa\/wp-content\/uploads\/2023\/03\/biblioteka-300x225.jpg 300w, https:\/\/szkola.miedzyborow.pl\/podstawowa\/wp-content\/uploads\/2023\/03\/biblioteka-768x576.jpg 768w, https:\/\/szkola.miedzyborow.pl\/podstawowa\/wp-content\/uploads\/2023\/03\/biblioteka-100x75.jpg 100w\" sizes=\"(max-width: 1024px) 100vw, 1024px\" \/><\/p>\n<p style=\"text-align: center;\"><b><span style=\"color: #045a01; font-family: Tahoma;\">Bibliotekarze:<\/span><\/b><\/p>\n<p style=\"text-align: center;\"><span style=\"color: #045a01; font-family: Tahoma;\">p. Marta Kopczy\u0144ska<\/span><\/p>\n<p style=\"text-align: center;\"><span style=\"color: #045a01; font-family: Tahoma;\">p. Agnieszka Aronowska<\/span><\/p>\n<p style=\"text-align: left;\">\u00a0<\/p>\n<p style=\"text-align: left;\"><strong>REGULAMINY i cenniki<br \/><\/strong><\/p>\n<ul>\n<li style=\"text-align: left;\"><a href=\"https:\/\/szkola.miedzyborow.pl\/podstawowa\/wp-content\/uploads\/2023\/03\/REGULAMIN-BIBLIOTEKI-SZKOLNEJ.pdf\" target=\"_blank\" rel=\"noopener\"><i>Regulamin biblioteki szkolnej<\/i><\/a><\/li>\n<li style=\"text-align: left;\"><a href=\"https:\/\/szkola.miedzyborow.pl\/podstawowa\/wp-content\/uploads\/2023\/03\/regulamin_wypozyczania_podrecznikow.pdf\" target=\"_blank\" rel=\"noopener\"><i>Regulamin wypo\u017cyczenia podr\u0119cznik\u00f3w<\/i><\/a><\/li>\n<li><a href=\"https:\/\/szkola.miedzyborow.pl\/podstawowa\/wp-content\/uploads\/2024\/09\/Cennik-podrecznikow-2024-2025.pdf\" target=\"_blank\" rel=\"noopener\">Cennik podr\u0119cznik\u00f3w 2024\/2025<\/a><\/li>\n<\/ul>\n<p style=\"text-align: left;\"><a href=\"https:\/\/m009951.molnet.mol.pl\/\">Biblioteka Szkolna zaprasza do korzystania z katalogu online:<\/a><\/p>\n<p style=\"text-align: center;\"><a href=\"https:\/\/m009951.molnet.mol.pl\/\"><img decoding=\"async\" class=\"size-full wp-image-924 aligncenter\" src=\"https:\/\/szkola.miedzyborow.pl\/podstawowa\/wp-content\/uploads\/2022\/12\/mol_net.jpg\" alt=\"\" width=\"296\" height=\"170\" \/><\/a><\/p>\n<p style=\"text-align: left;\"><strong> Czasopisma prenumerowane w szkole:<\/strong><\/p>\n<ul>\n<li style=\"text-align: left;\">Biblioteka w Szkole\u00a0<\/li>\n<li style=\"text-align: left;\">Biologia w Szkole<\/li>\n<li style=\"text-align: left;\">Dyrektor Szko\u0142y<\/li>\n<li style=\"text-align: left;\">Geografia w Szkole<\/li>\n<li style=\"text-align: left;\">G\u0142os Nauczycielski<\/li>\n<li style=\"text-align: left;\">National Geographic<\/li>\n<li style=\"text-align: left;\">\u015awietlica w Szkole<\/li>\n<li style=\"text-align: left;\">Victor<\/li>\n<li style=\"text-align: left;\">\u017bycie szko\u0142y<\/li>\n<li style=\"text-align: left;\">Wszystko dla szko\u0142y<\/li>\n<li style=\"text-align: left;\">Wychowanie w Przedszkolu<\/li>\n<\/ul>\n<table style=\"height: 54px;\" width=\"905\">\n<tbody>\n<tr>\n<td width=\"100%\">\n<p><strong>\u00a0<span style=\"color: #008000;\">Biblioteka czynna codziennie od 8<sup>00<\/sup> \u2013 15<sup>00\u00a0\u00a0\u00a0 &#8211;&gt; \u00a0 <\/sup><\/span><\/strong><span style=\"color: #008000;\"><strong>Ostatni wtorek miesi\u0105ca biblioteka nieczynna.<\/strong><\/span><\/p>\n<\/td>\n<\/tr>\n<\/tbody>\n<\/table>\n<\/div>\n\n\n\n<div class=\"is-layout-flow wp-block-column\" style=\"flex-basis:33.33%\">\n<div id=\"inpl-weather-main\" class=\"inpl-weather-main\" data-langid=\"1\" data-unitid=\"E\" data-ict=\"2\" data-cid=\"21076\" data-clbg=\"ffffff\" data-cltxt=\"111010\" data-cllink=\"860707\" data-txtdesc=\"1\" data-ftemp=\"1\" data-crps=\"1\" data-crwind=\"1\" data-fr=\"1\" data-wdh=\"300\" data-hif=\"400\" data-d=\"\/\/widgets.interia.pl\" style=\"position:relative; width: 300px; color: #860707; background-color:#ffffff\"><div id=\"inpl-weather-links\" style=\"display:flex;flex-flow:row wrap;justify-content:space-around;padding:0 8px 8px;text-align:center\"><a id=\"wlHbh\" style=\"color:inherit;font-size:13px;text-decoration:none;margin:4px;\" href=\"https:\/\/pogoda.interia.pl\/prognoza-szczegolowa-the-city-name,cId,21076\">Godzina po godzinie<\/a><a id=\"wlfr\" style=\"color:inherit;font-size:13px;text-decoration:none;margin:4px;\" href=\"https:\/\/pogoda.interia.pl\/prognoza-dlugoterminowa-the-city-name,cId,21076\">Na 45 dni<\/a><\/div><\/div><script>!(function(t,n,e){var r,o;t.getElementById(e)||(r=t.getElementsByTagName(n)[0],(o=t.createElement(n)).id=e,o.src=\"\/\/w.iplsc.com\/widget\/weather-2.0.2.jssc\",r.parentNode.appendChild(o))})(document,\"script\",\"widget-js\")<\/script>\n\n\n\n<p><\/p>\n\n\n<ul class=\"wp-block-categories-list wp-block-categories\">\t<li class=\"cat-item cat-item-25\"><a href=\"https:\/\/szkola.miedzyborow.pl\/podstawowa\/category\/sl\/\">100 lecie<\/a>\n<\/li>\n\t<li class=\"cat-item cat-item-16\"><a href=\"https:\/\/szkola.miedzyborow.pl\/podstawowa\/category\/aktualne\/\">Aktualne<\/a>\n<\/li>\n\t<li class=\"cat-item cat-item-27\"><a href=\"https:\/\/szkola.miedzyborow.pl\/podstawowa\/category\/archiwum\/\">Archiwum<\/a>\n<\/li>\n\t<li class=\"cat-item cat-item-1\"><a href=\"https:\/\/szkola.miedzyborow.pl\/podstawowa\/category\/bez-kategorii\/\">Bez kategorii<\/a>\n<\/li>\n\t<li class=\"cat-item cat-item-22\"><a href=\"https:\/\/szkola.miedzyborow.pl\/podstawowa\/category\/bb\/\">Bibioteka<\/a>\n<\/li>\n\t<li class=\"cat-item cat-item-26\"><a href=\"https:\/\/szkola.miedzyborow.pl\/podstawowa\/category\/facebook\/\">Facebook<\/a>\n<\/li>\n\t<li class=\"cat-item cat-item-15\"><a href=\"https:\/\/szkola.miedzyborow.pl\/podstawowa\/category\/kronika\/\">Kronika<\/a>\n<\/li>\n\t<li class=\"cat-item cat-item-21\"><a href=\"https:\/\/szkola.miedzyborow.pl\/podstawowa\/category\/lp\/\">Labolatoria Przysz\u0142o\u015bci<\/a>\n<\/li>\n\t<li class=\"cat-item cat-item-2\"><a href=\"https:\/\/szkola.miedzyborow.pl\/podstawowa\/category\/news\/\">News<\/a>\n<\/li>\n\t<li class=\"cat-item cat-item-20\"><a href=\"https:\/\/szkola.miedzyborow.pl\/podstawowa\/category\/os\/\">Obiekty Sportowe<\/a>\n<\/li>\n\t<li class=\"cat-item cat-item-23\"><a href=\"https:\/\/szkola.miedzyborow.pl\/podstawowa\/category\/su\/\">Samorz\u0105d uczniowski<\/a>\n<\/li>\n\t<li class=\"cat-item cat-item-17\"><a href=\"https:\/\/szkola.miedzyborow.pl\/podstawowa\/category\/sport\/\">Sport<\/a>\n<\/li>\n\t<li class=\"cat-item cat-item-19\"><a href=\"https:\/\/szkola.miedzyborow.pl\/podstawowa\/category\/wizyta\/\">Wizyta<\/a>\n<\/li>\n\t<li class=\"cat-item cat-item-18\"><a href=\"https:\/\/szkola.miedzyborow.pl\/podstawowa\/category\/wyczieczka\/\">Wycieczka<\/a>\n<\/li>\n\t<li class=\"cat-item cat-item-24\"><a href=\"https:\/\/szkola.miedzyborow.pl\/podstawowa\/category\/lp\/zk\/\">Zaj\u0119cia Kulinarne<\/a>\n<\/li>\n<\/ul>\n\n<div class=\"wp-block-calendar\"><table id=\"wp-calendar\" class=\"wp-calendar-table\">\n\t<caption>kwiecie\u0144 2026<\/caption>\n\t<thead>\n\t<tr>\n\t\t<th scope=\"col\" title=\"poniedzia\u0142ek\">P<\/th>\n\t\t<th scope=\"col\" title=\"wtorek\">W<\/th>\n\t\t<th scope=\"col\" title=\"\u015broda\">\u015a<\/th>\n\t\t<th scope=\"col\" title=\"czwartek\">C<\/th>\n\t\t<th scope=\"col\" title=\"pi\u0105tek\">P<\/th>\n\t\t<th scope=\"col\" title=\"sobota\">S<\/th>\n\t\t<th scope=\"col\" title=\"niedziela\">N<\/th>\n\t<\/tr>\n\t<\/thead>\n\t<tbody>\n\t<tr>\n\t\t<td colspan=\"2\" class=\"pad\">&nbsp;<\/td><td>1<\/td><td>2<\/td><td>3<\/td><td>4<\/td><td>5<\/td>\n\t<\/tr>\n\t<tr>\n\t\t<td>6<\/td><td>7<\/td><td>8<\/td><td>9<\/td><td>10<\/td><td>11<\/td><td>12<\/td>\n\t<\/tr>\n\t<tr>\n\t\t<td>13<\/td><td>14<\/td><td>15<\/td><td>16<\/td><td>17<\/td><td id=\"today\">18<\/td><td>19<\/td>\n\t<\/tr>\n\t<tr>\n\t\t<td>20<\/td><td>21<\/td><td>22<\/td><td>23<\/td><td>24<\/td><td>25<\/td><td>26<\/td>\n\t<\/tr>\n\t<tr>\n\t\t<td>27<\/td><td>28<\/td><td>29<\/td><td>30<\/td>\n\t\t<td class=\"pad\" colspan=\"3\">&nbsp;<\/td>\n\t<\/tr>\n\t<\/tbody>\n\t<\/table><nav aria-label=\"Poprzednie i nast\u0119pne miesi\u0105ce\" class=\"wp-calendar-nav\">\n\t\t<span class=\"wp-calendar-nav-prev\"><a href=\"https:\/\/szkola.miedzyborow.pl\/podstawowa\/2026\/03\/\">&laquo; mar<\/a><\/span>\n\t\t<span class=\"pad\">&nbsp;<\/span>\n\t\t<span class=\"wp-calendar-nav-next\">&nbsp;<\/span>\n\t<\/nav><\/div><\/div>\n<\/div>\n","protected":false},"excerpt":{"rendered":"<p class=\"tx-excerpt\">Bibliotekarze: p. Marta Kopczy\u0144ska p. Agnieszka Aronowska \u00a0 REGULAMINY i cenniki Regulamin biblioteki szkolnej Regulamin wypo\u017cyczenia podr\u0119cznik\u00f3w Cennik podr\u0119cznik\u00f3w 2024\/2025 Biblioteka Szkolna zaprasza do korzystania z katalogu online: Czasopisma prenumerowane w szkole: Biblioteka<div class=\"tx-read-more\"><a href=\"https:\/\/szkola.miedzyborow.pl\/podstawowa\/biblioteka\/\">Czytaj wi\u0119cej<\/a><\/div>","protected":false},"author":2,"featured_media":6746,"parent":0,"menu_order":0,"comment_status":"closed","ping_status":"closed","template":"","meta":[],"_links":{"self":[{"href":"https:\/\/szkola.miedzyborow.pl\/podstawowa\/wp-json\/wp\/v2\/pages\/2414"}],"collection":[{"href":"https:\/\/szkola.miedzyborow.pl\/podstawowa\/wp-json\/wp\/v2\/pages"}],"about":[{"href":"https:\/\/szkola.miedzyborow.pl\/podstawowa\/wp-json\/wp\/v2\/types\/page"}],"author":[{"embeddable":true,"href":"https:\/\/szkola.miedzyborow.pl\/podstawowa\/wp-json\/wp\/v2\/users\/2"}],"replies":[{"embeddable":true,"href":"https:\/\/szkola.miedzyborow.pl\/podstawowa\/wp-json\/wp\/v2\/comments?post=2414"}],"version-history":[{"count":56,"href":"https:\/\/szkola.miedzyborow.pl\/podstawowa\/wp-json\/wp\/v2\/pages\/2414\/revisions"}],"predecessor-version":[{"id":6959,"href":"https:\/\/szkola.miedzyborow.pl\/podstawowa\/wp-json\/wp\/v2\/pages\/2414\/revisions\/6959"}],"wp:featuredmedia":[{"embeddable":true,"href":"https:\/\/szkola.miedzyborow.pl\/podstawowa\/wp-json\/wp\/v2\/media\/6746"}],"wp:attachment":[{"href":"https:\/\/szkola.miedzyborow.pl\/podstawowa\/wp-json\/wp\/v2\/media?parent=2414"}],"curies":[{"name":"wp","href":"https:\/\/api.w.org\/{rel}","templated":true}]}}