{"id":2429,"date":"2023-02-27T14:20:55","date_gmt":"2023-02-27T13:20:55","guid":{"rendered":"https:\/\/szkola.miedzyborow.pl\/podstawowa\/?page_id=2429"},"modified":"2023-10-10T08:42:59","modified_gmt":"2023-10-10T06:42:59","slug":"swietlica","status":"publish","type":"page","link":"https:\/\/szkola.miedzyborow.pl\/podstawowa\/swietlica\/","title":{"rendered":"\u015awietlica"},"content":{"rendered":"\n<div class=\"is-layout-flex wp-container-3 wp-block-columns\">\n<div class=\"is-layout-flow wp-block-column\" style=\"flex-basis:66.66%\">\n<h2 style=\"text-align: center;\"><span style=\"color: #008000;\">\u015awietlica<\/span><\/h2>\n<p>\u00a0<\/p>\n<p><img fetchpriority=\"high\" decoding=\"async\" class=\"wp-image-2630 size-medium aligncenter\" src=\"https:\/\/szkola.miedzyborow.pl\/podstawowa\/wp-content\/uploads\/2023\/03\/swietlica-300x225.jpg\" alt=\"\" width=\"300\" height=\"225\" srcset=\"https:\/\/szkola.miedzyborow.pl\/podstawowa\/wp-content\/uploads\/2023\/03\/swietlica-300x225.jpg 300w, https:\/\/szkola.miedzyborow.pl\/podstawowa\/wp-content\/uploads\/2023\/03\/swietlica-768x576.jpg 768w, https:\/\/szkola.miedzyborow.pl\/podstawowa\/wp-content\/uploads\/2023\/03\/swietlica-100x75.jpg 100w, https:\/\/szkola.miedzyborow.pl\/podstawowa\/wp-content\/uploads\/2023\/03\/swietlica.jpg 1024w\" sizes=\"(max-width: 300px) 100vw, 300px\" \/><\/p>\n<p align=\"center\"><span style=\"color: #045a01; font-family: Tahoma;\">p. Antonina Witkowska, p. Ma\u0142gorzata Sk\u00f3rzy\u0144ska<\/span><\/p>\n<p align=\"center\"><span style=\"color: #045a01; font-family: Tahoma;\">p. Anna Rodakowska &#8211; Banaszek, p. Anna Polak,<\/span><\/p>\n<p align=\"center\"><span style=\"color: #045a01; font-family: Tahoma;\">p. Marta Rajchemba, p. Robert Wysocki<\/span><\/p>\n<p align=\"center\">\u00a0<\/p>\n<p style=\"text-align: center;\" align=\"center\"><span style=\"color: #008000;\"><b>Karta zg\u0142oszenia dziecka do \u015bwietlicy szkolnej &#8211;\u00a0<\/b><\/span><a href=\"https:\/\/szkola.miedzyborow.pl\/podstawowa\/wp-content\/uploads\/2023\/10\/zgloszenie_do_swietlicy_szkolnej.pdf\" target=\"_blank\" rel=\"noopener\"><span style=\"color: #008000;\"><span style=\"color: #0000ff;\">pobierz<\/span><\/span><\/a><\/p>\n<p align=\"center\">\u00a0<\/p>\n<table class=\"otwarte\" style=\"height: 140px;\" border=\"0\" width=\"589\" cellspacing=\"0\" cellpadding=\"0\">\n<tbody>\n<tr>\n<td class=\"otwarte_tytul\" style=\"text-align: center;\" colspan=\"2\"><strong>GODZINY PRACY:<\/strong><\/td>\n<\/tr>\n<tr>\n<td class=\"otwarte_dzien\" style=\"text-align: center;\">Poniedzia\u0142ek<\/td>\n<td class=\"otwarte_godziny\" style=\"text-align: center;\">7.00 \u2013 17.00<\/td>\n<\/tr>\n<tr>\n<td class=\"otwarte_dzien\" style=\"text-align: center;\">Wtorek<\/td>\n<td class=\"otwarte_godziny\" style=\"text-align: center;\">7.00 \u2013 17.00<\/td>\n<\/tr>\n<tr>\n<td class=\"otwarte_dzien\" style=\"text-align: center;\">\u015aroda<\/td>\n<td class=\"otwarte_godziny\" style=\"text-align: center;\">7.00 \u2013 17.00<\/td>\n<\/tr>\n<tr>\n<td class=\"otwarte_dzien\" style=\"text-align: center;\">Czwartek<\/td>\n<td class=\"otwarte_godziny\" style=\"text-align: center;\">7.00 \u2013 17.00<\/td>\n<\/tr>\n<tr>\n<td class=\"otwarte_dzien\" style=\"text-align: center;\">Pi\u0105tek<\/td>\n<td class=\"otwarte_godziny\" style=\"text-align: center;\">7.00 \u2013 17.00<\/td>\n<\/tr>\n<\/tbody>\n<\/table>\n<p style=\"text-align: center;\"><span style=\"color: #008000;\"><strong>REGULAMIN \u015aWIETLICY <\/strong><strong>ZESPO\u0141U SZK\u00d3\u0141 PUBLICZNYCH <\/strong><\/span><span style=\"color: #008000;\"><strong>W MI\u0118DZYBOROWIE &#8211; <\/strong><\/span><span style=\"color: #008000;\"><span style=\"color: #0000ff;\"><a style=\"color: #0000ff;\" href=\"https:\/\/szkola.miedzyborow.pl\/podstawowa\/wp-content\/uploads\/2023\/10\/regulamin_swietlicy.pdf\" target=\"_blank\" rel=\"noopener\">pobierz<\/a><\/span><strong><br \/><\/strong><\/span><\/p>\n<p>\u00a0<\/p>\n<h2 style=\"text-align: center;\">\u00a0<\/h2>\n<\/div>\n\n\n\n<div class=\"is-layout-flow wp-block-column\" style=\"flex-basis:33.33%\">\n<div id=\"inpl-weather-main\" class=\"inpl-weather-main\" data-langid=\"1\" data-unitid=\"E\" data-ict=\"2\" data-cid=\"21076\" data-clbg=\"ffffff\" data-cltxt=\"111010\" data-cllink=\"860707\" data-txtdesc=\"1\" data-ftemp=\"1\" data-crps=\"1\" data-crwind=\"1\" data-fr=\"1\" data-wdh=\"300\" data-hif=\"400\" data-d=\"\/\/widgets.interia.pl\" style=\"position:relative; width: 300px; color: #860707; background-color:#ffffff\"><div id=\"inpl-weather-links\" style=\"display:flex;flex-flow:row wrap;justify-content:space-around;padding:0 8px 8px;text-align:center\"><a id=\"wlHbh\" style=\"color:inherit;font-size:13px;text-decoration:none;margin:4px;\" href=\"https:\/\/pogoda.interia.pl\/prognoza-szczegolowa-the-city-name,cId,21076\">Godzina po godzinie<\/a><a id=\"wlfr\" style=\"color:inherit;font-size:13px;text-decoration:none;margin:4px;\" href=\"https:\/\/pogoda.interia.pl\/prognoza-dlugoterminowa-the-city-name,cId,21076\">Na 45 dni<\/a><\/div><\/div><script>!(function(t,n,e){var r,o;t.getElementById(e)||(r=t.getElementsByTagName(n)[0],(o=t.createElement(n)).id=e,o.src=\"\/\/w.iplsc.com\/widget\/weather-2.0.2.jssc\",r.parentNode.appendChild(o))})(document,\"script\",\"widget-js\")<\/script>\n<\/div>\n<\/div>\n\n\n\n<p><\/p>\n","protected":false},"excerpt":{"rendered":"<p class=\"tx-excerpt\">\u015awietlica \u00a0 p. Antonina Witkowska, p. Ma\u0142gorzata Sk\u00f3rzy\u0144ska p. Anna Rodakowska &#8211; Banaszek, p. Anna Polak, p. Marta Rajchemba, p. Robert Wysocki \u00a0 Karta zg\u0142oszenia dziecka do \u015bwietlicy szkolnej &#8211;\u00a0pobierz \u00a0 GODZINY PRACY:<div class=\"tx-read-more\"><a href=\"https:\/\/szkola.miedzyborow.pl\/podstawowa\/swietlica\/\">Czytaj wi\u0119cej<\/a><\/div>","protected":false},"author":2,"featured_media":0,"parent":0,"menu_order":0,"comment_status":"closed","ping_status":"closed","template":"","meta":[],"_links":{"self":[{"href":"https:\/\/szkola.miedzyborow.pl\/podstawowa\/wp-json\/wp\/v2\/pages\/2429"}],"collection":[{"href":"https:\/\/szkola.miedzyborow.pl\/podstawowa\/wp-json\/wp\/v2\/pages"}],"about":[{"href":"https:\/\/szkola.miedzyborow.pl\/podstawowa\/wp-json\/wp\/v2\/types\/page"}],"author":[{"embeddable":true,"href":"https:\/\/szkola.miedzyborow.pl\/podstawowa\/wp-json\/wp\/v2\/users\/2"}],"replies":[{"embeddable":true,"href":"https:\/\/szkola.miedzyborow.pl\/podstawowa\/wp-json\/wp\/v2\/comments?post=2429"}],"version-history":[{"count":23,"href":"https:\/\/szkola.miedzyborow.pl\/podstawowa\/wp-json\/wp\/v2\/pages\/2429\/revisions"}],"predecessor-version":[{"id":4617,"href":"https:\/\/szkola.miedzyborow.pl\/podstawowa\/wp-json\/wp\/v2\/pages\/2429\/revisions\/4617"}],"wp:attachment":[{"href":"https:\/\/szkola.miedzyborow.pl\/podstawowa\/wp-json\/wp\/v2\/media?parent=2429"}],"curies":[{"name":"wp","href":"https:\/\/api.w.org\/{rel}","templated":true}]}}