{"id":3858,"date":"2023-06-21T15:58:43","date_gmt":"2023-06-21T13:58:43","guid":{"rendered":"https:\/\/szkola.miedzyborow.pl\/podstawowa\/?page_id=3858"},"modified":"2024-06-18T11:19:11","modified_gmt":"2024-06-18T09:19:11","slug":"harmonogram-zakonczenia-roku-szkolnego-2023-2023","status":"publish","type":"page","link":"https:\/\/szkola.miedzyborow.pl\/podstawowa\/harmonogram-zakonczenia-roku-szkolnego-2023-2023\/","title":{"rendered":"Harmonogram zako\u0144czenia roku szkolnego 2023\/2024"},"content":{"rendered":"\n<div class=\"is-layout-flex wp-container-5 wp-block-columns\">\n<div class=\"is-layout-flow wp-block-column\" style=\"flex-basis:66.66%\">\n<a href=\"https:\/\/szkola.miedzyborow.pl\/podstawowa\/wp-content\/uploads\/2024\/06\/hzr1_pp.pdf\" class=\"pdfemb-viewer\" style=\"\" data-width=\"max\" data-height=\"max\" data-toolbar=\"bottom\" data-toolbar-fixed=\"off\">hzr1_pp<\/a>\n<a href=\"https:\/\/szkola.miedzyborow.pl\/podstawowa\/wp-content\/uploads\/2024\/06\/hzr2_pp.pdf\" class=\"pdfemb-viewer\" style=\"\" data-width=\"max\" data-height=\"max\" data-toolbar=\"bottom\" data-toolbar-fixed=\"off\">hzr2_pp<\/a>\n<a href=\"https:\/\/szkola.miedzyborow.pl\/podstawowa\/wp-content\/uploads\/2024\/06\/hzr3_pp.pdf\" class=\"pdfemb-viewer\" style=\"\" data-width=\"max\" data-height=\"max\" data-toolbar=\"bottom\" data-toolbar-fixed=\"off\">hzr3_pp<\/a>\n<\/div>\n\n\n\n<div class=\"is-layout-flow wp-block-column\" style=\"flex-basis:33.33%\">\n<figure class=\"wp-block-video\"><video autoplay loop muted poster=\"https:\/\/szkola.miedzyborow.pl\/podstawowa\/wp-content\/uploads\/2023\/06\/20230524_152853-00_00_00-00_00_111-mp4-image.png\" preload=\"auto\" src=\"https:\/\/szkola.miedzyborow.pl\/podstawowa\/wp-content\/uploads\/2023\/06\/20230524_152853-00_00_00-00_00_111.mp4\"><\/video><\/figure>\n\n\n\n<hr class=\"wp-block-separator has-alpha-channel-opacity\"\/>\n\n\n\n<div id=\"inpl-weather-main\" class=\"inpl-weather-main\" data-langid=\"1\" data-unitid=\"E\" data-ict=\"2\" data-cid=\"21076\" data-clbg=\"ffffff\" data-cltxt=\"111010\" data-cllink=\"860707\" data-txtdesc=\"1\" data-ftemp=\"1\" data-crps=\"1\" data-crwind=\"1\" data-fr=\"1\" data-wdh=\"300\" data-hif=\"400\" data-d=\"\/\/widgets.interia.pl\" style=\"position:relative; width: 300px; color: #860707; background-color:#ffffff\"><div id=\"inpl-weather-links\" style=\"display:flex;flex-flow:row wrap;justify-content:space-around;padding:0 8px 8px;text-align:center\"><a id=\"wlHbh\" style=\"color:inherit;font-size:13px;text-decoration:none;margin:4px;\" href=\"https:\/\/pogoda.interia.pl\/prognoza-szczegolowa-the-city-name,cId,21076\">Godzina po godzinie<\/a><a id=\"wlfr\" style=\"color:inherit;font-size:13px;text-decoration:none;margin:4px;\" href=\"https:\/\/pogoda.interia.pl\/prognoza-dlugoterminowa-the-city-name,cId,21076\">Na 45 dni<\/a><\/div><\/div><script>!(function(t,n,e){var r,o;t.getElementById(e)||(r=t.getElementsByTagName(n)[0],(o=t.createElement(n)).id=e,o.src=\"\/\/w.iplsc.com\/widget\/weather-2.0.2.jssc\",r.parentNode.appendChild(o))})(document,\"script\",\"widget-js\")<\/script>\n\n\n\n<hr class=\"wp-block-separator has-alpha-channel-opacity\"\/>\n\n\n\n<div class=\"is-layout-flow wp-block-query\"><ul class=\"is-layout-flow wp-block-post-template\"><li class=\"wp-block-post post-10743 post type-post status-publish format-standard has-post-thumbnail hentry category-aktualne category-bez-kategorii category-kronika category-news\">\n<h2 class=\"wp-block-post-title\"><a href=\"https:\/\/szkola.miedzyborow.pl\/podstawowa\/festiwal-piosenki-2\/\" target=\"_self\" >Festiwal Piosenki<\/a><\/h2>\n\n<figure class=\"alignwide wp-block-post-featured-image\"><a href=\"https:\/\/szkola.miedzyborow.pl\/podstawowa\/festiwal-piosenki-2\/\" target=\"_self\" ><img loading=\"lazy\" width=\"2560\" height=\"1928\" src=\"https:\/\/szkola.miedzyborow.pl\/podstawowa\/wp-content\/uploads\/2026\/03\/IMG_20260317_131203616-scaled.jpg\" class=\"attachment-post-thumbnail size-post-thumbnail wp-post-image\" alt=\"Festiwal Piosenki\" decoding=\"async\" loading=\"lazy\" srcset=\"https:\/\/szkola.miedzyborow.pl\/podstawowa\/wp-content\/uploads\/2026\/03\/IMG_20260317_131203616-scaled.jpg 2560w, https:\/\/szkola.miedzyborow.pl\/podstawowa\/wp-content\/uploads\/2026\/03\/IMG_20260317_131203616-300x226.jpg 300w, https:\/\/szkola.miedzyborow.pl\/podstawowa\/wp-content\/uploads\/2026\/03\/IMG_20260317_131203616-1024x771.jpg 1024w, https:\/\/szkola.miedzyborow.pl\/podstawowa\/wp-content\/uploads\/2026\/03\/IMG_20260317_131203616-768x578.jpg 768w, https:\/\/szkola.miedzyborow.pl\/podstawowa\/wp-content\/uploads\/2026\/03\/IMG_20260317_131203616-1536x1157.jpg 1536w, https:\/\/szkola.miedzyborow.pl\/podstawowa\/wp-content\/uploads\/2026\/03\/IMG_20260317_131203616-2048x1542.jpg 2048w, https:\/\/szkola.miedzyborow.pl\/podstawowa\/wp-content\/uploads\/2026\/03\/IMG_20260317_131203616-1700x1280.jpg 1700w, https:\/\/szkola.miedzyborow.pl\/podstawowa\/wp-content\/uploads\/2026\/03\/IMG_20260317_131203616-100x75.jpg 100w\" sizes=\"(max-width: 2560px) 100vw, 2560px\" \/><\/a><\/figure>\n\n\n\n\n<hr class=\"wp-block-separator has-css-opacity\"\/>\n\n\n<div class=\"wp-block-post-date\"><time datetime=\"2026-03-26T08:04:37+01:00\">2026-03-26<\/time><\/div>\n<\/li><li class=\"wp-block-post post-10760 post type-post status-publish format-standard has-post-thumbnail hentry category-aktualne category-kronika category-news\">\n<h2 class=\"wp-block-post-title\"><a href=\"https:\/\/szkola.miedzyborow.pl\/podstawowa\/klasa-1c-w-radiu-fama\/\" target=\"_self\" >Klasa 1c w Radiu Fama<\/a><\/h2>\n\n<figure class=\"alignwide wp-block-post-featured-image\"><a href=\"https:\/\/szkola.miedzyborow.pl\/podstawowa\/klasa-1c-w-radiu-fama\/\" target=\"_self\" ><img loading=\"lazy\" width=\"640\" height=\"480\" src=\"https:\/\/szkola.miedzyborow.pl\/podstawowa\/wp-content\/uploads\/2026\/03\/image1-2.png\" class=\"attachment-post-thumbnail size-post-thumbnail wp-post-image\" alt=\"Klasa 1c w Radiu Fama\" decoding=\"async\" loading=\"lazy\" srcset=\"https:\/\/szkola.miedzyborow.pl\/podstawowa\/wp-content\/uploads\/2026\/03\/image1-2.png 640w, https:\/\/szkola.miedzyborow.pl\/podstawowa\/wp-content\/uploads\/2026\/03\/image1-2-300x225.png 300w, https:\/\/szkola.miedzyborow.pl\/podstawowa\/wp-content\/uploads\/2026\/03\/image1-2-100x75.png 100w\" sizes=\"(max-width: 640px) 100vw, 640px\" \/><\/a><\/figure>\n\n<div class=\"wp-block-post-excerpt\"><p class=\"wp-block-post-excerpt__excerpt\">\u00a0 \u00a0\u00a0\u00a0\u00a0\u00a0\u00a0\u00a0\u00a0\u00a0\u00a0\u00a0\u00a0\u00a0\u00a0\u00a0 Dnia 19.03.2026r. \u00a0klasa 1c mia\u0142a niezwyk\u0142\u0105 okazj\u0119 odwiedzi\u0107 siedzib\u0119 Radia Fama w \u017byrardowie, gdzie od lat powstaj\u0105 audycje, kt\u00f3rych s\u0142uchaj\u0105 \u017byrardowianie i mieszka\u0144cy okolicznych miejscowo\u015bci. Celem wizyty by\u0142o poznanie specyfiki pracy dziennikarza radiowego, zobaczenie studia nagraniowego oraz proces\u00f3w powstawania audycji. Na miejscu przywita\u0142 nas Pan Kuba, kt\u00f3ry szczeg\u00f3\u0142owo opowiedzia\u0142 o swojej pracy dziennikarskiej, [&hellip;] <\/p><\/div>\n\n\n<hr class=\"wp-block-separator has-css-opacity\"\/>\n\n\n<div class=\"wp-block-post-date\"><time datetime=\"2026-03-20T09:27:22+01:00\">2026-03-20<\/time><\/div>\n<\/li><li class=\"wp-block-post post-10707 post type-post status-publish format-standard has-post-thumbnail hentry category-aktualne category-kronika category-news category-wyczieczka\">\n<h2 class=\"wp-block-post-title\"><a href=\"https:\/\/szkola.miedzyborow.pl\/podstawowa\/narodowy-bank-polski\/\" target=\"_self\" >Narodowy Bank Polski<\/a><\/h2>\n\n<figure class=\"alignwide wp-block-post-featured-image\"><a href=\"https:\/\/szkola.miedzyborow.pl\/podstawowa\/narodowy-bank-polski\/\" target=\"_self\" ><img loading=\"lazy\" width=\"640\" height=\"482\" src=\"https:\/\/szkola.miedzyborow.pl\/podstawowa\/wp-content\/uploads\/2026\/03\/image7-1.png\" class=\"attachment-post-thumbnail size-post-thumbnail wp-post-image\" alt=\"Narodowy Bank Polski\" decoding=\"async\" loading=\"lazy\" srcset=\"https:\/\/szkola.miedzyborow.pl\/podstawowa\/wp-content\/uploads\/2026\/03\/image7-1.png 640w, https:\/\/szkola.miedzyborow.pl\/podstawowa\/wp-content\/uploads\/2026\/03\/image7-1-300x226.png 300w, https:\/\/szkola.miedzyborow.pl\/podstawowa\/wp-content\/uploads\/2026\/03\/image7-1-100x75.png 100w\" sizes=\"(max-width: 640px) 100vw, 640px\" \/><\/a><\/figure>\n\n<div class=\"wp-block-post-excerpt\"><p class=\"wp-block-post-excerpt__excerpt\">Uczniowie z klasy 1a odwiedzili Narodowy Bank Polski w Warszawie, gdzie uczestniczyli w warsztatach \u201eO czym szeleszcz\u0105 banknoty\u201d.\ud83d\udcb0Podczas interaktywnych zaj\u0119\u0107 poznali histori\u0119 pieni\u0105dza, sprawdzili jakie zabezpieczenia maj\u0105 banknoty oraz jak odr\u00f3\u017cni\u0107 prawdziwe pieni\u0105dze od fa\u0142szywych. Dowiedzieli si\u0119 ile wa\u017cy milion z\u0142otych, ile jest warta 12 kg sztabka z\u0142ota. Na warsztatach dzieci wykona\u0142y tak\u017ce w\u0142asny portfel [&hellip;] <\/p><\/div>\n\n\n<hr class=\"wp-block-separator has-css-opacity\"\/>\n\n\n<div class=\"wp-block-post-date\"><time datetime=\"2026-03-13T11:22:59+01:00\">2026-03-13<\/time><\/div>\n<\/li><\/ul><\/div>\n<\/div>\n<\/div>\n","protected":false},"excerpt":{"rendered":"<p class=\"tx-excerpt\">Godzina po godzinieNa 45 dni<\/p><div class=\"tx-read-more\"><a href=\"https:\/\/szkola.miedzyborow.pl\/podstawowa\/harmonogram-zakonczenia-roku-szkolnego-2023-2023\/\">Czytaj wi\u0119cej<\/a><\/div>","protected":false},"author":2,"featured_media":0,"parent":0,"menu_order":0,"comment_status":"closed","ping_status":"closed","template":"","meta":[],"_links":{"self":[{"href":"https:\/\/szkola.miedzyborow.pl\/podstawowa\/wp-json\/wp\/v2\/pages\/3858"}],"collection":[{"href":"https:\/\/szkola.miedzyborow.pl\/podstawowa\/wp-json\/wp\/v2\/pages"}],"about":[{"href":"https:\/\/szkola.miedzyborow.pl\/podstawowa\/wp-json\/wp\/v2\/types\/page"}],"author":[{"embeddable":true,"href":"https:\/\/szkola.miedzyborow.pl\/podstawowa\/wp-json\/wp\/v2\/users\/2"}],"replies":[{"embeddable":true,"href":"https:\/\/szkola.miedzyborow.pl\/podstawowa\/wp-json\/wp\/v2\/comments?post=3858"}],"version-history":[{"count":39,"href":"https:\/\/szkola.miedzyborow.pl\/podstawowa\/wp-json\/wp\/v2\/pages\/3858\/revisions"}],"predecessor-version":[{"id":6643,"href":"https:\/\/szkola.miedzyborow.pl\/podstawowa\/wp-json\/wp\/v2\/pages\/3858\/revisions\/6643"}],"wp:attachment":[{"href":"https:\/\/szkola.miedzyborow.pl\/podstawowa\/wp-json\/wp\/v2\/media?parent=3858"}],"curies":[{"name":"wp","href":"https:\/\/api.w.org\/{rel}","templated":true}]}}