{"id":4934,"date":"2023-11-13T10:06:03","date_gmt":"2023-11-13T09:06:03","guid":{"rendered":"https:\/\/szkola.miedzyborow.pl\/podstawowa\/?page_id=4934"},"modified":"2023-11-13T10:35:40","modified_gmt":"2023-11-13T09:35:40","slug":"bezpieczna-szkola-zagrozenia-i-zalecane-dzialania-profilaktyczne-w-zakresie-bezpieczenstwa-fizycznego-i-cyfrowego-uczniow-poradnik-men","status":"publish","type":"page","link":"https:\/\/szkola.miedzyborow.pl\/podstawowa\/bezpieczna-szkola-zagrozenia-i-zalecane-dzialania-profilaktyczne-w-zakresie-bezpieczenstwa-fizycznego-i-cyfrowego-uczniow-poradnik-men\/","title":{"rendered":"Poradnik MEN"},"content":{"rendered":"\n<div class=\"is-layout-flex wp-container-3 wp-block-columns\">\n<div class=\"is-layout-flow wp-block-column\" style=\"flex-basis:66.66%\">\n<div class=\"editor-content\">\n<div>\n<p><strong>Poradnik MEN<\/strong><\/p>\n<p>Intencj\u0105 autor\u00f3w poradnika by\u0142o stworzenie opracowania zawieraj\u0105cego pakiet zada\u0144 rekomendowanych do zrealizowania w szkole, a w kwestiach szczeg\u00f3\u0142owych odsy\u0142aj\u0105cego do rozwi\u0105za\u0144, materia\u0142\u00f3w szkoleniowych, dokument\u00f3w i multimedi\u00f3w edukacyjnych. Materia\u0142y te pozwalaj\u0105 nauczycielom i dyrektorom szk\u00f3\u0142 podnie\u015b\u0107 swoje kompetencje w zakresie zapewnienia uczniom bezpiecze\u0144stwa, w tym w cyberprzestrzeni, a tak\u017ce usystematyzowa\u0107 ju\u017c posiadan\u0105 wiedz\u0119.<\/p>\n<p>Poradnik sk\u0142ada si\u0119 z 3 cz\u0119\u015bci po\u015bwi\u0119conych r\u00f3\u017cnym aspektom bezpiecze\u0144stwa. Kolejne rozdzia\u0142y dotycz\u0105: <strong>bezpiecze\u0144stwa fizycznego w szkole, bezpiecze\u0144stwa cyfrowego oraz bezpiecze\u0144stwa technicznego sieci i sprz\u0119tu IT.<\/strong><\/p>\n<p>Opr\u00f3cz om\u00f3wienia problematyki bezpiecze\u0144stwa poradnik zawiera tak\u017ce opis us\u0142ug bezpiecze\u0144stwa oferowanych w ramach Og\u00f3lnopolskiej Sieci Edukacyjnej (OSE). Jest to program publicznej sieci telekomunikacyjnej, kt\u00f3ra zapewnia szko\u0142om dost\u0119p do szybkiego, bezp\u0142atnego i bezpiecznego internetu.<\/p>\n<p>Wa\u017cn\u0105 cz\u0119\u015bci\u0105 publikacji jest s\u0142ownik poj\u0119\u0107, kt\u00f3ry u\u0142atwi jego odbiorcom rozumienie terminologii, zw\u0142aszcza cyfrowej. Autorzy rekomenduj\u0105 przydatne linki kieruj\u0105ce do instytucji wspieraj\u0105\u00adcych cyberbezpiecze\u0144stwo oraz polecaj\u0105 dobre praktyki szk\u00f3\u0142 i organizacji pozarz\u0105dowych. Podmioty te wypracowa\u0142y model dzia\u0142ania, kt\u00f3ry przyczyni\u0142 si\u0119 do podniesienia poziomu bezpiecze\u0144stwa dzieci i m\u0142odzie\u017cy w szkole i poza ni\u0105.<\/p>\n<p>Poradnik zosta\u0142 opracowany w Ministerstwie Edukacji Narodowej we wsp\u00f3\u0142pracy z organi\u00adzacjami pozarz\u0105dowymi, innymi resortami i instytucjami odpowiedzialnymi za bezpiecze\u0144\u00adstwo, w tym Ministerstwem Cyfryzacji, Ministerstwem Spraw Wewn\u0119trznych i Administracji, Naukow\u0105 i Akademick\u0105 Sieci\u0105 Komputerow\u0105 \u2013 Pa\u0144stwowym Instytutem Badawczym oraz O\u015brodkiem Rozwoju Edukacji.<\/p>\n<h3>Bezpiecze\u0144stwo w szkole<\/h3>\n<p>Bezpiecze\u0144stwo w szkole jest poj\u0119ciem szerokim. Obejmuje wiele obszar\u00f3w, w tym: stan techniczny budynk\u00f3w szko\u0142y i jej otoczenia, wewn\u0105trzszkolne przepisy i ich znajomo\u015b\u0107 w\u015br\u00f3d nauczycieli, uczni\u00f3w i rodzic\u00f3w, klimat spo\u0142eczny, a tak\u017ce r\u00f3\u017cnorodne programy i zaj\u0119cia adresowane do poszczeg\u00f3lnych grup szkolnej spo\u0142eczno\u015bci. Wa\u017cne jest identyfikowanie zar\u00f3wno zagro\u017ce\u0144, jak i zasob\u00f3w umo\u017cliwiaj\u0105cych prowadzenie efektywnych dzia\u0142a\u0144 dydaktycznych, wychowawczych i profilaktycznych.<\/p>\n<p>Proponowane w publikacji dzia\u0142ania opieku\u0144cze, wychowawcze i profilaktyczne mog\u0105 mie\u0107 charakter prewencyjny. S\u0105 r\u00f3wnie\u017c odpowiedzi\u0105 na obowi\u0105zki szko\u0142y, m.in. w zakresie upowszechniania w\u015br\u00f3d dzieci i m\u0142odzie\u017cy wiedzy o bezpiecze\u0144stwie oraz kszta\u0142towania w\u0142a\u015bciwych postaw wobec zagro\u017ce\u0144, w tym zwi\u0105zanych z korzystaniem z technologii informacyjno-komunikacyjnych, kt\u00f3re nak\u0142ada na szko\u0142y Ustawa Prawo o\u015bwiatowe.<\/p>\n<\/div>\n<\/div>\n<h3>Materia\u0142y<\/h3>\n<p><a class=\"file-download\" href=\"https:\/\/www.gov.pl\/attachment\/85578924-3a69-4126-9d71-ec0688e29609\" target=\"_blank\" rel=\"noopener\" download=\"\" aria-label=\"\nPobierz plik Bezpieczna_Szko\u0142a_Zagro\u017cenia_i_zalecane_dzia\u0142ania_profilaktyczne_w_zakresie_bezpiecze\u0144stwa_fizycznego_i_cyfrowego_uczni\u00f3w.pdf\nRozmiar: 8.81MB\nFormat: pdf\"> PORADNIK \u2013 Bezpieczna Szko\u0142a. Zagro\u017cenia i zalecane dzia\u0142ania profilaktyczne w zakresie bezpiecze\u0144stwa fizycznego i cyfrowego uczni\u00f3w<br \/><span class=\"extension\">Bezpieczna\u200b_Szko\u0142a\u200b_Zagro\u017cenia\u200b_i\u200b_zalecane\u200b_dzia\u0142ania\u200b_profilaktyczne\u200b_w\u200b_zakresie\u200b_bezpiecze\u0144stwa\u200b_fizycznego\u200b_i\u200b_cyfrowego\u200b_uczni\u00f3w.pdf<\/span> <span class=\"details\">8.81MB<\/span> <\/a><\/p>\n<a href=\"https:\/\/szkola.miedzyborow.pl\/podstawowa\/wp-content\/uploads\/2023\/11\/Bezpieczna_Szkola_Zagrozenia_i_zalecane_dzialania_profilaktyczne_w_zakresie_bezpieczenstwa_fizycznego_i_cyfrowego_uczniow.pdf\" class=\"pdfemb-viewer\" style=\"\" data-width=\"max\" data-height=\"max\" data-toolbar=\"bottom\" data-toolbar-fixed=\"off\">Bezpieczna_Szko\u0142a_Zagro\u017cenia_i_zalecane_dzia\u0142ania_profilaktyczne_w_zakresie_bezpiecze\u0144stwa_fizycznego_i_cyfrowego_uczni\u00f3w<\/a>\n<\/div>\n\n\n\n<div class=\"is-layout-flow wp-block-column\" style=\"flex-basis:33.33%\">\n<div id=\"inpl-weather-main\" class=\"inpl-weather-main\" data-langid=\"1\" data-unitid=\"E\" data-ict=\"2\" data-cid=\"21076\" data-clbg=\"ffffff\" data-cltxt=\"111010\" data-cllink=\"860707\" data-txtdesc=\"1\" data-ftemp=\"1\" data-crps=\"1\" data-crwind=\"1\" data-fr=\"1\" data-wdh=\"300\" data-hif=\"400\" data-d=\"\/\/widgets.interia.pl\" style=\"position:relative; width: 300px; color: #860707; background-color:#ffffff\"><div id=\"inpl-weather-links\" style=\"display:flex;flex-flow:row wrap;justify-content:space-around;padding:0 8px 8px;text-align:center\"><a id=\"wlHbh\" style=\"color:inherit;font-size:13px;text-decoration:none;margin:4px;\" href=\"https:\/\/pogoda.interia.pl\/prognoza-szczegolowa-the-city-name,cId,21076\">Godzina po godzinie<\/a><a id=\"wlfr\" style=\"color:inherit;font-size:13px;text-decoration:none;margin:4px;\" href=\"https:\/\/pogoda.interia.pl\/prognoza-dlugoterminowa-the-city-name,cId,21076\">Na 45 dni<\/a><\/div><\/div><script>!(function(t,n,e){var r,o;t.getElementById(e)||(r=t.getElementsByTagName(n)[0],(o=t.createElement(n)).id=e,o.src=\"\/\/w.iplsc.com\/widget\/weather-2.0.2.jssc\",r.parentNode.appendChild(o))})(document,\"script\",\"widget-js\")<\/script>\n<\/div>\n<\/div>\n","protected":false},"excerpt":{"rendered":"<p class=\"tx-excerpt\">Poradnik MEN Intencj\u0105 autor\u00f3w poradnika by\u0142o stworzenie opracowania zawieraj\u0105cego pakiet zada\u0144 rekomendowanych do zrealizowania w szkole, a w kwestiach szczeg\u00f3\u0142owych odsy\u0142aj\u0105cego do rozwi\u0105za\u0144, materia\u0142\u00f3w szkoleniowych, dokument\u00f3w i multimedi\u00f3w edukacyjnych. Materia\u0142y te pozwalaj\u0105 nauczycielom<div class=\"tx-read-more\"><a href=\"https:\/\/szkola.miedzyborow.pl\/podstawowa\/bezpieczna-szkola-zagrozenia-i-zalecane-dzialania-profilaktyczne-w-zakresie-bezpieczenstwa-fizycznego-i-cyfrowego-uczniow-poradnik-men\/\">Czytaj wi\u0119cej<\/a><\/div>","protected":false},"author":2,"featured_media":0,"parent":0,"menu_order":0,"comment_status":"closed","ping_status":"closed","template":"","meta":[],"_links":{"self":[{"href":"https:\/\/szkola.miedzyborow.pl\/podstawowa\/wp-json\/wp\/v2\/pages\/4934"}],"collection":[{"href":"https:\/\/szkola.miedzyborow.pl\/podstawowa\/wp-json\/wp\/v2\/pages"}],"about":[{"href":"https:\/\/szkola.miedzyborow.pl\/podstawowa\/wp-json\/wp\/v2\/types\/page"}],"author":[{"embeddable":true,"href":"https:\/\/szkola.miedzyborow.pl\/podstawowa\/wp-json\/wp\/v2\/users\/2"}],"replies":[{"embeddable":true,"href":"https:\/\/szkola.miedzyborow.pl\/podstawowa\/wp-json\/wp\/v2\/comments?post=4934"}],"version-history":[{"count":8,"href":"https:\/\/szkola.miedzyborow.pl\/podstawowa\/wp-json\/wp\/v2\/pages\/4934\/revisions"}],"predecessor-version":[{"id":4965,"href":"https:\/\/szkola.miedzyborow.pl\/podstawowa\/wp-json\/wp\/v2\/pages\/4934\/revisions\/4965"}],"wp:attachment":[{"href":"https:\/\/szkola.miedzyborow.pl\/podstawowa\/wp-json\/wp\/v2\/media?parent=4934"}],"curies":[{"name":"wp","href":"https:\/\/api.w.org\/{rel}","templated":true}]}}