{"id":5286,"date":"2023-12-05T13:00:30","date_gmt":"2023-12-05T12:00:30","guid":{"rendered":"https:\/\/szkola.miedzyborow.pl\/podstawowa\/?page_id=5286"},"modified":"2023-12-08T10:05:45","modified_gmt":"2023-12-08T09:05:45","slug":"z-madroscia-przeszlosci-w-terazniejszosci-i-w-przyszlosc","status":"publish","type":"page","link":"https:\/\/szkola.miedzyborow.pl\/podstawowa\/z-madroscia-przeszlosci-w-terazniejszosci-i-w-przyszlosc\/","title":{"rendered":"Z m\u0105dro\u015bci\u0105 przesz\u0142o\u015bci w tera\u017aniejszo\u015bci i w przysz\u0142o\u015b\u0107"},"content":{"rendered":"\n<div class=\"is-layout-flex wp-container-5 wp-block-columns\">\n<div class=\"is-layout-flow wp-block-column\" style=\"flex-basis:66.66%\">\n<p class=\"has-larger-font-size\"><strong>Szkolny survival<\/strong><\/p>\n\n\n\n<figure class=\"wp-block-video\"><video controls src=\"https:\/\/szkola.miedzyborow.pl\/podstawowa\/wp-content\/uploads\/2023\/12\/Va100lecieSzkoly.mp4\"><\/video><\/figure>\n\n\n\n<p class=\"has-large-font-size\"><strong>W nawi\u0105zaniu do tradycji<\/strong><\/p>\n\n\n\n<figure class=\"wp-block-video\"><video controls src=\"https:\/\/szkola.miedzyborow.pl\/podstawowa\/wp-content\/uploads\/2023\/12\/5-100-drzew-na-100-lat-Szkoly-2.mp4\"><\/video><\/figure>\n\n\n\n<figure class=\"wp-block-video\"><video controls src=\"https:\/\/szkola.miedzyborow.pl\/podstawowa\/wp-content\/uploads\/2023\/12\/9-Kochaj-psy.mp4\"><\/video><\/figure>\n\n\n\n<figure class=\"wp-block-video\"><video controls src=\"https:\/\/szkola.miedzyborow.pl\/podstawowa\/wp-content\/uploads\/2023\/12\/Akcja-segregacja.mov\"><\/video><\/figure>\n\n\n\n<p class=\"has-large-font-size\"><strong>Warsztaty z Absolwentami<\/strong><\/p>\n\n\n\n<figure class=\"wp-block-video\"><video controls src=\"https:\/\/szkola.miedzyborow.pl\/podstawowa\/wp-content\/uploads\/2023\/12\/7Warsztaty-z-absolwentami-Korabiewice.mp4\"><\/video><\/figure>\n\n\n\n<figure class=\"wp-block-video\"><video controls src=\"https:\/\/szkola.miedzyborow.pl\/podstawowa\/wp-content\/uploads\/2023\/12\/Warsztaty-fotograficzne-z-Wiktorem-Pelzem.mp4\"><\/video><\/figure>\n\n\n\n<figure class=\"wp-block-video\"><video controls src=\"https:\/\/szkola.miedzyborow.pl\/podstawowa\/wp-content\/uploads\/2023\/12\/Warsztaty-historyczne-z-Janem-Debkiem.mp4\"><\/video><\/figure>\n\n\n\n<figure class=\"wp-block-video\"><video controls src=\"https:\/\/szkola.miedzyborow.pl\/podstawowa\/wp-content\/uploads\/2023\/12\/Warsztaty-medialne-z-Magdalena-Gorozankin.mp4\"><\/video><\/figure>\n<\/div>\n\n\n\n<div class=\"is-layout-flow wp-block-column\" style=\"flex-basis:33.33%\">\n<figure class=\"is-layout-flex wp-block-gallery-2 wp-block-gallery has-nested-images columns-default is-cropped\">\n<figure class=\"wp-block-image size-large\"><img fetchpriority=\"high\" decoding=\"async\" width=\"338\" height=\"324\" src=\"https:\/\/szkola.miedzyborow.pl\/podstawowa\/wp-content\/uploads\/2023\/12\/logo_100l.png\" alt=\"\" class=\"wp-image-5353\" srcset=\"https:\/\/szkola.miedzyborow.pl\/podstawowa\/wp-content\/uploads\/2023\/12\/logo_100l.png 338w, https:\/\/szkola.miedzyborow.pl\/podstawowa\/wp-content\/uploads\/2023\/12\/logo_100l-300x288.png 300w\" sizes=\"(max-width: 338px) 100vw, 338px\" \/><\/figure>\n<\/figure>\n\n\n\n<div id=\"inpl-weather-main\" class=\"inpl-weather-main\" data-langid=\"1\" data-unitid=\"E\" data-ict=\"2\" data-cid=\"21076\" data-clbg=\"ffffff\" data-cltxt=\"111010\" data-cllink=\"860707\" data-txtdesc=\"1\" data-ftemp=\"1\" data-crps=\"1\" data-crwind=\"1\" data-fr=\"1\" data-wdh=\"300\" data-hif=\"400\" data-d=\"\/\/widgets.interia.pl\" style=\"position:relative; width: 300px; color: #860707; background-color:#ffffff\"><div id=\"inpl-weather-links\" style=\"display:flex;flex-flow:row wrap;justify-content:space-around;padding:0 8px 8px;text-align:center\"><a id=\"wlHbh\" style=\"color:inherit;font-size:13px;text-decoration:none;margin:4px;\" href=\"https:\/\/pogoda.interia.pl\/prognoza-szczegolowa-the-city-name,cId,21076\">Godzina po godzinie<\/a><a id=\"wlfr\" style=\"color:inherit;font-size:13px;text-decoration:none;margin:4px;\" href=\"https:\/\/pogoda.interia.pl\/prognoza-dlugoterminowa-the-city-name,cId,21076\">Na 45 dni<\/a><\/div><\/div><script>!(function(t,n,e){var r,o;t.getElementById(e)||(r=t.getElementsByTagName(n)[0],(o=t.createElement(n)).id=e,o.src=\"\/\/w.iplsc.com\/widget\/weather-2.0.2.jssc\",r.parentNode.appendChild(o))})(document,\"script\",\"widget-js\")<\/script>\n<\/div>\n<\/div>\n","protected":false},"excerpt":{"rendered":"<p class=\"tx-excerpt\">Szkolny survival W nawi\u0105zaniu do tradycji Warsztaty z Absolwentami Godzina po godzinieNa 45 dni<\/p><div class=\"tx-read-more\"><a href=\"https:\/\/szkola.miedzyborow.pl\/podstawowa\/z-madroscia-przeszlosci-w-terazniejszosci-i-w-przyszlosc\/\">Czytaj wi\u0119cej<\/a><\/div>","protected":false},"author":2,"featured_media":0,"parent":0,"menu_order":0,"comment_status":"closed","ping_status":"closed","template":"","meta":[],"_links":{"self":[{"href":"https:\/\/szkola.miedzyborow.pl\/podstawowa\/wp-json\/wp\/v2\/pages\/5286"}],"collection":[{"href":"https:\/\/szkola.miedzyborow.pl\/podstawowa\/wp-json\/wp\/v2\/pages"}],"about":[{"href":"https:\/\/szkola.miedzyborow.pl\/podstawowa\/wp-json\/wp\/v2\/types\/page"}],"author":[{"embeddable":true,"href":"https:\/\/szkola.miedzyborow.pl\/podstawowa\/wp-json\/wp\/v2\/users\/2"}],"replies":[{"embeddable":true,"href":"https:\/\/szkola.miedzyborow.pl\/podstawowa\/wp-json\/wp\/v2\/comments?post=5286"}],"version-history":[{"count":12,"href":"https:\/\/szkola.miedzyborow.pl\/podstawowa\/wp-json\/wp\/v2\/pages\/5286\/revisions"}],"predecessor-version":[{"id":5359,"href":"https:\/\/szkola.miedzyborow.pl\/podstawowa\/wp-json\/wp\/v2\/pages\/5286\/revisions\/5359"}],"wp:attachment":[{"href":"https:\/\/szkola.miedzyborow.pl\/podstawowa\/wp-json\/wp\/v2\/media?parent=5286"}],"curies":[{"name":"wp","href":"https:\/\/api.w.org\/{rel}","templated":true}]}}