{"id":6508,"date":"2024-06-04T15:12:56","date_gmt":"2024-06-04T13:12:56","guid":{"rendered":"https:\/\/szkola.miedzyborow.pl\/podstawowa\/?page_id=6508"},"modified":"2024-06-05T08:21:16","modified_gmt":"2024-06-05T06:21:16","slug":"spacer-po-wydmach-miedzyborowskich-przewodnik-dla-kazdego","status":"publish","type":"page","link":"https:\/\/szkola.miedzyborow.pl\/podstawowa\/spacer-po-wydmach-miedzyborowskich-przewodnik-dla-kazdego\/","title":{"rendered":"Spacer po WYDMACH Mi\u0119dzyborowskich-przewodnik dla ka\u017cdego"},"content":{"rendered":"\t\t<div data-elementor-type=\"wp-page\" data-elementor-id=\"6508\" class=\"elementor elementor-6508\">\n\t\t\t\t\t\t<section class=\"elementor-section elementor-top-section elementor-element elementor-element-4d31ddc elementor-section-boxed elementor-section-height-default elementor-section-height-default\" data-id=\"4d31ddc\" data-element_type=\"section\">\n\t\t\t\t\t\t<div class=\"elementor-container elementor-column-gap-default\">\n\t\t\t\t\t<div class=\"elementor-column elementor-col-33 elementor-top-column elementor-element elementor-element-ed71602\" data-id=\"ed71602\" data-element_type=\"column\">\n\t\t\t<div class=\"elementor-widget-wrap elementor-element-populated\">\n\t\t\t\t\t\t<div class=\"elementor-element elementor-element-cc1bbde elementor-widget elementor-widget-image\" data-id=\"cc1bbde\" data-element_type=\"widget\" data-widget_type=\"image.default\">\n\t\t\t\t<div class=\"elementor-widget-container\">\n\t\t\t<style>\/*! elementor - v3.23.0 - 25-07-2024 *\/\n.elementor-widget-image{text-align:center}.elementor-widget-image a{display:inline-block}.elementor-widget-image a img[src$=\".svg\"]{width:48px}.elementor-widget-image img{vertical-align:middle;display:inline-block}<\/style>\t\t\t\t\t\t\t\t\t\t<img fetchpriority=\"high\" decoding=\"async\" width=\"300\" height=\"231\" src=\"https:\/\/szkola.miedzyborow.pl\/podstawowa\/wp-content\/uploads\/2024\/06\/unnamed-300x231.jpg\" class=\"attachment-medium size-medium wp-image-6501\" alt=\"\" srcset=\"https:\/\/szkola.miedzyborow.pl\/podstawowa\/wp-content\/uploads\/2024\/06\/unnamed-300x231.jpg 300w, https:\/\/szkola.miedzyborow.pl\/podstawowa\/wp-content\/uploads\/2024\/06\/unnamed.jpg 435w\" sizes=\"(max-width: 300px) 100vw, 300px\" \/>\t\t\t\t\t\t\t\t\t\t\t\t\t<\/div>\n\t\t\t\t<\/div>\n\t\t\t\t\t<\/div>\n\t\t<\/div>\n\t\t\t\t<div class=\"elementor-column elementor-col-33 elementor-top-column elementor-element elementor-element-375272c\" data-id=\"375272c\" data-element_type=\"column\">\n\t\t\t<div class=\"elementor-widget-wrap elementor-element-populated\">\n\t\t\t\t\t\t<div class=\"elementor-element elementor-element-8252f1b elementor-widget elementor-widget-image\" data-id=\"8252f1b\" data-element_type=\"widget\" data-settings=\"{&quot;_animation&quot;:&quot;none&quot;}\" data-widget_type=\"image.default\">\n\t\t\t\t<div class=\"elementor-widget-container\">\n\t\t\t\t\t\t\t\t\t\t\t\t\t<img decoding=\"async\" width=\"256\" height=\"197\" src=\"https:\/\/szkola.miedzyborow.pl\/podstawowa\/wp-content\/uploads\/2024\/06\/images.jpg\" class=\"attachment-full size-full wp-image-6500\" alt=\"\" \/>\t\t\t\t\t\t\t\t\t\t\t\t\t<\/div>\n\t\t\t\t<\/div>\n\t\t\t\t\t<\/div>\n\t\t<\/div>\n\t\t\t\t<div class=\"elementor-column elementor-col-33 elementor-top-column elementor-element elementor-element-d07bd7a\" data-id=\"d07bd7a\" data-element_type=\"column\">\n\t\t\t<div class=\"elementor-widget-wrap elementor-element-populated\">\n\t\t\t\t\t\t<div class=\"elementor-element elementor-element-bfe4700 elementor-widget elementor-widget-image\" data-id=\"bfe4700\" data-element_type=\"widget\" data-widget_type=\"image.default\">\n\t\t\t\t<div class=\"elementor-widget-container\">\n\t\t\t\t\t\t\t\t\t\t\t\t\t<img decoding=\"async\" width=\"1024\" height=\"418\" src=\"https:\/\/szkola.miedzyborow.pl\/podstawowa\/wp-content\/uploads\/2024\/06\/wydmy-1024x418.png\" class=\"attachment-large size-large wp-image-6503\" alt=\"\" srcset=\"https:\/\/szkola.miedzyborow.pl\/podstawowa\/wp-content\/uploads\/2024\/06\/wydmy-1024x418.png 1024w, https:\/\/szkola.miedzyborow.pl\/podstawowa\/wp-content\/uploads\/2024\/06\/wydmy-300x122.png 300w, https:\/\/szkola.miedzyborow.pl\/podstawowa\/wp-content\/uploads\/2024\/06\/wydmy-768x313.png 768w, https:\/\/szkola.miedzyborow.pl\/podstawowa\/wp-content\/uploads\/2024\/06\/wydmy.png 1343w\" sizes=\"(max-width: 1024px) 100vw, 1024px\" \/>\t\t\t\t\t\t\t\t\t\t\t\t\t<\/div>\n\t\t\t\t<\/div>\n\t\t\t\t\t<\/div>\n\t\t<\/div>\n\t\t\t\t\t<\/div>\n\t\t<\/section>\n\t\t\t\t<section class=\"elementor-section elementor-top-section elementor-element elementor-element-ca0c377 elementor-section-boxed elementor-section-height-default elementor-section-height-default\" data-id=\"ca0c377\" data-element_type=\"section\">\n\t\t\t\t\t\t<div class=\"elementor-container elementor-column-gap-default\">\n\t\t\t\t\t<div class=\"elementor-column elementor-col-100 elementor-top-column elementor-element elementor-element-6887935\" data-id=\"6887935\" data-element_type=\"column\">\n\t\t\t<div class=\"elementor-widget-wrap elementor-element-populated\">\n\t\t\t\t\t\t<div class=\"elementor-element elementor-element-12840f1 animated-slow elementor-invisible elementor-widget elementor-widget-heading\" data-id=\"12840f1\" data-element_type=\"widget\" data-settings=\"{&quot;_animation&quot;:&quot;fadeInLeft&quot;}\" data-widget_type=\"heading.default\">\n\t\t\t\t<div class=\"elementor-widget-container\">\n\t\t\t<style>\/*! elementor - v3.23.0 - 25-07-2024 *\/\n.elementor-heading-title{padding:0;margin:0;line-height:1}.elementor-widget-heading .elementor-heading-title[class*=elementor-size-]>a{color:inherit;font-size:inherit;line-height:inherit}.elementor-widget-heading .elementor-heading-title.elementor-size-small{font-size:15px}.elementor-widget-heading .elementor-heading-title.elementor-size-medium{font-size:19px}.elementor-widget-heading .elementor-heading-title.elementor-size-large{font-size:29px}.elementor-widget-heading .elementor-heading-title.elementor-size-xl{font-size:39px}.elementor-widget-heading .elementor-heading-title.elementor-size-xxl{font-size:59px}<\/style><h1 class=\"elementor-heading-title elementor-size-default\"><a href=\"https:\/\/bom.mazovia.pl\/glosowanie\" target=\"_blank\">Prosz\u0119 oddaj sw\u00f3j g\u0142os   - g\u0142osuj klikaj\u0105c tutaj<\/a><\/h1>\t\t<\/div>\n\t\t\t\t<\/div>\n\t\t\t\t\t<\/div>\n\t\t<\/div>\n\t\t\t\t\t<\/div>\n\t\t<\/section>\n\t\t\t\t<section class=\"elementor-section elementor-top-section elementor-element elementor-element-7f6ace82 elementor-section-boxed elementor-section-height-default elementor-section-height-default\" data-id=\"7f6ace82\" data-element_type=\"section\">\n\t\t\t\t\t\t<div class=\"elementor-container elementor-column-gap-default\">\n\t\t\t\t\t<div class=\"elementor-column elementor-col-100 elementor-top-column elementor-element elementor-element-6669c3d8\" data-id=\"6669c3d8\" data-element_type=\"column\">\n\t\t\t<div class=\"elementor-widget-wrap elementor-element-populated\">\n\t\t\t\t\t\t<div class=\"elementor-element elementor-element-e39c98d elementor-widget elementor-widget-text-editor\" data-id=\"e39c98d\" data-element_type=\"widget\" data-widget_type=\"text-editor.default\">\n\t\t\t\t<div class=\"elementor-widget-container\">\n\t\t\t<style>\/*! elementor - v3.23.0 - 25-07-2024 *\/\n.elementor-widget-text-editor.elementor-drop-cap-view-stacked .elementor-drop-cap{background-color:#69727d;color:#fff}.elementor-widget-text-editor.elementor-drop-cap-view-framed .elementor-drop-cap{color:#69727d;border:3px solid;background-color:transparent}.elementor-widget-text-editor:not(.elementor-drop-cap-view-default) .elementor-drop-cap{margin-top:8px}.elementor-widget-text-editor:not(.elementor-drop-cap-view-default) .elementor-drop-cap-letter{width:1em;height:1em}.elementor-widget-text-editor .elementor-drop-cap{float:left;text-align:center;line-height:1;font-size:50px}.elementor-widget-text-editor .elementor-drop-cap-letter{display:inline-block}<\/style>\t\t\t\t<!-- wp:gallery {\"linkTo\":\"none\"} -->\n<figure class=\"wp-block-gallery has-nested-images columns-default is-cropped\"><!-- wp:image {\"id\":6497,\"sizeSlug\":\"large\",\"linkDestination\":\"none\"} -->\n<figure class=\"wp-block-image size-large\"><img loading=\"lazy\" decoding=\"async\" width=\"724\" height=\"1024\" src=\"https:\/\/szkola.miedzyborow.pl\/podstawowa\/wp-content\/uploads\/2024\/06\/Zrzut-ekranu-2024-06-04-144718.png\" alt=\"\" class=\"wp-image-6497\" srcset=\"https:\/\/szkola.miedzyborow.pl\/podstawowa\/wp-content\/uploads\/2024\/06\/Zrzut-ekranu-2024-06-04-144718.png 724w, https:\/\/szkola.miedzyborow.pl\/podstawowa\/wp-content\/uploads\/2024\/06\/Zrzut-ekranu-2024-06-04-144718-212x300.png 212w\" sizes=\"(max-width: 724px) 100vw, 724px\" \/><\/figure>\n<!-- \/wp:image --><\/figure>\n<!-- \/wp:gallery -->\t\t\t\t\t\t<\/div>\n\t\t\t\t<\/div>\n\t\t\t\t\t<\/div>\n\t\t<\/div>\n\t\t\t\t\t<\/div>\n\t\t<\/section>\n\t\t\t\t<\/div>\n\t\t","protected":false},"excerpt":{"rendered":"<p class=\"tx-excerpt\">Prosz\u0119 oddaj sw\u00f3j g\u0142os &#8211; g\u0142osuj klikaj\u0105c tutaj<\/p><div class=\"tx-read-more\"><a href=\"https:\/\/szkola.miedzyborow.pl\/podstawowa\/spacer-po-wydmach-miedzyborowskich-przewodnik-dla-kazdego\/\">Czytaj wi\u0119cej<\/a><\/div>","protected":false},"author":2,"featured_media":0,"parent":0,"menu_order":0,"comment_status":"closed","ping_status":"closed","template":"","meta":[],"_links":{"self":[{"href":"https:\/\/szkola.miedzyborow.pl\/podstawowa\/wp-json\/wp\/v2\/pages\/6508"}],"collection":[{"href":"https:\/\/szkola.miedzyborow.pl\/podstawowa\/wp-json\/wp\/v2\/pages"}],"about":[{"href":"https:\/\/szkola.miedzyborow.pl\/podstawowa\/wp-json\/wp\/v2\/types\/page"}],"author":[{"embeddable":true,"href":"https:\/\/szkola.miedzyborow.pl\/podstawowa\/wp-json\/wp\/v2\/users\/2"}],"replies":[{"embeddable":true,"href":"https:\/\/szkola.miedzyborow.pl\/podstawowa\/wp-json\/wp\/v2\/comments?post=6508"}],"version-history":[{"count":31,"href":"https:\/\/szkola.miedzyborow.pl\/podstawowa\/wp-json\/wp\/v2\/pages\/6508\/revisions"}],"predecessor-version":[{"id":6541,"href":"https:\/\/szkola.miedzyborow.pl\/podstawowa\/wp-json\/wp\/v2\/pages\/6508\/revisions\/6541"}],"wp:attachment":[{"href":"https:\/\/szkola.miedzyborow.pl\/podstawowa\/wp-json\/wp\/v2\/media?parent=6508"}],"curies":[{"name":"wp","href":"https:\/\/api.w.org\/{rel}","templated":true}]}}