{"id":6936,"date":"2024-09-17T14:53:52","date_gmt":"2024-09-17T12:53:52","guid":{"rendered":"https:\/\/szkola.miedzyborow.pl\/podstawowa\/?page_id=6936"},"modified":"2025-10-03T14:32:52","modified_gmt":"2025-10-03T12:32:52","slug":"ubezpieczenie-szkolne-2","status":"publish","type":"page","link":"https:\/\/szkola.miedzyborow.pl\/podstawowa\/ubezpieczenie-szkolne-2\/","title":{"rendered":"Ubezpieczenie Szkolne"},"content":{"rendered":"\n<div class=\"is-layout-flex wp-container-3 wp-block-columns\">\n<div class=\"is-layout-flow wp-block-column\" style=\"flex-basis:66.66%\">\n<h2 style=\"text-align: center;\"><span style=\"color: #008000;\">W roku szkolnym 2025\/2026<\/span><\/h2>\n<hr \/>\n<a href=\"https:\/\/szkola.miedzyborow.pl\/podstawowa\/wp-content\/uploads\/2025\/10\/Oferta_wirtualna_15561_W_z_ID_Klienta.pdf\" class=\"pdfemb-viewer\" style=\"\" data-width=\"max\" data-height=\"max\" data-toolbar=\"bottom\" data-toolbar-fixed=\"off\">Oferta_wirtualna_15561_W_z_ID_Klienta<\/a>\n<p>\u00a0<\/p>\n<hr \/>\n<p style=\"text-align: center;\"><a href=\"https:\/\/szkola.miedzyborow.pl\/podstawowa\/wp-content\/uploads\/2025\/10\/Ogolne_Warunki_Ubezpieczenia_EDU_PLUS.pdf\" target=\"_blank\" rel=\"noopener\"><span style=\"color: #800080; font-size: 24pt;\">Og\u00f3lne warunki ubezpieczenia Edu Plus<\/span><\/a><\/p>\n<hr \/>\n<p><a href=\"https:\/\/klient.interrisk.pl\/EduPlusOnline?u=gjax5gs85m\" target=\"_blank\" rel=\"noopener\"><span style=\"font-size: 18pt; color: #ff0000;\"><span style=\"font-size: 24pt;\">&#8211;&gt; Link do zawierania ubezpieczenia<\/span><\/span><\/a><\/p>\n<hr \/>\n<p style=\"text-align: center;\"><span style=\"color: #0000ff; font-size: 24pt;\">Zg\u0142oszenie roszczenia z ubezpieczenia Edu Plus<\/span><\/p>\n<hr \/>\n<p style=\"text-align: center;\"><a href=\"http:\/\/zgloszenie.interrisk.pl\" target=\"_blank\" rel=\"noopener\"><span style=\"color: #ff0000; font-size: 24pt;\">&#8211;&gt; Zg\u0142o\u015b szkod\u0119 online<\/span><\/a><\/p>\n<p style=\"text-align: center;\">\u00a0 \u00a0 \u00a0 \u00a0 \u00a0<a href=\"https:\/\/szkola.miedzyborow.pl\/podstawowa\/wp-content\/uploads\/2025\/10\/roszczenie_-edu-plus7_M3_ikonki.pdf\" target=\"_blank\" rel=\"noopener\"><span style=\"color: #ff0000; font-size: 24pt;\">&#8211;&gt; Formularz zg\u0142oszenia szkody<\/span><\/a><\/p>\n<hr \/>\n<p style=\"text-align: center;\"><span style=\"font-size: 18pt; color: #800080;\">Opiekunowie Polisy<\/span><\/p>\n<hr \/>\n<p style=\"text-align: center;\">Rados\u0142aw Ficner<br \/>tel. 533299813<br \/>radoslaw@ficnerubezpieczenia.pl<br \/>lub<br \/>Krystyna Ficner<br \/>tel. 602575791<br \/>krystyna@ficnerubezpieczenia.pl<\/p>\n<hr \/>\n<p>\u00a0<\/p>\n<\/div>\n\n\n\n<div class=\"is-layout-flow wp-block-column\" style=\"flex-basis:33.33%\">\n<div id=\"inpl-weather-main\" class=\"inpl-weather-main\" data-langid=\"1\" data-unitid=\"E\" data-ict=\"2\" data-cid=\"21076\" data-clbg=\"ffffff\" data-cltxt=\"111010\" data-cllink=\"860707\" data-txtdesc=\"1\" data-ftemp=\"1\" data-crps=\"1\" data-crwind=\"1\" data-fr=\"1\" data-wdh=\"300\" data-hif=\"400\" data-d=\"\/\/widgets.interia.pl\" style=\"position:relative; width: 300px; color: #860707; background-color:#ffffff\"><div id=\"inpl-weather-links\" style=\"display:flex;flex-flow:row wrap;justify-content:space-around;padding:0 8px 8px;text-align:center\"><a id=\"wlHbh\" style=\"color:inherit;font-size:13px;text-decoration:none;margin:4px;\" href=\"https:\/\/pogoda.interia.pl\/prognoza-szczegolowa-the-city-name,cId,21076\">Godzina po godzinie<\/a><a id=\"wlfr\" style=\"color:inherit;font-size:13px;text-decoration:none;margin:4px;\" href=\"https:\/\/pogoda.interia.pl\/prognoza-dlugoterminowa-the-city-name,cId,21076\">Na 45 dni<\/a><\/div><\/div><script>!(function(t,n,e){var r,o;t.getElementById(e)||(r=t.getElementsByTagName(n)[0],(o=t.createElement(n)).id=e,o.src=\"\/\/w.iplsc.com\/widget\/weather-2.0.2.jssc\",r.parentNode.appendChild(o))})(document,\"script\",\"widget-js\")<\/script>\n<\/div>\n<\/div>\n","protected":false},"excerpt":{"rendered":"<p class=\"tx-excerpt\">W roku szkolnym 2025\/2026 \u00a0 Og\u00f3lne warunki ubezpieczenia Edu Plus &#8211;&gt; Link do zawierania ubezpieczenia Zg\u0142oszenie roszczenia z ubezpieczenia Edu Plus &#8211;&gt; Zg\u0142o\u015b szkod\u0119 online \u00a0 \u00a0 \u00a0 \u00a0 \u00a0&#8211;&gt; Formularz zg\u0142oszenia szkody<div class=\"tx-read-more\"><a href=\"https:\/\/szkola.miedzyborow.pl\/podstawowa\/ubezpieczenie-szkolne-2\/\">Czytaj wi\u0119cej<\/a><\/div>","protected":false},"author":2,"featured_media":0,"parent":0,"menu_order":0,"comment_status":"closed","ping_status":"closed","template":"","meta":[],"_links":{"self":[{"href":"https:\/\/szkola.miedzyborow.pl\/podstawowa\/wp-json\/wp\/v2\/pages\/6936"}],"collection":[{"href":"https:\/\/szkola.miedzyborow.pl\/podstawowa\/wp-json\/wp\/v2\/pages"}],"about":[{"href":"https:\/\/szkola.miedzyborow.pl\/podstawowa\/wp-json\/wp\/v2\/types\/page"}],"author":[{"embeddable":true,"href":"https:\/\/szkola.miedzyborow.pl\/podstawowa\/wp-json\/wp\/v2\/users\/2"}],"replies":[{"embeddable":true,"href":"https:\/\/szkola.miedzyborow.pl\/podstawowa\/wp-json\/wp\/v2\/comments?post=6936"}],"version-history":[{"count":28,"href":"https:\/\/szkola.miedzyborow.pl\/podstawowa\/wp-json\/wp\/v2\/pages\/6936\/revisions"}],"predecessor-version":[{"id":9979,"href":"https:\/\/szkola.miedzyborow.pl\/podstawowa\/wp-json\/wp\/v2\/pages\/6936\/revisions\/9979"}],"wp:attachment":[{"href":"https:\/\/szkola.miedzyborow.pl\/podstawowa\/wp-json\/wp\/v2\/media?parent=6936"}],"curies":[{"name":"wp","href":"https:\/\/api.w.org\/{rel}","templated":true}]}}