{"id":7053,"date":"2024-10-04T08:30:30","date_gmt":"2024-10-04T06:30:30","guid":{"rendered":"https:\/\/szkola.miedzyborow.pl\/podstawowa\/?page_id=7053"},"modified":"2024-10-07T15:50:56","modified_gmt":"2024-10-07T13:50:56","slug":"rada","status":"publish","type":"page","link":"https:\/\/szkola.miedzyborow.pl\/podstawowa\/rada\/","title":{"rendered":"Rada Rodzic\u00f3w"},"content":{"rendered":"\n<div class=\"is-layout-flex wp-container-3 wp-block-columns\">\n<div class=\"is-layout-flow wp-block-column\" style=\"flex-basis:66.66%\">\n<h2 style=\"text-align: center;\" align=\"center\"><span style=\"color: #800080;\">Rada<strong> Rodzic\u00f3w <\/strong><\/span><\/h2>\n<h2 style=\"text-align: center;\" align=\"center\"><span style=\"color: #800080;\"><strong>przy Zespole Szk\u00f3\u0142 Publicznych <\/strong><\/span><\/h2>\n<h2 style=\"text-align: center;\" align=\"center\"><span style=\"color: #800080;\"><strong>w Mi\u0119dzyborowie<\/strong><\/span><\/h2>\n<hr \/>\n<p style=\"text-align: center;\"><span style=\"color: #008000;\"><strong><span style=\"font-size: 18pt;\">Szko\u0142a Podstawowa<\/span><br \/><\/strong><\/span><\/p>\n<p style=\"text-align: center;\"><span style=\"font-size: 18pt;\">nr<strong> konta: <span style=\"color: #0000ff;\">48\u00a0 1020 1055\u00a0 0000\u00a0 9202 0295\u00a0 7892<\/span><\/strong><\/span><\/p>\n<hr \/>\n<p style=\"text-align: center;\"><strong><span style=\"color: #008000; font-size: 18pt;\">Przedszkole<\/span><\/strong><\/p>\n<p style=\"text-align: center;\"><span style=\"font-size: 18pt;\">nr<strong> konta: <span style=\"color: #0000ff;\"> 09 1020 1055 0000 9202 0296 1795<\/span><\/strong><\/span><\/p>\n<hr \/>\n<h2 style=\"text-align: left;\"><span style=\"color: #800080;\">Prezydium Rady Rodzic\u00f3w<\/span><\/h2>\n<ul>\n<li>Przewodnicz\u0105cy &#8211; Pawe\u0142 Parzych<\/li>\n<li>Zast\u0119pca ds. Przedszkola &#8211; Pawe\u0142 Gontarz<\/li>\n<li>Zast\u0119pca ds. klas 1-3 &#8211; Karolina Wi\u015bniewska<\/li>\n<li>Zast\u0119pca ds. klas 4-8 &#8211; Magdalena Doma\u0144ska<\/li>\n<\/ul>\n<hr \/>\n<p align=\"center\"><img decoding=\"async\" class=\"size-full wp-image-227 aligncenter\" src=\"https:\/\/szkola.miedzyborow.pl\/podstawowa\/wp-content\/uploads\/2020\/08\/email.png\" alt=\"\" width=\"64\" height=\"64\" \/><\/p>\n<h2 style=\"text-align: center;\" align=\"center\"><a title=\"mailto:rrmiedzyborow@gmail.com\" href=\"mailto:rrmiedzyborow@gmail.com\" target=\"_blank\" rel=\"noopener\"><span style=\"color: #008000;\"> rr@szkola.miedzyborow.pl<\/span><\/a><\/h2>\n<hr \/>\n<p align=\"center\">\u00a0<\/p>\n<\/div>\n\n\n\n<div class=\"is-layout-flow wp-block-column\" style=\"flex-basis:33.33%\">\n<div id=\"inpl-weather-main\" class=\"inpl-weather-main\" data-langid=\"1\" data-unitid=\"E\" data-ict=\"2\" data-cid=\"21076\" data-clbg=\"ffffff\" data-cltxt=\"111010\" data-cllink=\"860707\" data-txtdesc=\"1\" data-ftemp=\"1\" data-crps=\"1\" data-crwind=\"1\" data-fr=\"1\" data-wdh=\"300\" data-hif=\"400\" data-d=\"\/\/widgets.interia.pl\" style=\"position:relative; width: 300px; color: #860707; background-color:#ffffff\"><div id=\"inpl-weather-links\" style=\"display:flex;flex-flow:row wrap;justify-content:space-around;padding:0 8px 8px;text-align:center\"><a id=\"wlHbh\" style=\"color:inherit;font-size:13px;text-decoration:none;margin:4px;\" href=\"https:\/\/pogoda.interia.pl\/prognoza-szczegolowa-the-city-name,cId,21076\">Godzina po godzinie<\/a><a id=\"wlfr\" style=\"color:inherit;font-size:13px;text-decoration:none;margin:4px;\" href=\"https:\/\/pogoda.interia.pl\/prognoza-dlugoterminowa-the-city-name,cId,21076\">Na 45 dni<\/a><\/div><\/div><script>!(function(t,n,e){var r,o;t.getElementById(e)||(r=t.getElementsByTagName(n)[0],(o=t.createElement(n)).id=e,o.src=\"\/\/w.iplsc.com\/widget\/weather-2.0.2.jssc\",r.parentNode.appendChild(o))})(document,\"script\",\"widget-js\")<\/script>\n\n\n\n<hr class=\"wp-block-separator has-alpha-channel-opacity\"\/>\n\n\n\n<script type=\"text\/javascript\" src=\"\/\/www.deszczowce.pl\/skrypty\/odliczanie\/odliczanie.php?size=22&amp;text=pozosta%C5%82o+do+ko%C5%84ca+%3Cb%3ERoku+szkolnego...%21%3C%2Fb%3E%21&amp;y=2025&amp;transparent=1&amp;m=5&amp;d=23&amp;min=59&amp;h=23&amp;s=59&amp;theme=zielony&amp;note=0&amp;mode=1\"><\/script>\n<\/div>\n<\/div>\n","protected":false},"excerpt":{"rendered":"<p class=\"tx-excerpt\">Rada Rodzic\u00f3w przy Zespole Szk\u00f3\u0142 Publicznych w Mi\u0119dzyborowie Szko\u0142a Podstawowa nr konta: 48\u00a0 1020 1055\u00a0 0000\u00a0 9202 0295\u00a0 7892 Przedszkole nr konta: 09 1020 1055 0000 9202 0296 1795 Prezydium Rady Rodzic\u00f3w Przewodnicz\u0105cy<div class=\"tx-read-more\"><a href=\"https:\/\/szkola.miedzyborow.pl\/podstawowa\/rada\/\">Czytaj wi\u0119cej<\/a><\/div>","protected":false},"author":2,"featured_media":0,"parent":0,"menu_order":0,"comment_status":"closed","ping_status":"closed","template":"","meta":[],"_links":{"self":[{"href":"https:\/\/szkola.miedzyborow.pl\/podstawowa\/wp-json\/wp\/v2\/pages\/7053"}],"collection":[{"href":"https:\/\/szkola.miedzyborow.pl\/podstawowa\/wp-json\/wp\/v2\/pages"}],"about":[{"href":"https:\/\/szkola.miedzyborow.pl\/podstawowa\/wp-json\/wp\/v2\/types\/page"}],"author":[{"embeddable":true,"href":"https:\/\/szkola.miedzyborow.pl\/podstawowa\/wp-json\/wp\/v2\/users\/2"}],"replies":[{"embeddable":true,"href":"https:\/\/szkola.miedzyborow.pl\/podstawowa\/wp-json\/wp\/v2\/comments?post=7053"}],"version-history":[{"count":31,"href":"https:\/\/szkola.miedzyborow.pl\/podstawowa\/wp-json\/wp\/v2\/pages\/7053\/revisions"}],"predecessor-version":[{"id":7122,"href":"https:\/\/szkola.miedzyborow.pl\/podstawowa\/wp-json\/wp\/v2\/pages\/7053\/revisions\/7122"}],"wp:attachment":[{"href":"https:\/\/szkola.miedzyborow.pl\/podstawowa\/wp-json\/wp\/v2\/media?parent=7053"}],"curies":[{"name":"wp","href":"https:\/\/api.w.org\/{rel}","templated":true}]}}