{"id":8133,"date":"2025-01-08T09:53:51","date_gmt":"2025-01-08T08:53:51","guid":{"rendered":"https:\/\/szkola.miedzyborow.pl\/podstawowa\/?page_id=8133"},"modified":"2025-04-08T12:03:07","modified_gmt":"2025-04-08T10:03:07","slug":"narodowy-program-rozwoju-czytelnictwa","status":"publish","type":"page","link":"https:\/\/szkola.miedzyborow.pl\/podstawowa\/narodowy-program-rozwoju-czytelnictwa\/","title":{"rendered":"Narodowy Program Rozwoju Czytelnictwa"},"content":{"rendered":"<p><img decoding=\"async\" class=\"size-full wp-image-8171 alignleft\" src=\"https:\/\/szkola.miedzyborow.pl\/podstawowa\/wp-content\/uploads\/2025\/01\/nprc_250.jpg\" alt=\"\" width=\"250\" height=\"142\"><\/p>\n<p style=\"text-align: center;\"><span style=\"font-size: 14pt;\">Mi\u0142o nam poinformowa\u0107, \u017ce nasza szko\u0142a w ramach <strong>Narodowego Programu Rozwoju Czytelnictwa 2.0<\/strong> (na lata 2021-2025) otrzyma\u0142a w tym roku 15 tys. z\u0142otych, kt\u00f3re przeznaczono na zakup nowo\u015bci, wydawniczych, sprz\u0119t do biblioteki oraz dzia\u0142alno\u015b\u0107 promuj\u0105c\u0105 czytelnictwo w naszej szkole.<\/span><br><span style=\"font-size: 14pt;\">Narodowy Program Rozwoju Czytelnictwa \u202fjest uchwalonym przez Rad\u0119 Ministr\u00f3w programem wieloletnim na lata 2021-2025, w celu poprawy stanu czytelnictwa w Polsce poprzez wzmacnianie roli bibliotek publicznych, szkolnych i pedagogicznych jako lokalnych o\u015brodk\u00f3w \u017cycia spo\u0142ecznego stanowi\u0105cych centrum dost\u0119pu do kultury i wiedzy.<\/span><\/p>\n<p><\/p>\n\n\n<div class=\"is-layout-flex wp-container-11 wp-block-columns\">\n<div class=\"is-layout-flow wp-block-column\">\n<p style=\"text-align: center;\"><span style=\"font-size: 18pt; color: #7b37bf;\">Dla Rodzic\u00f3w<\/span><\/p>\n\n\n\n<figure class=\"is-layout-flex wp-block-gallery-1 wp-block-gallery has-nested-images columns-default is-cropped\">\n<figure class=\"wp-block-image size-large\"><a href=\"https:\/\/szkola.miedzyborow.pl\/podstawowa\/wp-content\/uploads\/2024\/12\/Wplyw-czytelnictwa-na-rozwoj-dzieci-i-mlodziezy1.pdf\" target=\"_blank\" rel=\"noreferrer noopener\"><img fetchpriority=\"high\" decoding=\"async\" width=\"1024\" height=\"585\" src=\"https:\/\/szkola.miedzyborow.pl\/podstawowa\/wp-content\/uploads\/2025\/01\/guzik-pod-prezentacje-1024x585.png\" alt=\"\" class=\"wp-image-8177\" srcset=\"https:\/\/szkola.miedzyborow.pl\/podstawowa\/wp-content\/uploads\/2025\/01\/guzik-pod-prezentacje-1024x585.png 1024w, https:\/\/szkola.miedzyborow.pl\/podstawowa\/wp-content\/uploads\/2025\/01\/guzik-pod-prezentacje-300x171.png 300w, https:\/\/szkola.miedzyborow.pl\/podstawowa\/wp-content\/uploads\/2025\/01\/guzik-pod-prezentacje-768x439.png 768w, https:\/\/szkola.miedzyborow.pl\/podstawowa\/wp-content\/uploads\/2025\/01\/guzik-pod-prezentacje.png 1050w\" sizes=\"(max-width: 1024px) 100vw, 1024px\" \/><\/a><\/figure>\n<\/figure>\n\n\n\n<figure class=\"is-layout-flex wp-block-gallery-3 wp-block-gallery has-nested-images columns-default is-cropped\">\n<figure class=\"wp-block-image size-large\"><a href=\"https:\/\/nprcz.pl\/dla-rodzicow\/\" target=\"_blank\" rel=\"noreferrer noopener\"><img decoding=\"async\" width=\"1024\" height=\"585\" src=\"https:\/\/szkola.miedzyborow.pl\/podstawowa\/wp-content\/uploads\/2025\/01\/Materialy-dla-rodzicow-1024x585.png\" alt=\"\" class=\"wp-image-8180\" srcset=\"https:\/\/szkola.miedzyborow.pl\/podstawowa\/wp-content\/uploads\/2025\/01\/Materialy-dla-rodzicow-1024x585.png 1024w, https:\/\/szkola.miedzyborow.pl\/podstawowa\/wp-content\/uploads\/2025\/01\/Materialy-dla-rodzicow-300x171.png 300w, https:\/\/szkola.miedzyborow.pl\/podstawowa\/wp-content\/uploads\/2025\/01\/Materialy-dla-rodzicow-768x439.png 768w, https:\/\/szkola.miedzyborow.pl\/podstawowa\/wp-content\/uploads\/2025\/01\/Materialy-dla-rodzicow.png 1050w\" sizes=\"(max-width: 1024px) 100vw, 1024px\" \/><\/a><\/figure>\n<\/figure>\n\n\n\n<figure class=\"is-layout-flex wp-block-gallery-5 wp-block-gallery has-nested-images columns-default is-cropped\">\n<figure class=\"wp-block-image size-large\"><a href=\"https:\/\/szkola.miedzyborow.pl\/podstawowa\/wp-content\/uploads\/2024\/12\/lkzdb.pdf\" target=\"_blank\" rel=\"noreferrer noopener\"><img loading=\"lazy\" decoding=\"async\" width=\"1024\" height=\"585\" src=\"https:\/\/szkola.miedzyborow.pl\/podstawowa\/wp-content\/uploads\/2025\/01\/Lista-zakupionych-ksiazek-w-ramach-programu-1024x585.png\" alt=\"\" class=\"wp-image-8179\" srcset=\"https:\/\/szkola.miedzyborow.pl\/podstawowa\/wp-content\/uploads\/2025\/01\/Lista-zakupionych-ksiazek-w-ramach-programu-1024x585.png 1024w, https:\/\/szkola.miedzyborow.pl\/podstawowa\/wp-content\/uploads\/2025\/01\/Lista-zakupionych-ksiazek-w-ramach-programu-300x171.png 300w, https:\/\/szkola.miedzyborow.pl\/podstawowa\/wp-content\/uploads\/2025\/01\/Lista-zakupionych-ksiazek-w-ramach-programu-768x439.png 768w, https:\/\/szkola.miedzyborow.pl\/podstawowa\/wp-content\/uploads\/2025\/01\/Lista-zakupionych-ksiazek-w-ramach-programu.png 1050w\" sizes=\"(max-width: 1024px) 100vw, 1024px\" \/><\/a><\/figure>\n<\/figure>\n<\/div>\n\n\n\n<div class=\"is-layout-flow wp-block-column\">\n<p style=\"text-align: center;\"><span style=\"font-size: 18pt; color: #7b2fc4;\">Konkursy<\/span><\/p>\n\n\n\n<figure class=\"is-layout-flex wp-block-gallery-8 wp-block-gallery has-nested-images columns-default is-cropped\">\n<figure class=\"wp-block-image size-large\"><img loading=\"lazy\" decoding=\"async\" width=\"1024\" height=\"585\" src=\"https:\/\/szkola.miedzyborow.pl\/podstawowa\/wp-content\/uploads\/2025\/01\/konkursy-1024x585.png\" alt=\"\" class=\"wp-image-8178\" srcset=\"https:\/\/szkola.miedzyborow.pl\/podstawowa\/wp-content\/uploads\/2025\/01\/konkursy-1024x585.png 1024w, https:\/\/szkola.miedzyborow.pl\/podstawowa\/wp-content\/uploads\/2025\/01\/konkursy-300x171.png 300w, https:\/\/szkola.miedzyborow.pl\/podstawowa\/wp-content\/uploads\/2025\/01\/konkursy-768x439.png 768w, https:\/\/szkola.miedzyborow.pl\/podstawowa\/wp-content\/uploads\/2025\/01\/konkursy.png 1050w\" sizes=\"(max-width: 1024px) 100vw, 1024px\" \/><\/figure>\n<\/figure>\n\n\n\n<p style=\"text-align: center;\"><span style=\"font-size: 18pt; color: #0000ff;\"><a style=\"color: #0000ff;\" href=\"https:\/\/szkola.miedzyborow.pl\/podstawowa\/wp-content\/uploads\/2025\/01\/Projekt-czytelniczy.pdf\" target=\"_blank\" rel=\"noopener\">Projekt czytelniczy<\/a><\/span><\/p>\n\n\n\n<p style=\"text-align: center;\"><a href=\"https:\/\/szkola.miedzyborow.pl\/podstawowa\/wp-content\/uploads\/2025\/04\/opowiadanie.pdf\" target=\"_blank\" rel=\"noopener\"><span style=\"font-size: 18pt; color: #0000ff;\">Konkurs\u00a0 na opowiadanie<\/span><\/a><\/p>\n\n\n\n<p style=\"text-align: center;\"><a href=\"https:\/\/szkola.miedzyborow.pl\/podstawowa\/wp-content\/uploads\/2025\/01\/Konkurs-2.pdf\" target=\"_blank\" rel=\"noopener\"><span style=\"font-size: 18pt; color: #0000ff;\">Konkurs MEMY<\/span><\/a><\/p>\n<\/div>\n<\/div>\n\n\n\n<figure class=\"is-layout-flex wp-block-gallery-12 wp-block-gallery has-nested-images columns-default is-cropped\">\n<figure class=\"wp-block-image size-large\"><img loading=\"lazy\" decoding=\"async\" width=\"1024\" height=\"83\" data-id=\"8201\"  src=\"https:\/\/szkola.miedzyborow.pl\/podstawowa\/wp-content\/uploads\/2025\/01\/nprcz-belka-men-bn-ik-nck-kolor-rgb-1024x83.png\" alt=\"\" class=\"wp-image-8201\" srcset=\"https:\/\/szkola.miedzyborow.pl\/podstawowa\/wp-content\/uploads\/2025\/01\/nprcz-belka-men-bn-ik-nck-kolor-rgb-1024x83.png 1024w, https:\/\/szkola.miedzyborow.pl\/podstawowa\/wp-content\/uploads\/2025\/01\/nprcz-belka-men-bn-ik-nck-kolor-rgb-300x24.png 300w, https:\/\/szkola.miedzyborow.pl\/podstawowa\/wp-content\/uploads\/2025\/01\/nprcz-belka-men-bn-ik-nck-kolor-rgb-768x62.png 768w, https:\/\/szkola.miedzyborow.pl\/podstawowa\/wp-content\/uploads\/2025\/01\/nprcz-belka-men-bn-ik-nck-kolor-rgb-1536x124.png 1536w, https:\/\/szkola.miedzyborow.pl\/podstawowa\/wp-content\/uploads\/2025\/01\/nprcz-belka-men-bn-ik-nck-kolor-rgb-2048x165.png 2048w, https:\/\/szkola.miedzyborow.pl\/podstawowa\/wp-content\/uploads\/2025\/01\/nprcz-belka-men-bn-ik-nck-kolor-rgb-1920x155.png 1920w\" sizes=\"(max-width: 1024px) 100vw, 1024px\" \/><\/figure>\n<\/figure>\n","protected":false},"excerpt":{"rendered":"<p class=\"tx-excerpt\">Mi\u0142o nam poinformowa\u0107, \u017ce nasza szko\u0142a w ramach Narodowego Programu Rozwoju Czytelnictwa 2.0 (na lata 2021-2025) otrzyma\u0142a w tym roku 15 tys. z\u0142otych, kt\u00f3re przeznaczono na zakup nowo\u015bci, wydawniczych, sprz\u0119t do biblioteki oraz<div class=\"tx-read-more\"><a href=\"https:\/\/szkola.miedzyborow.pl\/podstawowa\/narodowy-program-rozwoju-czytelnictwa\/\">Czytaj wi\u0119cej<\/a><\/div>","protected":false},"author":2,"featured_media":0,"parent":0,"menu_order":0,"comment_status":"closed","ping_status":"closed","template":"","meta":[],"_links":{"self":[{"href":"https:\/\/szkola.miedzyborow.pl\/podstawowa\/wp-json\/wp\/v2\/pages\/8133"}],"collection":[{"href":"https:\/\/szkola.miedzyborow.pl\/podstawowa\/wp-json\/wp\/v2\/pages"}],"about":[{"href":"https:\/\/szkola.miedzyborow.pl\/podstawowa\/wp-json\/wp\/v2\/types\/page"}],"author":[{"embeddable":true,"href":"https:\/\/szkola.miedzyborow.pl\/podstawowa\/wp-json\/wp\/v2\/users\/2"}],"replies":[{"embeddable":true,"href":"https:\/\/szkola.miedzyborow.pl\/podstawowa\/wp-json\/wp\/v2\/comments?post=8133"}],"version-history":[{"count":36,"href":"https:\/\/szkola.miedzyborow.pl\/podstawowa\/wp-json\/wp\/v2\/pages\/8133\/revisions"}],"predecessor-version":[{"id":9099,"href":"https:\/\/szkola.miedzyborow.pl\/podstawowa\/wp-json\/wp\/v2\/pages\/8133\/revisions\/9099"}],"wp:attachment":[{"href":"https:\/\/szkola.miedzyborow.pl\/podstawowa\/wp-json\/wp\/v2\/media?parent=8133"}],"curies":[{"name":"wp","href":"https:\/\/api.w.org\/{rel}","templated":true}]}}