{"id":9052,"date":"2025-04-04T11:18:09","date_gmt":"2025-04-04T09:18:09","guid":{"rendered":"https:\/\/szkola.miedzyborow.pl\/podstawowa\/?page_id=9052"},"modified":"2025-04-04T11:24:11","modified_gmt":"2025-04-04T09:24:11","slug":"klub-supermocy","status":"publish","type":"page","link":"https:\/\/szkola.miedzyborow.pl\/podstawowa\/klub-supermocy\/","title":{"rendered":"Klub SUPERMOCY"},"content":{"rendered":"\n<div class=\"is-layout-flex wp-container-3 wp-block-columns\">\n<div class=\"is-layout-flow wp-block-column\" style=\"flex-basis:66.66%\">\n<h1 style=\"text-align: center;\"><span style=\"color: #800080;\">Biblioteka szkolna zaprasza do udzia\u0142u <\/span><\/h1>\n<h1 style=\"text-align: center;\"><span style=\"color: #800080;\">w zabawie czytelniczej <\/span><span style=\"color: #800080;\">KLUB SUPERMOCY.<\/span><\/h1>\n<p>\u00a0<\/p>\n<hr \/>\n<p style=\"text-align: center;\">W ramach zabawy uczniowie maj\u0105 za zadanie przeczyta\u0107 cztery ksi\u0105\u017cki z wybranych kategorii oraz zrealizowa\u0107 dwa wyzwania zwi\u0105zane z czytaniem. Dzi\u0119ki temu, zdobywaj\u0105 kolejne supermoce, by na zako\u0144czenie sta\u0107 si\u0119 KSI\u0104\u017bKOWYM SUPERBOHATEREM.<\/p>\n<p style=\"text-align: center;\">Aby do\u0142\u0105czy\u0107 do zabawy, wystarczy odwiedzi\u0107 bibliotek\u0119 i odebra\u0107 kart\u0119 Klubu Supermocy.<\/p>\n<p style=\"text-align: center;\">Zapraszamy wszystkich uczni\u00f3w, kt\u00f3rzy s\u0105 gotowi podj\u0105\u0107<\/p>\n<p style=\"text-align: center;\">to wyzwanie, oraz po szczeg\u00f3\u0142owe informacje!<\/p>\n<hr \/>\n<p><img fetchpriority=\"high\" decoding=\"async\" class=\"alignleft size-full wp-image-9055\" src=\"https:\/\/szkola.miedzyborow.pl\/podstawowa\/wp-content\/uploads\/2025\/04\/klub_facebook2.jpg\" alt=\"\" width=\"1080\" height=\"1080\" srcset=\"https:\/\/szkola.miedzyborow.pl\/podstawowa\/wp-content\/uploads\/2025\/04\/klub_facebook2.jpg 1080w, https:\/\/szkola.miedzyborow.pl\/podstawowa\/wp-content\/uploads\/2025\/04\/klub_facebook2-300x300.jpg 300w, https:\/\/szkola.miedzyborow.pl\/podstawowa\/wp-content\/uploads\/2025\/04\/klub_facebook2-1024x1024.jpg 1024w, https:\/\/szkola.miedzyborow.pl\/podstawowa\/wp-content\/uploads\/2025\/04\/klub_facebook2-150x150.jpg 150w, https:\/\/szkola.miedzyborow.pl\/podstawowa\/wp-content\/uploads\/2025\/04\/klub_facebook2-768x768.jpg 768w\" sizes=\"(max-width: 1080px) 100vw, 1080px\" \/><\/p>\n<\/div>\n\n\n\n<div class=\"is-layout-flow wp-block-column\" style=\"flex-basis:33.33%\">\n<div id=\"inpl-weather-main\" class=\"inpl-weather-main\" data-langid=\"1\" data-unitid=\"E\" data-ict=\"2\" data-cid=\"21076\" data-clbg=\"ffffff\" data-cltxt=\"111010\" data-cllink=\"860707\" data-txtdesc=\"1\" data-ftemp=\"1\" data-crps=\"1\" data-crwind=\"1\" data-fr=\"1\" data-wdh=\"300\" data-hif=\"400\" data-d=\"\/\/widgets.interia.pl\" style=\"position:relative; width: 300px; color: #860707; background-color:#ffffff\"><div id=\"inpl-weather-links\" style=\"display:flex;flex-flow:row wrap;justify-content:space-around;padding:0 8px 8px;text-align:center\"><a id=\"wlHbh\" style=\"color:inherit;font-size:13px;text-decoration:none;margin:4px;\" href=\"https:\/\/pogoda.interia.pl\/prognoza-szczegolowa-the-city-name,cId,21076\">Godzina po godzinie<\/a><a id=\"wlfr\" style=\"color:inherit;font-size:13px;text-decoration:none;margin:4px;\" href=\"https:\/\/pogoda.interia.pl\/prognoza-dlugoterminowa-the-city-name,cId,21076\">Na 45 dni<\/a><\/div><\/div><script>!(function(t,n,e){var r,o;t.getElementById(e)||(r=t.getElementsByTagName(n)[0],(o=t.createElement(n)).id=e,o.src=\"\/\/w.iplsc.com\/widget\/weather-2.0.2.jssc\",r.parentNode.appendChild(o))})(document,\"script\",\"widget-js\")<\/script>\n<\/div>\n<\/div>\n","protected":false},"excerpt":{"rendered":"<p class=\"tx-excerpt\">Biblioteka szkolna zaprasza do udzia\u0142u w zabawie czytelniczej KLUB SUPERMOCY. \u00a0 W ramach zabawy uczniowie maj\u0105 za zadanie przeczyta\u0107 cztery ksi\u0105\u017cki z wybranych kategorii oraz zrealizowa\u0107 dwa wyzwania zwi\u0105zane z czytaniem. Dzi\u0119ki temu,<div class=\"tx-read-more\"><a href=\"https:\/\/szkola.miedzyborow.pl\/podstawowa\/klub-supermocy\/\">Czytaj wi\u0119cej<\/a><\/div>","protected":false},"author":2,"featured_media":0,"parent":0,"menu_order":0,"comment_status":"closed","ping_status":"closed","template":"","meta":[],"_links":{"self":[{"href":"https:\/\/szkola.miedzyborow.pl\/podstawowa\/wp-json\/wp\/v2\/pages\/9052"}],"collection":[{"href":"https:\/\/szkola.miedzyborow.pl\/podstawowa\/wp-json\/wp\/v2\/pages"}],"about":[{"href":"https:\/\/szkola.miedzyborow.pl\/podstawowa\/wp-json\/wp\/v2\/types\/page"}],"author":[{"embeddable":true,"href":"https:\/\/szkola.miedzyborow.pl\/podstawowa\/wp-json\/wp\/v2\/users\/2"}],"replies":[{"embeddable":true,"href":"https:\/\/szkola.miedzyborow.pl\/podstawowa\/wp-json\/wp\/v2\/comments?post=9052"}],"version-history":[{"count":11,"href":"https:\/\/szkola.miedzyborow.pl\/podstawowa\/wp-json\/wp\/v2\/pages\/9052\/revisions"}],"predecessor-version":[{"id":9065,"href":"https:\/\/szkola.miedzyborow.pl\/podstawowa\/wp-json\/wp\/v2\/pages\/9052\/revisions\/9065"}],"wp:attachment":[{"href":"https:\/\/szkola.miedzyborow.pl\/podstawowa\/wp-json\/wp\/v2\/media?parent=9052"}],"curies":[{"name":"wp","href":"https:\/\/api.w.org\/{rel}","templated":true}]}}