{"id":9103,"date":"2025-04-09T09:34:27","date_gmt":"2025-04-09T07:34:27","guid":{"rendered":"https:\/\/szkola.miedzyborow.pl\/podstawowa\/?page_id=9103"},"modified":"2025-04-09T09:49:30","modified_gmt":"2025-04-09T07:49:30","slug":"edukacja-zdrowotna-edukacja-zywieniowa","status":"publish","type":"page","link":"https:\/\/szkola.miedzyborow.pl\/podstawowa\/edukacja-zdrowotna-edukacja-zywieniowa\/","title":{"rendered":"Edukacja zdrowotna-edukacja \u017cywieniowa"},"content":{"rendered":"\n<div class=\"is-layout-flex wp-container-3 wp-block-columns\">\n<div class=\"is-layout-flow wp-block-column\" style=\"flex-basis:66.66%\">\n<p style=\"text-align: center;\"><span style=\"font-size: 24pt; color: #800080;\">Edukacja zdrowotna-edukacja \u017cywieniowa<\/span><\/p>\n<p style=\"text-align: center;\"><span style=\"color: #0000ff; font-size: 18pt;\">Zainspiruj swoje dziecko do jedzenia \u015bniada\u0144 &#8211; przygotowali\u015bmy dla Was e-book ! &#8211; <\/span><a href=\"https:\/\/szkola.miedzyborow.pl\/podstawowa\/wp-content\/uploads\/2025\/04\/E-book-Szkola-w-Miedzyborowie.pdf\" target=\"_blank\" rel=\"noopener\"><span style=\"color: #0000ff;\"><span style=\"color: #ff0000; font-size: 18pt;\">do pobrania<\/span><\/span><\/a><\/p>\n<div dir=\"auto\">\u00a0<\/div>\n<div dir=\"auto\"><span style=\"color: #800080;\">Drodzy Rodzice,<\/span><\/div>\n<div dir=\"auto\" style=\"text-align: center;\">\u00a0<\/div>\n<div dir=\"auto\" style=\"text-align: justify;\">\u015aniadanie to najwa\u017cniejszy posi\u0142ek dnia \u2013 szczeg\u00f3lnie dla uczni\u00f3w,kt\u00f3rzy potrzebuj\u0105 energii i koncentracji ju\u017c od pierwszych lekcji. Wiemy, \u017ce poranki bywaj\u0105 zabiegane, dlatego z my\u015bl\u0105 o Was i Waszych dzieciach przygotowali\u015bmy bezp\u0142atny e-book z 7 pomys\u0142ami na szybkie, smaczne i po\u017cywne \u015bniadania!<\/div>\n<div dir=\"auto\">\u00a0<\/div>\n<div dir=\"auto\">Zale\u017cy nam, aby jak najwi\u0119cej uczni\u00f3w zaczyna\u0142o dzie\u0144 od pe\u0142nowarto\u015bciowego posi\u0142ku \u2013 to wp\u0142ywa nie tylko na ich zdrowie, ale i na wyniki w nauce oraz samopoczucie.<\/div>\n<div dir=\"auto\">\u00a0<\/div>\n<div dir=\"auto\" style=\"text-align: justify;\"><span style=\"color: #800080;\">E-book zawiera<\/span>: proste przepisy do przygotowania w kilka minut,<\/div>\n<div dir=\"auto\" style=\"text-align: justify;\">\u00a0kolorowe zdj\u0119cia zach\u0119caj\u0105ce uczni\u00f3w do jedzenia,inspiracje, kt\u00f3re mog\u0105 urozmaici\u0107 codzienne \u015bniadania.<\/div>\n<div dir=\"auto\" style=\"text-align: center;\">\u00a0<\/div>\n<div dir=\"auto\" style=\"text-align: justify;\">\u00a0<\/div>\n<div dir=\"auto\" style=\"text-align: justify;\">Zach\u0119camy do pobrania i wsp\u00f3lnego odkrywania \u015bniadaniowych inspiracji!<\/div>\n<div dir=\"auto\" style=\"text-align: justify;\">\u00a0<\/div>\n<div dir=\"auto\" style=\"text-align: justify;\"><span style=\"color: #008000;\">Razem zadbajmy o dobry start ka\u017cdego szkolnego dnia!<\/span><\/div>\n<a href=\"https:\/\/szkola.miedzyborow.pl\/podstawowa\/wp-content\/uploads\/2025\/04\/E-book-Szkola-w-Miedzyborowie.pdf\" class=\"pdfemb-viewer\" style=\"\" data-width=\"max\" data-height=\"max\" data-toolbar=\"bottom\" data-toolbar-fixed=\"off\">E-book Szko\u0142a w Mi\u0119dzyborowie<\/a>\n<hr \/>\n<p>Zainspiruj swoje dziecko do jedzenia \u015bniada\u0144 &#8211; przygotowali\u015bmy dla Was e-book ! &#8211; <a href=\"https:\/\/szkola.miedzyborow.pl\/podstawowa\/wp-content\/uploads\/2025\/04\/E-book-Szkola-w-Miedzyborowie.pdf\" target=\"_blank\" rel=\"noopener\">do pobrania<\/a><\/p>\n<\/div>\n\n\n\n<div class=\"is-layout-flow wp-block-column\" style=\"flex-basis:33.33%\">\n<div id=\"inpl-weather-main\" class=\"inpl-weather-main\" data-langid=\"1\" data-unitid=\"E\" data-ict=\"2\" data-cid=\"21076\" data-clbg=\"ffffff\" data-cltxt=\"111010\" data-cllink=\"860707\" data-txtdesc=\"1\" data-ftemp=\"1\" data-crps=\"1\" data-crwind=\"1\" data-fr=\"1\" data-wdh=\"300\" data-hif=\"400\" data-d=\"\/\/widgets.interia.pl\" style=\"position:relative; width: 300px; color: #860707; background-color:#ffffff\"><div id=\"inpl-weather-links\" style=\"display:flex;flex-flow:row wrap;justify-content:space-around;padding:0 8px 8px;text-align:center\"><a id=\"wlHbh\" style=\"color:inherit;font-size:13px;text-decoration:none;margin:4px;\" href=\"https:\/\/pogoda.interia.pl\/prognoza-szczegolowa-the-city-name,cId,21076\">Godzina po godzinie<\/a><a id=\"wlfr\" style=\"color:inherit;font-size:13px;text-decoration:none;margin:4px;\" href=\"https:\/\/pogoda.interia.pl\/prognoza-dlugoterminowa-the-city-name,cId,21076\">Na 45 dni<\/a><\/div><\/div><script>!(function(t,n,e){var r,o;t.getElementById(e)||(r=t.getElementsByTagName(n)[0],(o=t.createElement(n)).id=e,o.src=\"\/\/w.iplsc.com\/widget\/weather-2.0.2.jssc\",r.parentNode.appendChild(o))})(document,\"script\",\"widget-js\")<\/script>\n<\/div>\n<\/div>\n","protected":false},"excerpt":{"rendered":"<p class=\"tx-excerpt\">Edukacja zdrowotna-edukacja \u017cywieniowa Zainspiruj swoje dziecko do jedzenia \u015bniada\u0144 &#8211; przygotowali\u015bmy dla Was e-book ! &#8211; do pobrania \u00a0 Drodzy Rodzice, \u00a0 \u015aniadanie to najwa\u017cniejszy posi\u0142ek dnia \u2013 szczeg\u00f3lnie dla uczni\u00f3w,kt\u00f3rzy potrzebuj\u0105 energii<div class=\"tx-read-more\"><a href=\"https:\/\/szkola.miedzyborow.pl\/podstawowa\/edukacja-zdrowotna-edukacja-zywieniowa\/\">Czytaj wi\u0119cej<\/a><\/div>","protected":false},"author":2,"featured_media":0,"parent":0,"menu_order":0,"comment_status":"closed","ping_status":"closed","template":"","meta":[],"_links":{"self":[{"href":"https:\/\/szkola.miedzyborow.pl\/podstawowa\/wp-json\/wp\/v2\/pages\/9103"}],"collection":[{"href":"https:\/\/szkola.miedzyborow.pl\/podstawowa\/wp-json\/wp\/v2\/pages"}],"about":[{"href":"https:\/\/szkola.miedzyborow.pl\/podstawowa\/wp-json\/wp\/v2\/types\/page"}],"author":[{"embeddable":true,"href":"https:\/\/szkola.miedzyborow.pl\/podstawowa\/wp-json\/wp\/v2\/users\/2"}],"replies":[{"embeddable":true,"href":"https:\/\/szkola.miedzyborow.pl\/podstawowa\/wp-json\/wp\/v2\/comments?post=9103"}],"version-history":[{"count":13,"href":"https:\/\/szkola.miedzyborow.pl\/podstawowa\/wp-json\/wp\/v2\/pages\/9103\/revisions"}],"predecessor-version":[{"id":9119,"href":"https:\/\/szkola.miedzyborow.pl\/podstawowa\/wp-json\/wp\/v2\/pages\/9103\/revisions\/9119"}],"wp:attachment":[{"href":"https:\/\/szkola.miedzyborow.pl\/podstawowa\/wp-json\/wp\/v2\/media?parent=9103"}],"curies":[{"name":"wp","href":"https:\/\/api.w.org\/{rel}","templated":true}]}}