{"id":983,"date":"2022-12-23T12:29:31","date_gmt":"2022-12-23T11:29:31","guid":{"rendered":"https:\/\/szkola.miedzyborow.pl\/podstawowa\/?page_id=983"},"modified":"2023-01-20T15:53:25","modified_gmt":"2023-01-20T14:53:25","slug":"wazne-strony","status":"publish","type":"page","link":"https:\/\/szkola.miedzyborow.pl\/podstawowa\/wazne-strony\/","title":{"rendered":"Wa\u017cne strony"},"content":{"rendered":"\n\n\n<p><a href=\"https:\/\/www.jaktorow.pl\/\" data-type=\"URL\" data-id=\"https:\/\/www.jaktorow.pl\/\">Urz\u0105d Gminy w Jaktorowie<\/a><\/p>\n\n\n\n<p><a href=\"https:\/\/www.gov.pl\/web\/edukacja-i-nauka\" data-type=\"URL\" data-id=\"https:\/\/www.gov.pl\/web\/edukacja-i-nauka\" target=\"_blank\" rel=\"noreferrer noopener\">Ministerstwo Edukacji i Nau<\/a><a href=\"https:\/\/www.gov.pl\/web\/edukacja-i-nauka\" data-type=\"URL\" data-id=\"https:\/\/www.gov.pl\/web\/edukacja-i-nauka\">ki<\/a><\/p>\n\n\n\n<p><a href=\"https:\/\/www.kuratorium.waw.pl\/\" data-type=\"URL\" data-id=\"https:\/\/www.kuratorium.waw.pl\/\">Kuratorium O\u015bwiaty w Warszawie<\/a><\/p>\n\n\n\n<p><a href=\"https:\/\/www.oke.waw.pl\/\" data-type=\"URL\" data-id=\"https:\/\/www.oke.waw.pl\/\" target=\"_blank\" rel=\"noreferrer noopener\">Okr\u0119gowa Komisja Egzaminacyjna w Warszawie<\/a><\/p>\n\n\n\n<p><\/p>\n","protected":false},"excerpt":{"rendered":"<p class=\"tx-excerpt\">Urz\u0105d Gminy w Jaktorowie Ministerstwo Edukacji i Nauki Kuratorium O\u015bwiaty w Warszawie Okr\u0119gowa Komisja Egzaminacyjna w Warszawie<\/p><div class=\"tx-read-more\"><a href=\"https:\/\/szkola.miedzyborow.pl\/podstawowa\/wazne-strony\/\">Czytaj wi\u0119cej<\/a><\/div>","protected":false},"author":2,"featured_media":0,"parent":0,"menu_order":12,"comment_status":"closed","ping_status":"closed","template":"","meta":[],"_links":{"self":[{"href":"https:\/\/szkola.miedzyborow.pl\/podstawowa\/wp-json\/wp\/v2\/pages\/983"}],"collection":[{"href":"https:\/\/szkola.miedzyborow.pl\/podstawowa\/wp-json\/wp\/v2\/pages"}],"about":[{"href":"https:\/\/szkola.miedzyborow.pl\/podstawowa\/wp-json\/wp\/v2\/types\/page"}],"author":[{"embeddable":true,"href":"https:\/\/szkola.miedzyborow.pl\/podstawowa\/wp-json\/wp\/v2\/users\/2"}],"replies":[{"embeddable":true,"href":"https:\/\/szkola.miedzyborow.pl\/podstawowa\/wp-json\/wp\/v2\/comments?post=983"}],"version-history":[{"count":6,"href":"https:\/\/szkola.miedzyborow.pl\/podstawowa\/wp-json\/wp\/v2\/pages\/983\/revisions"}],"predecessor-version":[{"id":1380,"href":"https:\/\/szkola.miedzyborow.pl\/podstawowa\/wp-json\/wp\/v2\/pages\/983\/revisions\/1380"}],"wp:attachment":[{"href":"https:\/\/szkola.miedzyborow.pl\/podstawowa\/wp-json\/wp\/v2\/media?parent=983"}],"curies":[{"name":"wp","href":"https:\/\/api.w.org\/{rel}","templated":true}]}}