{"id":1118,"date":"2023-02-15T20:31:41","date_gmt":"2023-02-15T19:31:41","guid":{"rendered":"https:\/\/szkola.miedzyborow.pl\/przedszkole\/?page_id=1118"},"modified":"2026-03-26T15:44:29","modified_gmt":"2026-03-26T14:44:29","slug":"dokumenty-2","status":"publish","type":"page","link":"https:\/\/szkola.miedzyborow.pl\/przedszkole\/dokumenty-2\/","title":{"rendered":"Dokumenty"},"content":{"rendered":"\n<div class=\"is-layout-flex wp-container-3 wp-block-columns\">\n<div class=\"is-layout-flow wp-block-column\" style=\"flex-basis:66.66%\">\n<p><img decoding=\"async\" class=\"alignnone size-full wp-image-750\" src=\"https:\/\/szkola.miedzyborow.pl\/przedszkole\/wp-content\/uploads\/2023\/01\/pn.jpg\" alt=\"\" width=\"73\" height=\"62\" \/><img decoding=\"async\" class=\"size-full wp-image-647 aligncenter\" src=\"https:\/\/szkola.miedzyborow.pl\/przedszkole\/wp-content\/uploads\/2020\/09\/brush-g.png\" alt=\"\" width=\"235\" height=\"28\" \/><\/p>\n<p><span style=\"color: #008000;\"><strong>Pliki nie edytowalne do pobrania<\/strong><\/span><\/p>\n<p><a href=\"https:\/\/szkola.miedzyborow.pl\/przedszkole\/wp-content\/uploads\/2026\/03\/poswiadczenie_woli_przedszkole-26-27.pdf\" target=\"_blank\" rel=\"noopener\">Potwierdzenie woli<\/a><\/p>\n<p><a href=\"https:\/\/szkola.miedzyborow.pl\/przedszkole\/wp-content\/uploads\/2026\/02\/wniosek-o-przyjecie.pdf\" target=\"_blank\" rel=\"noopener\">Wniosek o przyj\u0119cie dziecka do przedszkola na rok szkolny 2026\/2027<\/a><\/p>\n<p><a href=\"https:\/\/szkola.miedzyborow.pl\/przedszkole\/wp-content\/uploads\/2026\/02\/1wielodzietnosc-1.pdf\" target=\"_blank\" rel=\"noopener\">O\u015bwiadczenie o wielodzietno\u015bci rodziny kandydata do przedszkola<\/a><\/p>\n<p><a href=\"https:\/\/szkola.miedzyborow.pl\/przedszkole\/wp-content\/uploads\/2026\/02\/2samotnewych-1.pdf\" target=\"_blank\" rel=\"noopener\">O\u015bwiadczenie o samotnym wychowywaniu dziecka oraz niewychowywaniu \u017cadnego dziecka wsp\u00f3lnie z jego rodzicem<\/a><\/p>\n<p><a href=\"https:\/\/szkola.miedzyborow.pl\/przedszkole\/wp-content\/uploads\/2026\/02\/3obydwojepracuja-1.pdf\" target=\"_blank\" rel=\"noopener\">O\u015bwiadczenie o zatrudnieniu\/nauce lub prowadzeniu gospodarstwa rolnego albo poza rolniczej dzia\u0142alno\u015bci gospodarczej obojga rodzic\u00f3w\/prawnych opiekun\u00f3w lub samotnego rodzica kandydata do przedszkola<\/a><\/p>\n<p><a href=\"https:\/\/szkola.miedzyborow.pl\/przedszkole\/wp-content\/uploads\/2026\/02\/4jedenroszicpracuje-1.pdf\" target=\"_blank\" rel=\"noopener\">O\u015bwiadczenie o zatrudnieniu \/nauce lub prowadzeniu gospodarstwa rolnego albo pozarolniczej dzia\u0142alno\u015bci gospodarczej jednego rodzica\/prawnego opiekuna kandydata do przedszkola<\/a><\/p>\n<p><a href=\"https:\/\/szkola.miedzyborow.pl\/przedszkole\/wp-content\/uploads\/2026\/02\/5rodzenstwo-1.pdf\" target=\"_blank\" rel=\"noopener\">O\u015bwiadczenie o ucz\u0119szczaniu rodze\u0144stwa kandydata do &#8230; w &#8230;<\/a><\/p>\n<p><a href=\"https:\/\/szkola.miedzyborow.pl\/przedszkole\/wp-content\/uploads\/2026\/02\/6zamieszkanie-1.pdf\" target=\"_blank\" rel=\"noopener\">O\u015bwiadczenie o zamieszkaniu rodzic\u00f3w\/prawnych opiekun\u00f3w kandydata do przedszkola<\/a><\/p>\n<p><a href=\"https:\/\/szkola.miedzyborow.pl\/przedszkole\/wp-content\/uploads\/2026\/02\/7_klauzula_informacyjna-2021-1.pdf\" target=\"_blank\" rel=\"noopener\">Klauzula informacyjna<\/a><\/p>\n<p>\u00a0<\/p>\n<p><img decoding=\"async\" class=\"size-full wp-image-647 aligncenter\" src=\"https:\/\/szkola.miedzyborow.pl\/przedszkole\/wp-content\/uploads\/2020\/09\/brush-g.png\" alt=\"\" width=\"235\" height=\"28\" \/><\/p>\n<p><span style=\"color: #008000;\"><strong>Pliki edytowalne do pobrania<\/strong><\/span><\/p>\n<p><a href=\"https:\/\/szkola.miedzyborow.pl\/przedszkole\/wp-content\/uploads\/2026\/03\/poswiadczenie_woli_przedszkole-26-27.pdf\">Potwierdzenie woli<\/a><\/p>\n<p><a href=\"https:\/\/szkola.miedzyborow.pl\/przedszkole\/wp-content\/uploads\/2026\/02\/wniosek_o_przyjecie_dziecka_do_przedszkola_26-27.docx\" target=\"_blank\" rel=\"noopener\">Wniosek o przyj\u0119cie dziecka do przedszkola na rok szkolny 2026\/2027<\/a><\/p>\n<p><a href=\"https:\/\/szkola.miedzyborow.pl\/przedszkole\/wp-content\/uploads\/2026\/02\/Zal.-1-wielodzietnosc.doc\" target=\"_blank\" rel=\"noopener\">O\u015bwiadczenie o wielodzietno\u015bci rodziny kandydata do przedszkola<\/a><\/p>\n<p><a href=\"https:\/\/szkola.miedzyborow.pl\/przedszkole\/wp-content\/uploads\/2026\/02\/zal.-2-samotne-wych..doc\" target=\"_blank\" rel=\"noopener\">O\u015bwiadczenie o samotnym wychowywaniu dziecka oraz niewychowywaniu \u017cadnego dziecka wsp\u00f3lnie z jego rodzicem<\/a><\/p>\n<p><a href=\"https:\/\/szkola.miedzyborow.pl\/przedszkole\/wp-content\/uploads\/2026\/02\/zal.-3-obydwoje-pracuje.doc\" target=\"_blank\" rel=\"noopener\">O\u015bwiadczenie o zatrudnieniu\/nauce lub prowadzeniu gospodarstwa rolnego albo poza rolniczej dzia\u0142alno\u015bci gospodarczej obojga rodzic\u00f3w\/prawnych opiekun\u00f3w lub samotnego rodzica kandydata do przedszkola<\/a><\/p>\n<p><a href=\"https:\/\/szkola.miedzyborow.pl\/przedszkole\/wp-content\/uploads\/2026\/02\/zal.-4-jeden-rodzic-pracuje.doc\" target=\"_blank\" rel=\"noopener\">O\u015bwiadczenie o zatrudnieniu \/nauce lub prowadzeniu gospodarstwa rolnego albo pozarolniczej dzia\u0142alno\u015bci gospodarczej jednego rodzica\/prawnego opiekuna kandydata do przedszkola<\/a><\/p>\n<p><a href=\"https:\/\/szkola.miedzyborow.pl\/przedszkole\/wp-content\/uploads\/2026\/02\/zal.-5-rodzenstwo.doc\" target=\"_blank\" rel=\"noopener\">O\u015bwiadczenie o ucz\u0119szczaniu rodze\u0144stwa kandydata do &#8230; w ..<\/a><\/p>\n<p><a href=\"https:\/\/szkola.miedzyborow.pl\/przedszkole\/wp-content\/uploads\/2026\/02\/zal.-6-zamieszkanie.doc\" target=\"_blank\" rel=\"noopener\">O\u015bwiadczenie o zamieszkaniu rodzic\u00f3w\/prawnych opiekun\u00f3w kandydata do przedszkola<\/a><\/p>\n<p><a href=\"https:\/\/szkola.miedzyborow.pl\/przedszkole\/wp-content\/uploads\/2026\/02\/7_klauzula_informacyjna-2021-1.pdf\" target=\"_blank\" rel=\"noopener\">Klauzula informacyjna<\/a><\/p>\n<p><img decoding=\"async\" class=\"size-full wp-image-647 aligncenter\" src=\"https:\/\/szkola.miedzyborow.pl\/przedszkole\/wp-content\/uploads\/2020\/09\/brush-g.png\" alt=\"\" width=\"235\" height=\"28\" \/><\/p>\n<\/div>\n\n\n\n<div class=\"is-layout-flow wp-block-column\" style=\"flex-basis:33.33%\">\n<p style=\"text-align: center;\"><span style=\"color: #800080;\"><em>Termin z\u0142o\u017cenia wniosku <\/em><\/span><\/p>\n<p style=\"text-align: center;\"><span style=\"color: #800080;\"><em>w post\u0119powaniu rekrutacyjnym<strong><br><\/strong><\/em><\/span><\/p>\n<p><\/p>\n\n\n\n<script type=\"text\/javascript\" src=\"\/\/www.deszczowce.pl\/skrypty\/odliczanie\/odliczanie.php?size=22&amp;text=Termin+w+post%C4%99powaniu+rekrutacyjnym&amp;y=2025&amp;transparent=1&amp;m=2&amp;d=10&amp;min=0&amp;h=15&amp;s=0&amp;theme=zielony&amp;note=0&amp;mode=1\"><\/script>\n\n\n\n<hr class=\"wp-block-separator has-alpha-channel-opacity\"\/>\n\n\n\n<div id=\"inpl-weather-main\" class=\"inpl-weather-main\" data-langid=\"1\" data-unitid=\"E\" data-ict=\"2\" data-cid=\"21076\" data-clbg=\"ffffff\" data-cltxt=\"111010\" data-cllink=\"860707\" data-txtdesc=\"1\" data-ftemp=\"1\" data-crps=\"1\" data-crwind=\"1\" data-fr=\"1\" data-wdh=\"300\" data-hif=\"400\" data-d=\"\/\/widgets.interia.pl\" style=\"position:relative; width: 300px; color: #860707; background-color:#ffffff\"><div id=\"inpl-weather-links\" style=\"display:flex;flex-flow:row wrap;justify-content:space-around;padding:0 8px 8px;text-align:center\"><a id=\"wlHbh\" style=\"color:inherit;font-size:13px;text-decoration:none;margin:4px;\" href=\"https:\/\/pogoda.interia.pl\/prognoza-szczegolowa-the-city-name,cId,21076\">Godzina po godzinie<\/a><a id=\"wlfr\" style=\"color:inherit;font-size:13px;text-decoration:none;margin:4px;\" href=\"https:\/\/pogoda.interia.pl\/prognoza-dlugoterminowa-the-city-name,cId,21076\">Na 45 dni<\/a><\/div><\/div><script>!(function(t,n,e){var r,o;t.getElementById(e)||(r=t.getElementsByTagName(n)[0],(o=t.createElement(n)).id=e,o.src=\"\/\/w.iplsc.com\/widget\/weather-2.0.2.jssc\",r.parentNode.appendChild(o))})(document,\"script\",\"widget-js\")<\/script>\n\n\n\n<hr class=\"wp-block-separator has-alpha-channel-opacity\"\/>\n\n\n\n<p style=\"text-align: center;\"><em><span style=\"color: #800080;\">Termin z\u0142o\u017cenia <\/span><\/em><em><span style=\"color: #800080;\">wniosku <\/span><\/em><\/p>\n<p style=\"text-align: center;\"><em><span style=\"color: #800080;\">w post\u0119powaniu uzupe\u0142niaj\u0105cym<\/span><\/em><\/p>\n\n\n\n<script type=\"text\/javascript\" src=\"\/\/www.deszczowce.pl\/skrypty\/odliczanie\/odliczanie.php?size=22&amp;text=Termin+w+post%C4%99powaniu+uzupe%C5%82niaj%C4%85cym.&amp;y=2025&amp;transparent=1&amp;m=6&amp;d=17&amp;min=0&amp;h=15&amp;s=0&amp;theme=zielony&amp;note=0&amp;mode=1\"><\/script>\n\n\n\n<hr class=\"wp-block-separator has-alpha-channel-opacity\"\/>\n\n\n\n<p style=\"text-align: center;\">Licznik odwiedzin<\/p>\n\n\n\n<script type=\"text\/javascript\" src=\"\/\/www.licznikodwiedzin.pl\/cnt\/start.php?key=644485437\"><\/script>\n\n\n\n<hr class=\"wp-block-separator has-alpha-channel-opacity\"\/>\n\n\n<\/div>\n<\/div>\n\n\n<p><\/p>\n\n\n<p><\/p>\n\n\n\n<p><\/p>\n","protected":false},"excerpt":{"rendered":"<p class=\"tx-excerpt\">Pliki nie edytowalne do pobrania Potwierdzenie woli Wniosek o przyj\u0119cie dziecka do przedszkola na rok szkolny 2026\/2027 O\u015bwiadczenie o wielodzietno\u015bci rodziny kandydata do przedszkola O\u015bwiadczenie o samotnym wychowywaniu dziecka oraz niewychowywaniu \u017cadnego dziecka<div class=\"tx-read-more\"><a href=\"https:\/\/szkola.miedzyborow.pl\/przedszkole\/dokumenty-2\/\">Czytaj wi\u0119cej...<\/a><\/div>","protected":false},"author":3,"featured_media":0,"parent":0,"menu_order":0,"comment_status":"closed","ping_status":"closed","template":"","meta":[],"_links":{"self":[{"href":"https:\/\/szkola.miedzyborow.pl\/przedszkole\/wp-json\/wp\/v2\/pages\/1118"}],"collection":[{"href":"https:\/\/szkola.miedzyborow.pl\/przedszkole\/wp-json\/wp\/v2\/pages"}],"about":[{"href":"https:\/\/szkola.miedzyborow.pl\/przedszkole\/wp-json\/wp\/v2\/types\/page"}],"author":[{"embeddable":true,"href":"https:\/\/szkola.miedzyborow.pl\/przedszkole\/wp-json\/wp\/v2\/users\/3"}],"replies":[{"embeddable":true,"href":"https:\/\/szkola.miedzyborow.pl\/przedszkole\/wp-json\/wp\/v2\/comments?post=1118"}],"version-history":[{"count":153,"href":"https:\/\/szkola.miedzyborow.pl\/przedszkole\/wp-json\/wp\/v2\/pages\/1118\/revisions"}],"predecessor-version":[{"id":2914,"href":"https:\/\/szkola.miedzyborow.pl\/przedszkole\/wp-json\/wp\/v2\/pages\/1118\/revisions\/2914"}],"wp:attachment":[{"href":"https:\/\/szkola.miedzyborow.pl\/przedszkole\/wp-json\/wp\/v2\/media?parent=1118"}],"curies":[{"name":"wp","href":"https:\/\/api.w.org\/{rel}","templated":true}]}}