{"id":1222,"date":"2023-02-22T11:05:07","date_gmt":"2023-02-22T10:05:07","guid":{"rendered":"https:\/\/szkola.miedzyborow.pl\/przedszkole\/?page_id=1222"},"modified":"2025-03-13T15:47:07","modified_gmt":"2025-03-13T14:47:07","slug":"dyrekcja","status":"publish","type":"page","link":"https:\/\/szkola.miedzyborow.pl\/przedszkole\/dyrekcja\/","title":{"rendered":"Dyrekcja"},"content":{"rendered":"\n<div class=\"is-layout-flex wp-container-3 wp-block-columns\">\n<div class=\"is-layout-flow wp-block-column\" style=\"flex-basis:66.66%\">\n<h3 style=\"text-align: center;\"><span style=\"color: #008000;\">Dyrektor Zespo\u0142u Szk\u00f3\u0142 Publicznych<\/span><\/h3>\n<p style=\"text-align: center;\">mgr Dariusz Grabowski<\/p>\n<h3 style=\"text-align: center;\"><span style=\"color: #008000;\">Wicedyrektor ds. przedszkola<\/span><\/h3>\n<p style=\"text-align: center;\">mgr Ewa Mazur<\/p>\n<\/div>\n\n\n\n<div class=\"is-layout-flow wp-block-column\" style=\"flex-basis:33.33%\">\n<div id=\"inpl-weather-main\" class=\"inpl-weather-main\" data-langid=\"1\" data-unitid=\"E\" data-ict=\"2\" data-cid=\"21076\" data-clbg=\"ffffff\" data-cltxt=\"111010\" data-cllink=\"860707\" data-txtdesc=\"1\" data-ftemp=\"1\" data-crps=\"1\" data-crwind=\"1\" data-fr=\"1\" data-wdh=\"300\" data-hif=\"400\" data-d=\"\/\/widgets.interia.pl\" style=\"position:relative; width: 300px; color: #860707; background-color:#ffffff\"><div id=\"inpl-weather-links\" style=\"display:flex;flex-flow:row wrap;justify-content:space-around;padding:0 8px 8px;text-align:center\"><a id=\"wlHbh\" style=\"color:inherit;font-size:13px;text-decoration:none;margin:4px;\" href=\"https:\/\/pogoda.interia.pl\/prognoza-szczegolowa-the-city-name,cId,21076\">Godzina po godzinie<\/a><a id=\"wlfr\" style=\"color:inherit;font-size:13px;text-decoration:none;margin:4px;\" href=\"https:\/\/pogoda.interia.pl\/prognoza-dlugoterminowa-the-city-name,cId,21076\">Na 45 dni<\/a><\/div><\/div><script>!(function(t,n,e){var r,o;t.getElementById(e)||(r=t.getElementsByTagName(n)[0],(o=t.createElement(n)).id=e,o.src=\"\/\/w.iplsc.com\/widget\/weather-2.0.2.jssc\",r.parentNode.appendChild(o))})(document,\"script\",\"widget-js\")<\/script>\n<\/div>\n<\/div>\n","protected":false},"excerpt":{"rendered":"<p class=\"tx-excerpt\">Dyrektor Zespo\u0142u Szk\u00f3\u0142 Publicznych mgr Dariusz Grabowski Wicedyrektor ds. przedszkola mgr Ewa Mazur Godzina po godzinieNa 45 dni<\/p><div class=\"tx-read-more\"><a href=\"https:\/\/szkola.miedzyborow.pl\/przedszkole\/dyrekcja\/\">Czytaj wi\u0119cej...<\/a><\/div>","protected":false},"author":3,"featured_media":0,"parent":0,"menu_order":0,"comment_status":"closed","ping_status":"closed","template":"","meta":[],"_links":{"self":[{"href":"https:\/\/szkola.miedzyborow.pl\/przedszkole\/wp-json\/wp\/v2\/pages\/1222"}],"collection":[{"href":"https:\/\/szkola.miedzyborow.pl\/przedszkole\/wp-json\/wp\/v2\/pages"}],"about":[{"href":"https:\/\/szkola.miedzyborow.pl\/przedszkole\/wp-json\/wp\/v2\/types\/page"}],"author":[{"embeddable":true,"href":"https:\/\/szkola.miedzyborow.pl\/przedszkole\/wp-json\/wp\/v2\/users\/3"}],"replies":[{"embeddable":true,"href":"https:\/\/szkola.miedzyborow.pl\/przedszkole\/wp-json\/wp\/v2\/comments?post=1222"}],"version-history":[{"count":3,"href":"https:\/\/szkola.miedzyborow.pl\/przedszkole\/wp-json\/wp\/v2\/pages\/1222\/revisions"}],"predecessor-version":[{"id":1588,"href":"https:\/\/szkola.miedzyborow.pl\/przedszkole\/wp-json\/wp\/v2\/pages\/1222\/revisions\/1588"}],"wp:attachment":[{"href":"https:\/\/szkola.miedzyborow.pl\/przedszkole\/wp-json\/wp\/v2\/media?parent=1222"}],"curies":[{"name":"wp","href":"https:\/\/api.w.org\/{rel}","templated":true}]}}