{"id":1226,"date":"2023-02-22T11:05:49","date_gmt":"2023-02-22T10:05:49","guid":{"rendered":"https:\/\/szkola.miedzyborow.pl\/przedszkole\/?page_id=1226"},"modified":"2025-03-13T15:51:43","modified_gmt":"2025-03-13T14:51:43","slug":"pracownicy","status":"publish","type":"page","link":"https:\/\/szkola.miedzyborow.pl\/przedszkole\/pracownicy\/","title":{"rendered":"Pracownicy"},"content":{"rendered":"\n<div class=\"is-layout-flex wp-container-3 wp-block-columns\">\n<div class=\"is-layout-flow wp-block-column\" style=\"flex-basis:66.66%\">\n<h3 style=\"text-align: center;\">Pozostali pracownicy przedszkola<\/h3>\n<h3 style=\"text-align: center;\"><span style=\"color: #008000;\">SEKRETARIAT<\/span><\/h3>\n<p style=\"text-align: center;\">Agnieszka Domurad<\/p>\n<h3 style=\"text-align: center;\"><span style=\"color: #008000;\">INTENDENT<\/span><\/h3>\n<p style=\"text-align: center;\">Anna Bus<\/p>\n<h3 style=\"text-align: center;\"><span style=\"color: #008000;\">KUCHNIA<\/span><\/h3>\n<p style=\"text-align: center;\">Edyta Grygiel<\/p>\n<p style=\"text-align: center;\">Dorota Kwa\u015bniewska<\/p>\n<p style=\"text-align: center;\">Elwira P\u00f3lkowska<\/p>\n<h3 style=\"text-align: center;\"><span style=\"color: #008000;\">POMOC WYCHOWAWCZA NAUCZYCIELA<\/span><\/h3>\n<p style=\"text-align: center;\">Dorota Puszcz<\/p>\n<p style=\"text-align: center;\">Katarzyna Skrzypek<\/p>\n<p style=\"text-align: center;\">Katarzyna W\u0119cowska<\/p>\n<h3 style=\"text-align: center;\"><span style=\"color: #008000;\">PRACOWNICY OBS\u0141UGI<\/span><\/h3>\n<p style=\"text-align: center;\">Dorota Frynia<\/p>\n<p style=\"text-align: center;\">Barbara G\u0142adysz<\/p>\n<p style=\"text-align: center;\">Beata Jurczuk<\/p>\n<p style=\"text-align: center;\">Bogus\u0142awa Kostrzewa<\/p>\n<p style=\"text-align: center;\">Lucyna Osuchowska<\/p>\n<p style=\"text-align: center;\">Anna Krawczyk<\/p>\n<p style=\"text-align: center;\">Anna S\u0142omi\u0144ska<\/p>\n<p style=\"text-align: center;\">Dorota Tomaszewska<\/p>\n<p style=\"text-align: center;\">Mariola Wasiak<\/p>\n<\/div>\n\n\n\n<div class=\"is-layout-flow wp-block-column\" style=\"flex-basis:33.33%\">\n<div id=\"inpl-weather-main\" class=\"inpl-weather-main\" data-langid=\"1\" data-unitid=\"E\" data-ict=\"2\" data-cid=\"21076\" data-clbg=\"ffffff\" data-cltxt=\"111010\" data-cllink=\"860707\" data-txtdesc=\"1\" data-ftemp=\"1\" data-crps=\"1\" data-crwind=\"1\" data-fr=\"1\" data-wdh=\"300\" data-hif=\"400\" data-d=\"\/\/widgets.interia.pl\" style=\"position:relative; width: 300px; color: #860707; background-color:#ffffff\"><div id=\"inpl-weather-links\" style=\"display:flex;flex-flow:row wrap;justify-content:space-around;padding:0 8px 8px;text-align:center\"><a id=\"wlHbh\" style=\"color:inherit;font-size:13px;text-decoration:none;margin:4px;\" href=\"https:\/\/pogoda.interia.pl\/prognoza-szczegolowa-the-city-name,cId,21076\">Godzina po godzinie<\/a><a id=\"wlfr\" style=\"color:inherit;font-size:13px;text-decoration:none;margin:4px;\" href=\"https:\/\/pogoda.interia.pl\/prognoza-dlugoterminowa-the-city-name,cId,21076\">Na 45 dni<\/a><\/div><\/div><script>!(function(t,n,e){var r,o;t.getElementById(e)||(r=t.getElementsByTagName(n)[0],(o=t.createElement(n)).id=e,o.src=\"\/\/w.iplsc.com\/widget\/weather-2.0.2.jssc\",r.parentNode.appendChild(o))})(document,\"script\",\"widget-js\")<\/script>\n<\/div>\n<\/div>\n","protected":false},"excerpt":{"rendered":"<p class=\"tx-excerpt\">Pozostali pracownicy przedszkola SEKRETARIAT Agnieszka Domurad INTENDENT Anna Bus KUCHNIA Edyta Grygiel Dorota Kwa\u015bniewska Elwira P\u00f3lkowska POMOC WYCHOWAWCZA NAUCZYCIELA Dorota Puszcz Katarzyna Skrzypek Katarzyna W\u0119cowska PRACOWNICY OBS\u0141UGI Dorota Frynia Barbara G\u0142adysz Beata Jurczuk<div class=\"tx-read-more\"><a href=\"https:\/\/szkola.miedzyborow.pl\/przedszkole\/pracownicy\/\">Czytaj wi\u0119cej...<\/a><\/div>","protected":false},"author":3,"featured_media":0,"parent":0,"menu_order":0,"comment_status":"closed","ping_status":"closed","template":"","meta":[],"_links":{"self":[{"href":"https:\/\/szkola.miedzyborow.pl\/przedszkole\/wp-json\/wp\/v2\/pages\/1226"}],"collection":[{"href":"https:\/\/szkola.miedzyborow.pl\/przedszkole\/wp-json\/wp\/v2\/pages"}],"about":[{"href":"https:\/\/szkola.miedzyborow.pl\/przedszkole\/wp-json\/wp\/v2\/types\/page"}],"author":[{"embeddable":true,"href":"https:\/\/szkola.miedzyborow.pl\/przedszkole\/wp-json\/wp\/v2\/users\/3"}],"replies":[{"embeddable":true,"href":"https:\/\/szkola.miedzyborow.pl\/przedszkole\/wp-json\/wp\/v2\/comments?post=1226"}],"version-history":[{"count":5,"href":"https:\/\/szkola.miedzyborow.pl\/przedszkole\/wp-json\/wp\/v2\/pages\/1226\/revisions"}],"predecessor-version":[{"id":2385,"href":"https:\/\/szkola.miedzyborow.pl\/przedszkole\/wp-json\/wp\/v2\/pages\/1226\/revisions\/2385"}],"wp:attachment":[{"href":"https:\/\/szkola.miedzyborow.pl\/przedszkole\/wp-json\/wp\/v2\/media?parent=1226"}],"curies":[{"name":"wp","href":"https:\/\/api.w.org\/{rel}","templated":true}]}}