{"id":1228,"date":"2023-02-22T11:07:02","date_gmt":"2023-02-22T10:07:02","guid":{"rendered":"https:\/\/szkola.miedzyborow.pl\/przedszkole\/?page_id=1228"},"modified":"2023-02-22T11:19:17","modified_gmt":"2023-02-22T10:19:17","slug":"wazne-strony","status":"publish","type":"page","link":"https:\/\/szkola.miedzyborow.pl\/przedszkole\/wazne-strony\/","title":{"rendered":"Wa\u017cne strony"},"content":{"rendered":"\n<div class=\"is-layout-flex wp-container-3 wp-block-columns\">\n<div class=\"is-layout-flow wp-block-column\" style=\"flex-basis:66.66%\">\n<ul>\n<li>\n<h1><a href=\"https:\/\/www.jaktorow.pl\/\" target=\"_blank\" rel=\"noopener\"><span style=\"color: #008000;\">Gmina Jaktor\u00f3w<\/span><\/a><\/h1>\n<\/li>\n<li>\n<h1><a href=\"https:\/\/www.gov.pl\/web\/edukacja-i-nauka\" target=\"_blank\" rel=\"noopener\"><span style=\"color: #008000;\">MEN<\/span><\/a><\/h1>\n<\/li>\n<li>\n<h1><a href=\"https:\/\/www.kuratorium.waw.pl\/\" target=\"_blank\" rel=\"noopener\"><span style=\"color: #008000;\">Kuratorium O\u015bwiaty<\/span><\/a><\/h1>\n<\/li>\n<li>\n<h1><a href=\"https:\/\/www.oke.waw.pl\/\" target=\"_blank\" rel=\"noopener\"><span style=\"color: #008000;\">Okr\u0119gowa komisja egzaminacyjna w Warszawie<\/span><\/a><\/h1>\n<\/li>\n<li>\n<h1><a href=\"https:\/\/zpe.gov.pl\/scholaris\"><span style=\"color: #008000;\">Scholaris<\/span><\/a><\/h1>\n<\/li>\n<\/ul>\n<\/div>\n\n\n\n<div class=\"is-layout-flow wp-block-column\" style=\"flex-basis:33.33%\"><div class=\"wp-block-calendar\"><table id=\"wp-calendar\" class=\"wp-calendar-table\">\n\t<caption>kwiecie\u0144 2026<\/caption>\n\t<thead>\n\t<tr>\n\t\t<th scope=\"col\" title=\"poniedzia\u0142ek\">P<\/th>\n\t\t<th scope=\"col\" title=\"wtorek\">W<\/th>\n\t\t<th scope=\"col\" title=\"\u015broda\">\u015a<\/th>\n\t\t<th scope=\"col\" title=\"czwartek\">C<\/th>\n\t\t<th scope=\"col\" title=\"pi\u0105tek\">P<\/th>\n\t\t<th scope=\"col\" title=\"sobota\">S<\/th>\n\t\t<th scope=\"col\" title=\"niedziela\">N<\/th>\n\t<\/tr>\n\t<\/thead>\n\t<tbody>\n\t<tr>\n\t\t<td colspan=\"2\" class=\"pad\">&nbsp;<\/td><td>1<\/td><td>2<\/td><td>3<\/td><td>4<\/td><td>5<\/td>\n\t<\/tr>\n\t<tr>\n\t\t<td>6<\/td><td>7<\/td><td>8<\/td><td>9<\/td><td>10<\/td><td>11<\/td><td>12<\/td>\n\t<\/tr>\n\t<tr>\n\t\t<td>13<\/td><td>14<\/td><td>15<\/td><td>16<\/td><td>17<\/td><td id=\"today\">18<\/td><td>19<\/td>\n\t<\/tr>\n\t<tr>\n\t\t<td>20<\/td><td>21<\/td><td>22<\/td><td>23<\/td><td>24<\/td><td>25<\/td><td>26<\/td>\n\t<\/tr>\n\t<tr>\n\t\t<td>27<\/td><td>28<\/td><td>29<\/td><td>30<\/td>\n\t\t<td class=\"pad\" colspan=\"3\">&nbsp;<\/td>\n\t<\/tr>\n\t<\/tbody>\n\t<\/table><nav aria-label=\"Poprzednie i nast\u0119pne miesi\u0105ce\" class=\"wp-calendar-nav\">\n\t\t<span class=\"wp-calendar-nav-prev\"><a href=\"https:\/\/szkola.miedzyborow.pl\/przedszkole\/2026\/03\/\">&laquo; mar<\/a><\/span>\n\t\t<span class=\"pad\">&nbsp;<\/span>\n\t\t<span class=\"wp-calendar-nav-next\">&nbsp;<\/span>\n\t<\/nav><\/div><\/div>\n<\/div>\n","protected":false},"excerpt":{"rendered":"<p class=\"tx-excerpt\">Gmina Jaktor\u00f3w MEN Kuratorium O\u015bwiaty Okr\u0119gowa komisja egzaminacyjna w Warszawie Scholaris<\/p><div class=\"tx-read-more\"><a href=\"https:\/\/szkola.miedzyborow.pl\/przedszkole\/wazne-strony\/\">Czytaj wi\u0119cej...<\/a><\/div>","protected":false},"author":3,"featured_media":0,"parent":0,"menu_order":0,"comment_status":"closed","ping_status":"closed","template":"","meta":[],"_links":{"self":[{"href":"https:\/\/szkola.miedzyborow.pl\/przedszkole\/wp-json\/wp\/v2\/pages\/1228"}],"collection":[{"href":"https:\/\/szkola.miedzyborow.pl\/przedszkole\/wp-json\/wp\/v2\/pages"}],"about":[{"href":"https:\/\/szkola.miedzyborow.pl\/przedszkole\/wp-json\/wp\/v2\/types\/page"}],"author":[{"embeddable":true,"href":"https:\/\/szkola.miedzyborow.pl\/przedszkole\/wp-json\/wp\/v2\/users\/3"}],"replies":[{"embeddable":true,"href":"https:\/\/szkola.miedzyborow.pl\/przedszkole\/wp-json\/wp\/v2\/comments?post=1228"}],"version-history":[{"count":6,"href":"https:\/\/szkola.miedzyborow.pl\/przedszkole\/wp-json\/wp\/v2\/pages\/1228\/revisions"}],"predecessor-version":[{"id":1241,"href":"https:\/\/szkola.miedzyborow.pl\/przedszkole\/wp-json\/wp\/v2\/pages\/1228\/revisions\/1241"}],"wp:attachment":[{"href":"https:\/\/szkola.miedzyborow.pl\/przedszkole\/wp-json\/wp\/v2\/media?parent=1228"}],"curies":[{"name":"wp","href":"https:\/\/api.w.org\/{rel}","templated":true}]}}