{"id":1232,"date":"2023-02-22T11:08:11","date_gmt":"2023-02-22T10:08:11","guid":{"rendered":"https:\/\/szkola.miedzyborow.pl\/przedszkole\/?page_id=1232"},"modified":"2023-02-22T11:09:57","modified_gmt":"2023-02-22T10:09:57","slug":"polityka-prywatnosci-2","status":"publish","type":"page","link":"https:\/\/szkola.miedzyborow.pl\/przedszkole\/polityka-prywatnosci-2\/","title":{"rendered":"Polityka prywatno\u015bci"},"content":{"rendered":"\n<div class=\"is-layout-flex wp-container-3 wp-block-columns\">\n<div class=\"is-layout-flow wp-block-column\" style=\"flex-basis:66.66%\">\n<table class=\"szkielet\" border=\"0\" width=\"100%\" cellspacing=\"0\" cellpadding=\"0\">\n<tbody>\n<tr>\n<td width=\"100%\">\n<h1>Polityka prywatno\u015bci<\/h1>\n<\/td>\n<\/tr>\n<tr>\n<td width=\"100%\">\n<p>\u00a0<\/p>\n<ul class=\"polityka_prywatnosci\">\n<li>Strona www korzysta z plik\u00f3w <b>cookies<\/b>.<\/li>\n<li><b>Cookies<\/b> to pliki tekstowe, kt\u00f3re s\u0105 zapisywane na dysku urz\u0105dzenia ko\u0144cowego u\u017cytkownika, u\u017cywane przez serwer do rozpoznania urz\u0105dzenia u\u017cytkownika przy ponownym po\u0142\u0105czeniu. <b>Cookies<\/b> s\u0105 pobierane przy ka\u017cdym <i>wej\u015bciu<\/i> i <i>wyj\u015bciu<\/i> z serwisu. <b>Cookies<\/b> nie s\u0142u\u017c\u0105 do ustalania to\u017csamo\u015bci u\u017cytkownik\u00f3w a jedynie ich urz\u0105dze\u0144.<\/li>\n<li>Pliki <b>cookies<\/b> u\u017cywane s\u0105 w celu dostosowania zawarto\u015bci stron internetowych do preferencji u\u017cytkownika oraz optymalizacji korzystania ze stron internetowych. U\u017cywane s\u0105 r\u00f3wnie\u017c w celu tworzenia anonimowych, zagregowanych statystyk, kt\u00f3re pomagaj\u0105 zrozumie\u0107 w jaki spos\u00f3b u\u017cytkownik korzysta ze stron internetowych co umo\u017cliwia ulepszanie ich struktury i zawarto\u015bci, z wy\u0142\u0105czeniem personalnej identyfikacji u\u017cytkownika.<\/li>\n<li>Standardowo oprogramowanie s\u0142u\u017c\u0105ce do przegl\u0105dania stron internetowych domy\u015blnie dopuszcza umieszczanie plik\u00f3w <b>cookies<\/b> na urz\u0105dzeniu ko\u0144cowym. Ustawienia te mog\u0105 zosta\u0107 zmienione w taki spos\u00f3b, aby blokowa\u0107 automatyczn\u0105 obs\u0142ug\u0119 plik\u00f3w <b>cookies<\/b> w ustawieniach przegl\u0105darki internetowej b\u0105d\u017a informowa\u0107 o ich ka\u017cdorazowym przes\u0142aniu na urz\u0105dzenie u\u017cytkownika. Szczeg\u00f3\u0142owe informacje o mo\u017cliwo\u015bci i sposobach obs\u0142ugi plik\u00f3w <b>cookies<\/b> dost\u0119pne s\u0105 w ustawieniach oprogramowania (przegl\u0105darki internetowej). Ograniczenie stosowania plik\u00f3w <b>cookies<\/b>, mo\u017ce wp\u0142yn\u0105\u0107 na niekt\u00f3re funkcjonalno\u015bci dost\u0119pne na stronie internetowej.<\/li>\n<li>Usuni\u0119cie plik\u00f3w <b>cookies<\/b> mo\u017ce doprowadzi\u0107 do utraty mo\u017cliwo\u015bci korzystania z niekt\u00f3rych funkcjonalno\u015bci strony www.<\/li>\n<\/ul>\n<\/td>\n<\/tr>\n<\/tbody>\n<\/table>\n<\/div>\n\n\n\n<div class=\"is-layout-flow wp-block-column\" style=\"flex-basis:33.33%\"><div class=\"wp-block-calendar\"><table id=\"wp-calendar\" class=\"wp-calendar-table\">\n\t<caption>kwiecie\u0144 2026<\/caption>\n\t<thead>\n\t<tr>\n\t\t<th scope=\"col\" title=\"poniedzia\u0142ek\">P<\/th>\n\t\t<th scope=\"col\" title=\"wtorek\">W<\/th>\n\t\t<th scope=\"col\" title=\"\u015broda\">\u015a<\/th>\n\t\t<th scope=\"col\" title=\"czwartek\">C<\/th>\n\t\t<th scope=\"col\" title=\"pi\u0105tek\">P<\/th>\n\t\t<th scope=\"col\" title=\"sobota\">S<\/th>\n\t\t<th scope=\"col\" title=\"niedziela\">N<\/th>\n\t<\/tr>\n\t<\/thead>\n\t<tbody>\n\t<tr>\n\t\t<td colspan=\"2\" class=\"pad\">&nbsp;<\/td><td>1<\/td><td>2<\/td><td>3<\/td><td>4<\/td><td>5<\/td>\n\t<\/tr>\n\t<tr>\n\t\t<td>6<\/td><td>7<\/td><td>8<\/td><td>9<\/td><td>10<\/td><td>11<\/td><td>12<\/td>\n\t<\/tr>\n\t<tr>\n\t\t<td>13<\/td><td>14<\/td><td>15<\/td><td>16<\/td><td>17<\/td><td id=\"today\">18<\/td><td>19<\/td>\n\t<\/tr>\n\t<tr>\n\t\t<td>20<\/td><td>21<\/td><td>22<\/td><td>23<\/td><td>24<\/td><td>25<\/td><td>26<\/td>\n\t<\/tr>\n\t<tr>\n\t\t<td>27<\/td><td>28<\/td><td>29<\/td><td>30<\/td>\n\t\t<td class=\"pad\" colspan=\"3\">&nbsp;<\/td>\n\t<\/tr>\n\t<\/tbody>\n\t<\/table><nav aria-label=\"Poprzednie i nast\u0119pne miesi\u0105ce\" class=\"wp-calendar-nav\">\n\t\t<span class=\"wp-calendar-nav-prev\"><a href=\"https:\/\/szkola.miedzyborow.pl\/przedszkole\/2026\/03\/\">&laquo; mar<\/a><\/span>\n\t\t<span class=\"pad\">&nbsp;<\/span>\n\t\t<span class=\"wp-calendar-nav-next\">&nbsp;<\/span>\n\t<\/nav><\/div><\/div>\n<\/div>\n","protected":false},"excerpt":{"rendered":"<p class=\"tx-excerpt\">Polityka prywatno\u015bci \u00a0 Strona www korzysta z plik\u00f3w cookies. Cookies to pliki tekstowe, kt\u00f3re s\u0105 zapisywane na dysku urz\u0105dzenia ko\u0144cowego u\u017cytkownika, u\u017cywane przez serwer do rozpoznania urz\u0105dzenia u\u017cytkownika przy ponownym po\u0142\u0105czeniu. Cookies s\u0105<div class=\"tx-read-more\"><a href=\"https:\/\/szkola.miedzyborow.pl\/przedszkole\/polityka-prywatnosci-2\/\">Czytaj wi\u0119cej...<\/a><\/div>","protected":false},"author":3,"featured_media":0,"parent":0,"menu_order":0,"comment_status":"closed","ping_status":"closed","template":"","meta":[],"_links":{"self":[{"href":"https:\/\/szkola.miedzyborow.pl\/przedszkole\/wp-json\/wp\/v2\/pages\/1232"}],"collection":[{"href":"https:\/\/szkola.miedzyborow.pl\/przedszkole\/wp-json\/wp\/v2\/pages"}],"about":[{"href":"https:\/\/szkola.miedzyborow.pl\/przedszkole\/wp-json\/wp\/v2\/types\/page"}],"author":[{"embeddable":true,"href":"https:\/\/szkola.miedzyborow.pl\/przedszkole\/wp-json\/wp\/v2\/users\/3"}],"replies":[{"embeddable":true,"href":"https:\/\/szkola.miedzyborow.pl\/przedszkole\/wp-json\/wp\/v2\/comments?post=1232"}],"version-history":[{"count":2,"href":"https:\/\/szkola.miedzyborow.pl\/przedszkole\/wp-json\/wp\/v2\/pages\/1232\/revisions"}],"predecessor-version":[{"id":1235,"href":"https:\/\/szkola.miedzyborow.pl\/przedszkole\/wp-json\/wp\/v2\/pages\/1232\/revisions\/1235"}],"wp:attachment":[{"href":"https:\/\/szkola.miedzyborow.pl\/przedszkole\/wp-json\/wp\/v2\/media?parent=1232"}],"curies":[{"name":"wp","href":"https:\/\/api.w.org\/{rel}","templated":true}]}}