{"id":1871,"date":"2024-02-20T09:15:12","date_gmt":"2024-02-20T08:15:12","guid":{"rendered":"https:\/\/szkola.miedzyborow.pl\/przedszkole\/?page_id=1871"},"modified":"2025-04-16T13:42:06","modified_gmt":"2025-04-16T11:42:06","slug":"rekrutecja","status":"publish","type":"page","link":"https:\/\/szkola.miedzyborow.pl\/przedszkole\/rekrutecja\/","title":{"rendered":"Rekrutacja"},"content":{"rendered":"<p style=\"text-align: center;\"><strong>Rekrutacja do publicznych przedszkoli odbywa si\u0119 na podstawie przepis\u00f3w art.&nbsp; 131 ustawy <\/strong><\/p>\n<p style=\"text-align: center;\"><strong>z dnia 14 grudnia 2016 r. Prawo o\u015bwiatowe.<\/strong><\/p>\n<p><\/p>\n<p><strong>Do publicznego przedszkola przyjmuje si\u0119 kandydat\u00f3w zamieszka\u0142ych na obszarze danej gminy.<\/strong><\/p>\n<p>W przypadku wi\u0119kszej liczby kandydat\u00f3w spe\u0142niaj\u0105cych ww. warunek, ni\u017c liczba wolnych miejsc w publicznym przedszkolu, na pierwszym etapie post\u0119powania rekrutacyjnego s\u0105 brane pod uwag\u0119 \u0142\u0105cznie nast\u0119puj\u0105ce kryteria, kt\u00f3re maj\u0105 jednakow\u0105 warto\u015b\u0107:<\/p>\n<p>1) wielodzietno\u015b\u0107 rodziny kandydata;<\/p>\n<p>2) niepe\u0142nosprawno\u015b\u0107 kandydata;<\/p>\n<p>3) niepe\u0142nosprawno\u015b\u0107 jednego z rodzic\u00f3w kandydata;<\/p>\n<p>4) niepe\u0142nosprawno\u015b\u0107 obojga rodzic\u00f3w kandydata;<\/p>\n<p>5) niepe\u0142nosprawno\u015b\u0107 rodze\u0144stwa kandydata;<\/p>\n<p>6) samotne wychowywanie kandydata w rodzinie;<\/p>\n<p>7) obj\u0119cie kandydata piecz\u0105 zast\u0119pcz\u0105.<\/p>\n<p><\/p>\n<p>W przypadku r\u00f3wnorz\u0119dnych wynik\u00f3w uzyskanych na pierwszym etapie post\u0119powania rekrutacyjnego lub je\u017celi po zako\u0144czeniu tego etapu publiczne przedszkole nadal dysponuje wolnymi miejscami, <strong>na drugim etapie <\/strong>post\u0119powania rekrutacyjnego s\u0105 brane pod uwag\u0119 kryteria okre\u015blone przez organ prowadz\u0105cy, z uwzgl\u0119dnieniem zapewnienia jak najpe\u0142niejszej realizacji potrzeb dziecka i jego rodziny, zw\u0142aszcza potrzeb rodziny, w kt\u00f3rej rodzice albo rodzic samotnie wychowuj\u0105cy kandydata musz\u0105 pogodzi\u0107 obowi\u0105zki zawodowe z obowi\u0105zkami rodzinnymi, oraz lokalnych potrzeb spo\u0142ecznych. Organ prowadz\u0105cy okre\u015bla dokumenty niezb\u0119dne do potwierdzenia tych kryteri\u00f3w.<\/p>\n<p><\/p>\n<p><strong>Kryteria okre\u015blone przez Gmin\u0119 Jaktor\u00f3w i dokumenty niezb\u0119dne do ich potwierdzenia mo\u017cna znale\u017a\u0107 w Uchwale Nr XXXII\/247\/2017 Rady Gminy Jaktor\u00f3w z dnia 27 marca 2017 r. <\/strong>w sprawie okre\u015blenia kryteri\u00f3w obowi\u0105zuj\u0105cych na drugim etapie post\u0119powania rekrutacyjnego do publicznych przedszkoli prowadzonych przez Gmin\u0119 Jaktor\u00f3w, przyznawania tym kryteriom liczby punkt\u00f3w oraz okre\u015blenia dokument\u00f3w niezb\u0119dnych do potwierdzenia spe\u0142niania tych kryteri\u00f3w (Dz. Urz. Woj. Maz. z 2017 r. poz. 3094)<\/p>\n<p>link: <a href=\"https:\/\/edziennik.mazowieckie.pl\/legalact\/2017\/3094\/\">https:\/\/edziennik.mazowieckie.pl\/legalact\/2017\/3094\/<\/a><\/p>\n<p><\/p>\n<p>Kandydaci zamieszkali poza obszarem gminy mog\u0105 by\u0107 przyj\u0119ci do publicznego przedszkola,&nbsp; je\u017celi po przeprowadzeniu post\u0119powania rekrutacyjnego gmina nadal dysponuje wolnymi miejscami w tym przedszkolu. W przypadku wi\u0119kszej liczby kandydat\u00f3w zamieszka\u0142ych poza obszarem gminy przeprowadza si\u0119 post\u0119powanie rekrutacyjne.<\/p>\n<p><\/p>\n<p><strong>Wz\u00f3r wniosku o przyj\u0119cie dziecka do przedszkola<\/strong> okre\u015bla Zarz\u0105dzenie Nr 4\/2019 W\u00f3jta Gminy Jaktor\u00f3w z dnia 29.01.2019 r. w sprawie okre\u015blenia wzoru wniosku o przyj\u0119cie dziecka do publicznego przedszkola prowadzonego przez Gmin\u0119 Jaktor\u00f3w.<\/p>\n<p>link: <a href=\"https:\/\/bip.jaktorow.pl\/pliki\/archiwum\/archiwalny.bip.jaktorow.pl\/BIP_JAK\/INDEX284C.HTM?id=341\">https:\/\/bip.jaktorow.pl\/pliki\/archiwum\/archiwalny.bip.jaktorow.pl\/BIP_JAK\/INDEX284C.HTM?id=341<\/a><\/p>\n<p><\/p>\n\n\n<p><\/p>\n","protected":false},"excerpt":{"rendered":"<p class=\"tx-excerpt\">Rekrutacja do publicznych przedszkoli odbywa si\u0119 na podstawie przepis\u00f3w art.&nbsp; 131 ustawy z dnia 14 grudnia 2016 r. Prawo o\u015bwiatowe. Do publicznego przedszkola przyjmuje si\u0119 kandydat\u00f3w zamieszka\u0142ych na obszarze danej gminy. W przypadku<div class=\"tx-read-more\"><a href=\"https:\/\/szkola.miedzyborow.pl\/przedszkole\/rekrutecja\/\">Czytaj wi\u0119cej...<\/a><\/div>","protected":false},"author":3,"featured_media":0,"parent":0,"menu_order":0,"comment_status":"closed","ping_status":"closed","template":"","meta":[],"_links":{"self":[{"href":"https:\/\/szkola.miedzyborow.pl\/przedszkole\/wp-json\/wp\/v2\/pages\/1871"}],"collection":[{"href":"https:\/\/szkola.miedzyborow.pl\/przedszkole\/wp-json\/wp\/v2\/pages"}],"about":[{"href":"https:\/\/szkola.miedzyborow.pl\/przedszkole\/wp-json\/wp\/v2\/types\/page"}],"author":[{"embeddable":true,"href":"https:\/\/szkola.miedzyborow.pl\/przedszkole\/wp-json\/wp\/v2\/users\/3"}],"replies":[{"embeddable":true,"href":"https:\/\/szkola.miedzyborow.pl\/przedszkole\/wp-json\/wp\/v2\/comments?post=1871"}],"version-history":[{"count":3,"href":"https:\/\/szkola.miedzyborow.pl\/przedszkole\/wp-json\/wp\/v2\/pages\/1871\/revisions"}],"predecessor-version":[{"id":2550,"href":"https:\/\/szkola.miedzyborow.pl\/przedszkole\/wp-json\/wp\/v2\/pages\/1871\/revisions\/2550"}],"wp:attachment":[{"href":"https:\/\/szkola.miedzyborow.pl\/przedszkole\/wp-json\/wp\/v2\/media?parent=1871"}],"curies":[{"name":"wp","href":"https:\/\/api.w.org\/{rel}","templated":true}]}}