{"id":2136,"date":"2024-09-17T15:26:15","date_gmt":"2024-09-17T13:26:15","guid":{"rendered":"https:\/\/szkola.miedzyborow.pl\/przedszkole\/?page_id=2136"},"modified":"2024-09-17T15:28:49","modified_gmt":"2024-09-17T13:28:49","slug":"ubezpieczenie","status":"publish","type":"page","link":"https:\/\/szkola.miedzyborow.pl\/przedszkole\/ubezpieczenie\/","title":{"rendered":"Ubezpieczenie"},"content":{"rendered":"\n<div class=\"is-layout-flex wp-container-3 wp-block-columns\">\n<div class=\"is-layout-flow wp-block-column\" style=\"flex-basis:66.66%\">\n<h2 style=\"text-align: center;\"><span style=\"color: #008000;\">W zwi\u0105zku z wyborem ubezpieczenia NNW <\/span><\/h2>\n<h2 style=\"text-align: center;\"><span style=\"color: #008000;\">na rok szkolny 2024\/2025<\/span><\/h2>\n<p>\u00a0<\/p>\n<div>\u00a0<\/div>\n<h3 style=\"text-align: center;\">Wybrane warianty ubezpieczenia to:<\/h3>\n<h3 style=\"text-align: center;\">28z\u0142, 35 z\u0142, 45z\u0142, 90z\u0142, 130 z\u0142\u00a0<\/h3>\n<p>\u00a0<\/p>\n<h2 style=\"text-align: center;\"><span style=\"color: #ff0000;\">&#8212;&gt; <a href=\"https:\/\/klient.interrisk.pl\/EduPlusOnline?u=jmr66ackt3\" target=\"_blank\" rel=\"noopener\">ZAKUP UBEZPIECZENIA ONLINE<\/a><\/span><\/h2>\n<div>\u00a0<\/div>\n<div>\u00a0<\/div>\n<div>\u00a0<\/div>\n<div>W przypadku pyta\u0144 pozostajemy do Pa\u0144stwa dyspozycji\u00a0<\/div>\n<div>\u00a0<\/div>\n<div style=\"text-align: center;\"><span style=\"color: #800080;\">Marcin Rosi\u0144ski<\/span> (Protega Insurance)\u00a0<\/div>\n<div>\u00a0<\/div>\n<div style=\"text-align: center;\">tel: <span style=\"color: #800080;\">663056211\u00a0<\/span><\/div>\n<div>\u00a0<\/div>\n<div style=\"text-align: center;\">e-mail: <span style=\"color: #800080;\">biuro.protega@vp.pl<\/span><\/div>\n<\/div>\n\n\n\n<div class=\"is-layout-flow wp-block-column\" style=\"flex-basis:33.33%\">\n<div id=\"inpl-weather-main\" class=\"inpl-weather-main\" data-langid=\"1\" data-unitid=\"E\" data-ict=\"2\" data-cid=\"21076\" data-clbg=\"ffffff\" data-cltxt=\"111010\" data-cllink=\"860707\" data-txtdesc=\"1\" data-ftemp=\"1\" data-crps=\"1\" data-crwind=\"1\" data-fr=\"1\" data-wdh=\"300\" data-hif=\"400\" data-d=\"\/\/widgets.interia.pl\" style=\"position:relative; width: 300px; color: #860707; background-color:#ffffff\"><div id=\"inpl-weather-links\" style=\"display:flex;flex-flow:row wrap;justify-content:space-around;padding:0 8px 8px;text-align:center\"><a id=\"wlHbh\" style=\"color:inherit;font-size:13px;text-decoration:none;margin:4px;\" href=\"https:\/\/pogoda.interia.pl\/prognoza-szczegolowa-the-city-name,cId,21076\">Godzina po godzinie<\/a><a id=\"wlfr\" style=\"color:inherit;font-size:13px;text-decoration:none;margin:4px;\" href=\"https:\/\/pogoda.interia.pl\/prognoza-dlugoterminowa-the-city-name,cId,21076\">Na 45 dni<\/a><\/div><\/div><script>!(function(t,n,e){var r,o;t.getElementById(e)||(r=t.getElementsByTagName(n)[0],(o=t.createElement(n)).id=e,o.src=\"\/\/w.iplsc.com\/widget\/weather-2.0.2.jssc\",r.parentNode.appendChild(o))})(document,\"script\",\"widget-js\")<\/script>\n<\/div>\n<\/div>\n","protected":false},"excerpt":{"rendered":"<p class=\"tx-excerpt\">W zwi\u0105zku z wyborem ubezpieczenia NNW na rok szkolny 2024\/2025 \u00a0 \u00a0 Wybrane warianty ubezpieczenia to: 28z\u0142, 35 z\u0142, 45z\u0142, 90z\u0142, 130 z\u0142\u00a0 \u00a0 &#8212;&gt; ZAKUP UBEZPIECZENIA ONLINE \u00a0 \u00a0 \u00a0 W przypadku<div class=\"tx-read-more\"><a href=\"https:\/\/szkola.miedzyborow.pl\/przedszkole\/ubezpieczenie\/\">Czytaj wi\u0119cej...<\/a><\/div>","protected":false},"author":3,"featured_media":0,"parent":0,"menu_order":0,"comment_status":"closed","ping_status":"closed","template":"","meta":[],"_links":{"self":[{"href":"https:\/\/szkola.miedzyborow.pl\/przedszkole\/wp-json\/wp\/v2\/pages\/2136"}],"collection":[{"href":"https:\/\/szkola.miedzyborow.pl\/przedszkole\/wp-json\/wp\/v2\/pages"}],"about":[{"href":"https:\/\/szkola.miedzyborow.pl\/przedszkole\/wp-json\/wp\/v2\/types\/page"}],"author":[{"embeddable":true,"href":"https:\/\/szkola.miedzyborow.pl\/przedszkole\/wp-json\/wp\/v2\/users\/3"}],"replies":[{"embeddable":true,"href":"https:\/\/szkola.miedzyborow.pl\/przedszkole\/wp-json\/wp\/v2\/comments?post=2136"}],"version-history":[{"count":4,"href":"https:\/\/szkola.miedzyborow.pl\/przedszkole\/wp-json\/wp\/v2\/pages\/2136\/revisions"}],"predecessor-version":[{"id":2140,"href":"https:\/\/szkola.miedzyborow.pl\/przedszkole\/wp-json\/wp\/v2\/pages\/2136\/revisions\/2140"}],"wp:attachment":[{"href":"https:\/\/szkola.miedzyborow.pl\/przedszkole\/wp-json\/wp\/v2\/media?parent=2136"}],"curies":[{"name":"wp","href":"https:\/\/api.w.org\/{rel}","templated":true}]}}