{"id":2583,"date":"2025-05-15T13:32:12","date_gmt":"2025-05-15T11:32:12","guid":{"rendered":"https:\/\/szkola.miedzyborow.pl\/przedszkole\/?page_id=2583"},"modified":"2025-05-20T09:05:33","modified_gmt":"2025-05-20T07:05:33","slug":"dyzur-wakacyjny","status":"publish","type":"page","link":"https:\/\/szkola.miedzyborow.pl\/przedszkole\/dyzur-wakacyjny\/","title":{"rendered":"Dy\u017cur wakacyjny"},"content":{"rendered":"\n<div class=\"is-layout-flex wp-container-3 wp-block-columns\">\n<div class=\"is-layout-flow wp-block-column\" style=\"flex-basis:66.66%\"><a href=\"https:\/\/szkola.miedzyborow.pl\/przedszkole\/wp-content\/uploads\/2025\/05\/Zarzadzenie-nr-42.2025-z-12-05.2025-r.-zasady-organizacji-opieki-w-przedszkolach-w-czasie-tzw.-dyzuru-wakacyjnego-w-2025-r..pdf\" class=\"pdfemb-viewer\" style=\"\" data-width=\"max\" data-height=\"max\" data-toolbar=\"bottom\" data-toolbar-fixed=\"off\">Zarzadzenie-nr-42.2025-z-12-05.2025-r.-zasady-organizacji-opieki-w-przedszkolach-w-czasie-tzw.-dyzuru-wakacyjnego-w-2025-r.<\/a><\/div>\n\n\n\n<div class=\"is-layout-flow wp-block-column\" style=\"flex-basis:33.33%\">\n<h2><span style=\"color: #800080;\">Dokumenty do pobrania:<\/span><\/h2>\n<hr \/>\n<ul>\n<li style=\"text-align: left;\"><a href=\"https:\/\/szkola.miedzyborow.pl\/podstawowa\/wp-content\/uploads\/2025\/05\/Informacja-o-dyzurze-wakacyjnym-w-2025r..pdf\" target=\"_blank\" rel=\"noopener\"><span style=\"color: #008000;\">Informacja o dy\u017curze wakacyjnym 2025<\/span><\/a><\/li>\n<\/ul>\n<ul>\n<li style=\"text-align: left;\"><a href=\"https:\/\/szkola.miedzyborow.pl\/przedszkole\/wp-content\/uploads\/2025\/05\/kzdndw2025_OK.pdf\" target=\"_blank\" rel=\"noopener\"><span style=\"color: #008000;\">Karta zg\u0142oszenia dziecka na dy\u017cur wakacyjny\u00a0<\/span><\/a><\/li>\n<\/ul>\n<p style=\"text-align: center;\"><a href=\"_wp_link_placeholder\"><span style=\"color: #008000;\">2025<\/span><\/a><\/p>\n<ul>\n<li style=\"text-align: left;\"><span style=\"color: #008000;\"><a style=\"color: #008000;\" href=\"https:\/\/szkola.miedzyborow.pl\/przedszkole\/wp-content\/uploads\/2025\/05\/zdrdzndw2025.pdf\" target=\"_blank\" rel=\"noopener\">Zobowi\u0105zania rodzic\u00f3w dziecka zg\u0142oszonego\u00a0<\/a><\/span><\/li>\n<\/ul>\n<p style=\"text-align: center;\"><span style=\"color: #008000;\"><a style=\"color: #008000;\" href=\"https:\/\/szkola.miedzyborow.pl\/przedszkole\/wp-content\/uploads\/2025\/05\/zdrdzndw2025.pdf\" target=\"_blank\" rel=\"noopener\">na dy\u017cur wakacyjny 2025<\/a><\/span><\/p>\n<hr \/>\n\n\n\n<div id=\"inpl-weather-main\" class=\"inpl-weather-main\" data-langid=\"1\" data-unitid=\"E\" data-ict=\"2\" data-cid=\"21076\" data-clbg=\"ffffff\" data-cltxt=\"111010\" data-cllink=\"860707\" data-txtdesc=\"1\" data-ftemp=\"1\" data-crps=\"1\" data-crwind=\"1\" data-fr=\"1\" data-wdh=\"300\" data-hif=\"400\" data-d=\"\/\/widgets.interia.pl\" style=\"position:relative; width: 300px; color: #860707; background-color:#ffffff\"><div id=\"inpl-weather-links\" style=\"display:flex;flex-flow:row wrap;justify-content:space-around;padding:0 8px 8px;text-align:center\"><a id=\"wlHbh\" style=\"color:inherit;font-size:13px;text-decoration:none;margin:4px;\" href=\"https:\/\/pogoda.interia.pl\/prognoza-szczegolowa-the-city-name,cId,21076\">Godzina po godzinie<\/a><a id=\"wlfr\" style=\"color:inherit;font-size:13px;text-decoration:none;margin:4px;\" href=\"https:\/\/pogoda.interia.pl\/prognoza-dlugoterminowa-the-city-name,cId,21076\">Na 45 dni<\/a><\/div><\/div><script>!(function(t,n,e){var r,o;t.getElementById(e)||(r=t.getElementsByTagName(n)[0],(o=t.createElement(n)).id=e,o.src=\"\/\/w.iplsc.com\/widget\/weather-2.0.2.jssc\",r.parentNode.appendChild(o))})(document,\"script\",\"widget-js\")<\/script>\n<\/div>\n<\/div>\n\n\n\n<div class=\"is-layout-flex wp-container-7 wp-block-columns\">\n<div class=\"is-layout-flow wp-block-column\">\n<div class=\"is-layout-flex wp-container-5 wp-block-columns\">\n<div class=\"is-layout-flow wp-block-column\" style=\"flex-basis:33.33%\"><\/div>\n<\/div>\n<\/div>\n<\/div>\n","protected":false},"excerpt":{"rendered":"<p class=\"tx-excerpt\">Dokumenty do pobrania: Informacja o dy\u017curze wakacyjnym 2025 Karta zg\u0142oszenia dziecka na dy\u017cur wakacyjny\u00a0 2025 Zobowi\u0105zania rodzic\u00f3w dziecka zg\u0142oszonego\u00a0 na dy\u017cur wakacyjny 2025 Godzina po godzinieNa 45 dni<\/p><div class=\"tx-read-more\"><a href=\"https:\/\/szkola.miedzyborow.pl\/przedszkole\/dyzur-wakacyjny\/\">Czytaj wi\u0119cej...<\/a><\/div>","protected":false},"author":3,"featured_media":0,"parent":0,"menu_order":0,"comment_status":"closed","ping_status":"closed","template":"","meta":[],"_links":{"self":[{"href":"https:\/\/szkola.miedzyborow.pl\/przedszkole\/wp-json\/wp\/v2\/pages\/2583"}],"collection":[{"href":"https:\/\/szkola.miedzyborow.pl\/przedszkole\/wp-json\/wp\/v2\/pages"}],"about":[{"href":"https:\/\/szkola.miedzyborow.pl\/przedszkole\/wp-json\/wp\/v2\/types\/page"}],"author":[{"embeddable":true,"href":"https:\/\/szkola.miedzyborow.pl\/przedszkole\/wp-json\/wp\/v2\/users\/3"}],"replies":[{"embeddable":true,"href":"https:\/\/szkola.miedzyborow.pl\/przedszkole\/wp-json\/wp\/v2\/comments?post=2583"}],"version-history":[{"count":40,"href":"https:\/\/szkola.miedzyborow.pl\/przedszkole\/wp-json\/wp\/v2\/pages\/2583\/revisions"}],"predecessor-version":[{"id":2633,"href":"https:\/\/szkola.miedzyborow.pl\/przedszkole\/wp-json\/wp\/v2\/pages\/2583\/revisions\/2633"}],"wp:attachment":[{"href":"https:\/\/szkola.miedzyborow.pl\/przedszkole\/wp-json\/wp\/v2\/media?parent=2583"}],"curies":[{"name":"wp","href":"https:\/\/api.w.org\/{rel}","templated":true}]}}